{"id":677,"date":"2023-04-19T08:30:38","date_gmt":"2023-04-19T08:30:38","guid":{"rendered":"https:\/\/twistedfairground.com\/about-us\/"},"modified":"2023-05-03T08:34:58","modified_gmt":"2023-05-03T08:34:58","slug":"sobre-nosaltres","status":"publish","type":"page","link":"https:\/\/twistedfairground.com\/ca\/sobre-nosaltres\/","title":{"rendered":"Sobre Nosaltres"},"content":{"rendered":"<div>\n<p>Twisted Fairground \u00e9s un projecte format per Matt Knight (escultor, pintor, dissenyador, actor) l&#8217;any 2006 i ha estat explorant un di\u00e0leg entre la instal\u00b7laci\u00f3 d&#8217;art, els titelles automatitzats i el teatre f\u00edsic.<\/p>\n<p>Han presentat, instal\u00b7lacions d&#8217;art, espectacles i diferents presentacions teatrals amb diferents actors, i han creat una gran s\u00e8rie de treballs en curs explorant un m\u00f3n dins del recinte firal\/freak-show del 1900.<\/p>\n<\/div>\n<div>\n<p>Amb tres instal\u00b7lacions com a escenari m\u00f2bil, a l&#8217;hivern del 2010, amb el director\/actor Fernando Villella, van crear la primera presentaci\u00f3 de l&#8217;espectacle \u2018The Electric Fairground Organism\u2019. En el qual porten al p\u00fablic a fer un recorregut teatralitzat pel seu recinte tancat. Amb una evoluci\u00f3 d&#8217;aquest espectacle estan treballant a nivell internacional com un equip fix de 3 actors\/equip.<\/p>\n<p>El 2011 Christine Pokorny (actor\/ballar\u00ed) es va convertir en membre resident de l&#8217;equip. Teatralment, el recinte firal Twisted est\u00e0 explorant el teatre d&#8217;objectes\/f\u00edsic, la narraci\u00f3 d&#8217;hist\u00f2ries i els titelles.<\/p>\n<p>El projecte tamb\u00e9 instal\u00b7la les seves instal\u00b7lacions d&#8217;escultura per a escenaris, exposicions i esdeveniments i compta amb exposicions i espectacles m\u00e9s petits. Col\u00b7labora amb altres actors i projectes a nivell internacional.<\/p>\n<p>Maria Azucena (int\u00e8rpret de teatre f\u00edsic, clown, titellaire) es va incorporar a la companyia el 2019, \u00e9s la meitat del duet d&#8217;actors a &#8216;The Mysteries of Ecdysis&#8217; i tots els espectacles m\u00e9s petits de la companyia i una part integral de tota la creaci\u00f3 teatral de Twisted Fairground, i la funci\u00f3 de l&#8217;empresa.<\/p>\n<p>Sebastian Jara (m\u00e0ster d&#8217;electr\u00f2nica i programaci\u00f3) es va incorporar a Twisted Fairground l&#8217;any 2021 i va afegir un altre nivell d&#8217;investigaci\u00f3 digital a les instal\u00b7lacions de l&#8217;empresa amb Matt Knight que treballen junts en el projecte Basuringo en constant evoluci\u00f3 i altres idees ambicioses que barregen creaci\u00f3 art\u00edstica i innovaci\u00f3 digital.<\/p>\n<\/div>\n<p><img decoding=\"async\" src=\"http:\/\/twistedfairground.com\/wp-content\/uploads\/2023\/05\/basuringo-team.png\" alt=\"\"><\/p>\n<h2>Meet the Team<\/h2>\n<h2>Twisted Fairground<\/h2>\n<div>\n<ul>\n<li>Matt Knight: art director, sculptor, performer, puppetry<\/li>\n<li>Mar\u00eda Azucena: performer<\/li>\n<li>Sebasti\u00e1n Jara Bunster: electronic &amp; robotics<\/li>\n<li>Germ\u00e1n de Souza: Booking &amp; Management<\/li>\n<\/ul>\n<\/div>\n<p><!--more--><br \/>\n<!-- {\"type\":\"layout\",\"children\":[{\"type\":\"section\",\"props\":{\"height\":\"section\",\"image\":\"http:\\\/\\\/twistedfairground.com\\\/wp-content\\\/uploads\\\/2023\\\/04\\\/show-background.jpg\",\"image_effect\":\"parallax\",\"image_parallax_bgy\":\",-80 51%\",\"image_parallax_easing\":\"-0.7\",\"image_position\":\"center-center\",\"image_size\":\"cover\",\"overlap\":true,\"style\":\"default\",\"title_breakpoint\":\"xl\",\"title_position\":\"top-left\",\"title_rotation\":\"left\",\"vertical_align\":\"middle\",\"width\":\"default\"},\"children\":[{\"type\":\"row\",\"children\":[{\"type\":\"column\",\"props\":{\"image_position\":\"center-center\",\"media_overlay_gradient\":\"\",\"position_sticky_breakpoint\":\"m\"},\"children\":[]}]}]},{\"type\":\"section\",\"props\":{\"image_position\":\"center-center\",\"overlap\":true,\"style\":\"default\",\"title_breakpoint\":\"xl\",\"title_position\":\"top-left\",\"title_rotation\":\"left\",\"vertical_align\":\"middle\",\"width\":\"default\"},\"children\":[{\"type\":\"row\",\"children\":[{\"type\":\"column\",\"props\":{\"image_position\":\"center-center\",\"media_overlay_gradient\":\"\",\"position_sticky_breakpoint\":\"m\"},\"children\":[{\"type\":\"headline\",\"props\":{\"text_align\":\"center\",\"title_element\":\"h1\",\"title_style\":\"heading-medium\"},\"source\":{\"query\":{\"name\":\"pages.singlePage\"},\"props\":{\"content\":{\"filters\":{\"search\":\"\"},\"name\":\"title\"}}}}]}]}]},{\"type\":\"section\",\"props\":{\"image_position\":\"center-center\",\"style\":\"default\",\"title_breakpoint\":\"xl\",\"title_position\":\"top-left\",\"title_rotation\":\"left\",\"vertical_align\":\"middle\",\"width\":\"default\"},\"children\":[{\"type\":\"row\",\"children\":[{\"type\":\"column\",\"props\":{\"image_position\":\"center-center\",\"media_overlay_gradient\":\"\",\"position_sticky_breakpoint\":\"m\"},\"children\":[{\"type\":\"text\",\"props\":{\"column_breakpoint\":\"m\",\"content\":\"\n\n<p>Twisted Fairground \\u00e9s un projecte format per Matt Knight (escultor, pintor, dissenyador, actor) l'any 2006 i ha estat explorant un di\\u00e0leg entre la instal\\u00b7laci\\u00f3 d'art, els titelles automatitzats i el teatre f\\u00edsic.<\\\/p>\\n\n\n<p>Han presentat, instal\\u00b7lacions d'art, espectacles i diferents presentacions teatrals amb diferents actors, i han creat una gran s\\u00e8rie de treballs en curs explorant un m\\u00f3n dins del recinte firal\\\/freak-show del 1900.<\\\/p>\",\"margin\":\"default\",\"text_align\":\"center\",\"text_style\":\"lead\"}},{\"type\":\"text\",\"props\":{\"column\":\"1-2\",\"column_breakpoint\":\"m\",\"column_divider\":true,\"content\":\"\n\n<p>Amb tres instal\\u00b7lacions com a escenari m\\u00f2bil, a l'hivern del 2010, amb el director\\\/actor Fernando Villella, van crear la primera presentaci\\u00f3 de l'espectacle \\u2018The Electric Fairground Organism\\u2019. En el qual porten al p\\u00fablic a fer un recorregut teatralitzat pel seu recinte tancat. Amb una evoluci\\u00f3 d'aquest espectacle estan treballant a nivell internacional com un equip fix de 3 actors\\\/equip.<\\\/p>\\n\n\n<p>El 2011 Christine Pokorny (actor\\\/ballar\\u00ed) es va convertir en membre resident de l'equip. Teatralment, el recinte firal Twisted est\\u00e0 explorant el teatre d'objectes\\\/f\\u00edsic, la narraci\\u00f3 d'hist\\u00f2ries i els titelles.<\\\/p>\\n\n\n<p>El projecte tamb\\u00e9 instal\\u00b7la les seves instal\\u00b7lacions d'escultura per a escenaris, exposicions i esdeveniments i compta amb exposicions i espectacles m\\u00e9s petits. Col\\u00b7labora amb altres actors i projectes a nivell internacional.<\\\/p>\\n\n\n<p>Maria Azucena (int\\u00e8rpret de teatre f\\u00edsic, clown, titellaire) es va incorporar a la companyia el 2019, \\u00e9s la meitat del duet d'actors a 'The Mysteries of Ecdysis' i tots els espectacles m\\u00e9s petits de la companyia i una part integral de tota la creaci\\u00f3 teatral de Twisted Fairground, i la funci\\u00f3 de l'empresa.<\\\/p>\\n\n\n<p>Sebastian Jara (m\\u00e0ster d'electr\\u00f2nica i programaci\\u00f3) es va incorporar a Twisted Fairground l'any 2021 i va afegir un altre nivell d'investigaci\\u00f3 digital a les instal\\u00b7lacions de l'empresa amb Matt Knight que treballen junts en el projecte Basuringo en constant evoluci\\u00f3 i altres idees ambicioses que barregen creaci\\u00f3 art\\u00edstica i innovaci\\u00f3 digital.<\\\/p>\",\"margin\":\"medium\",\"text_style\":\"large\"}}]}]}]},{\"type\":\"section\",\"props\":{\"image_position\":\"center-center\",\"style\":\"default\",\"title_breakpoint\":\"xl\",\"title_position\":\"top-left\",\"title_rotation\":\"left\",\"vertical_align\":\"middle\",\"width\":\"default\"},\"children\":[{\"type\":\"row\",\"props\":{\"layout\":\"1-2,1-2\"},\"children\":[{\"type\":\"column\",\"props\":{\"image_position\":\"center-center\",\"media_overlay_gradient\":\"\",\"position_sticky_breakpoint\":\"m\",\"width_medium\":\"1-2\"},\"children\":[{\"type\":\"image\",\"props\":{\"image\":\"http:\\\/\\\/twistedfairground.com\\\/wp-content\\\/uploads\\\/2023\\\/05\\\/basuringo-team.png\",\"image_border\":\"circle\",\"image_box_decoration\":\"secondary\",\"image_height\":\"600\",\"image_svg_color\":\"emphasis\",\"image_width\":\"600\",\"margin\":\"default\"}}]},{\"type\":\"column\",\"props\":{\"image_position\":\"center-center\",\"media_overlay_gradient\":\"\",\"position_sticky_breakpoint\":\"m\",\"width_medium\":\"1-2\"},\"children\":[{\"type\":\"headline\",\"props\":{\"content\":\"Meet the Team\",\"title_element\":\"h2\",\"title_style\":\"heading-medium\"}},{\"type\":\"headline\",\"props\":{\"content\":\"Twisted Fairground\",\"title_element\":\"h2\",\"title_style\":\"heading-small\"}},{\"type\":\"text\",\"props\":{\"column_breakpoint\":\"m\",\"content\":\"\n\n<ul>\\n\n\n<li>Matt Knight: art director, sculptor, performer, puppetry<\\\/li>\\n\n\n<li>Mar\\u00eda Azucena: performer<\\\/li>\\n\n\n<li>Sebasti\\u00e1n Jara Bunster: electronic &amp; robotics<\\\/li>\\n\n\n<li>Germ\\u00e1n de Souza: Booking &amp; Management<\\\/li>\\n<\\\/ul>\",\"margin\":\"default\"}}]}]}]}],\"version\":\"3.0.25\"} --><\/p>\n","protected":false},"excerpt":{"rendered":"<p>Twisted Fairground \u00e9s un projecte format per Matt Knight (escultor, pintor, dissenyador, actor) l&#8217;any 2006 i ha estat explorant un di\u00e0leg entre la instal\u00b7laci\u00f3 d&#8217;art, els titelles automatitzats i el teatre f\u00edsic. Han presentat, instal\u00b7lacions d&#8217;art, espectacles i diferents presentacions teatrals amb diferents actors, i han creat una gran s\u00e8rie de treballs en curs explorant [&hellip;]<\/p>\n","protected":false},"author":1,"featured_media":0,"parent":0,"menu_order":0,"comment_status":"closed","ping_status":"closed","template":"","meta":{"_acf_changed":false,"footnotes":""},"class_list":["post-677","page","type-page","status-publish","hentry"],"acf":[],"yoast_head":"<!-- This site is optimized with the Yoast SEO plugin v27.4 - https:\/\/yoast.com\/product\/yoast-seo-wordpress\/ -->\n<title>Sobre Nosaltres - Twisted Fairground<\/title>\n<meta name=\"robots\" content=\"index, follow, max-snippet:-1, max-image-preview:large, max-video-preview:-1\" \/>\n<link rel=\"canonical\" href=\"https:\/\/twistedfairground.com\/ca\/sobre-nosaltres\/\" \/>\n<meta property=\"og:locale\" content=\"ca_ES\" \/>\n<meta property=\"og:type\" content=\"article\" \/>\n<meta property=\"og:title\" content=\"Sobre Nosaltres - Twisted Fairground\" \/>\n<meta property=\"og:description\" content=\"Twisted Fairground \u00e9s un projecte format per Matt Knight (escultor, pintor, dissenyador, actor) l&#8217;any 2006 i ha estat explorant un di\u00e0leg entre la instal\u00b7laci\u00f3 d&#8217;art, els titelles automatitzats i el teatre f\u00edsic. Han presentat, instal\u00b7lacions d&#8217;art, espectacles i diferents presentacions teatrals amb diferents actors, i han creat una gran s\u00e8rie de treballs en curs explorant [&hellip;]\" \/>\n<meta property=\"og:url\" content=\"https:\/\/twistedfairground.com\/ca\/sobre-nosaltres\/\" \/>\n<meta property=\"og:site_name\" content=\"Twisted Fairground\" \/>\n<meta property=\"article:modified_time\" content=\"2023-05-03T08:34:58+00:00\" \/>\n<meta property=\"og:image\" content=\"http:\/\/twistedfairground.com\/wp-content\/uploads\/2023\/05\/basuringo-team.png\" \/>\n<meta name=\"twitter:card\" content=\"summary_large_image\" \/>\n<meta name=\"twitter:label1\" content=\"Temps estimat de lectura\" \/>\n\t<meta name=\"twitter:data1\" content=\"2 minuts\" \/>\n<script type=\"application\/ld+json\" class=\"yoast-schema-graph\">{\"@context\":\"https:\\\/\\\/schema.org\",\"@graph\":[{\"@type\":\"WebPage\",\"@id\":\"https:\\\/\\\/twistedfairground.com\\\/ca\\\/sobre-nosaltres\\\/\",\"url\":\"https:\\\/\\\/twistedfairground.com\\\/ca\\\/sobre-nosaltres\\\/\",\"name\":\"Sobre Nosaltres - Twisted Fairground\",\"isPartOf\":{\"@id\":\"https:\\\/\\\/twistedfairground.com\\\/ca\\\/#website\"},\"primaryImageOfPage\":{\"@id\":\"https:\\\/\\\/twistedfairground.com\\\/ca\\\/sobre-nosaltres\\\/#primaryimage\"},\"image\":{\"@id\":\"https:\\\/\\\/twistedfairground.com\\\/ca\\\/sobre-nosaltres\\\/#primaryimage\"},\"thumbnailUrl\":\"http:\\\/\\\/twistedfairground.com\\\/wp-content\\\/uploads\\\/2023\\\/05\\\/basuringo-team.png\",\"datePublished\":\"2023-04-19T08:30:38+00:00\",\"dateModified\":\"2023-05-03T08:34:58+00:00\",\"breadcrumb\":{\"@id\":\"https:\\\/\\\/twistedfairground.com\\\/ca\\\/sobre-nosaltres\\\/#breadcrumb\"},\"inLanguage\":\"ca\",\"potentialAction\":[{\"@type\":\"ReadAction\",\"target\":[\"https:\\\/\\\/twistedfairground.com\\\/ca\\\/sobre-nosaltres\\\/\"]}]},{\"@type\":\"ImageObject\",\"inLanguage\":\"ca\",\"@id\":\"https:\\\/\\\/twistedfairground.com\\\/ca\\\/sobre-nosaltres\\\/#primaryimage\",\"url\":\"http:\\\/\\\/twistedfairground.com\\\/wp-content\\\/uploads\\\/2023\\\/05\\\/basuringo-team.png\",\"contentUrl\":\"http:\\\/\\\/twistedfairground.com\\\/wp-content\\\/uploads\\\/2023\\\/05\\\/basuringo-team.png\"},{\"@type\":\"BreadcrumbList\",\"@id\":\"https:\\\/\\\/twistedfairground.com\\\/ca\\\/sobre-nosaltres\\\/#breadcrumb\",\"itemListElement\":[{\"@type\":\"ListItem\",\"position\":1,\"name\":\"Home\",\"item\":\"https:\\\/\\\/twistedfairground.com\\\/ca\\\/\"},{\"@type\":\"ListItem\",\"position\":2,\"name\":\"Sobre Nosaltres\"}]},{\"@type\":\"WebSite\",\"@id\":\"https:\\\/\\\/twistedfairground.com\\\/ca\\\/#website\",\"url\":\"https:\\\/\\\/twistedfairground.com\\\/ca\\\/\",\"name\":\"Twisted Fairground\",\"description\":\"Sideshow\",\"potentialAction\":[{\"@type\":\"SearchAction\",\"target\":{\"@type\":\"EntryPoint\",\"urlTemplate\":\"https:\\\/\\\/twistedfairground.com\\\/ca\\\/?s={search_term_string}\"},\"query-input\":{\"@type\":\"PropertyValueSpecification\",\"valueRequired\":true,\"valueName\":\"search_term_string\"}}],\"inLanguage\":\"ca\"}]}<\/script>\n<!-- \/ Yoast SEO plugin. -->","yoast_head_json":{"title":"Sobre Nosaltres - Twisted Fairground","robots":{"index":"index","follow":"follow","max-snippet":"max-snippet:-1","max-image-preview":"max-image-preview:large","max-video-preview":"max-video-preview:-1"},"canonical":"https:\/\/twistedfairground.com\/ca\/sobre-nosaltres\/","og_locale":"ca_ES","og_type":"article","og_title":"Sobre Nosaltres - Twisted Fairground","og_description":"Twisted Fairground \u00e9s un projecte format per Matt Knight (escultor, pintor, dissenyador, actor) l&#8217;any 2006 i ha estat explorant un di\u00e0leg entre la instal\u00b7laci\u00f3 d&#8217;art, els titelles automatitzats i el teatre f\u00edsic. Han presentat, instal\u00b7lacions d&#8217;art, espectacles i diferents presentacions teatrals amb diferents actors, i han creat una gran s\u00e8rie de treballs en curs explorant [&hellip;]","og_url":"https:\/\/twistedfairground.com\/ca\/sobre-nosaltres\/","og_site_name":"Twisted Fairground","article_modified_time":"2023-05-03T08:34:58+00:00","og_image":[{"url":"http:\/\/twistedfairground.com\/wp-content\/uploads\/2023\/05\/basuringo-team.png","type":"","width":"","height":""}],"twitter_card":"summary_large_image","twitter_misc":{"Temps estimat de lectura":"2 minuts"},"schema":{"@context":"https:\/\/schema.org","@graph":[{"@type":"WebPage","@id":"https:\/\/twistedfairground.com\/ca\/sobre-nosaltres\/","url":"https:\/\/twistedfairground.com\/ca\/sobre-nosaltres\/","name":"Sobre Nosaltres - Twisted Fairground","isPartOf":{"@id":"https:\/\/twistedfairground.com\/ca\/#website"},"primaryImageOfPage":{"@id":"https:\/\/twistedfairground.com\/ca\/sobre-nosaltres\/#primaryimage"},"image":{"@id":"https:\/\/twistedfairground.com\/ca\/sobre-nosaltres\/#primaryimage"},"thumbnailUrl":"http:\/\/twistedfairground.com\/wp-content\/uploads\/2023\/05\/basuringo-team.png","datePublished":"2023-04-19T08:30:38+00:00","dateModified":"2023-05-03T08:34:58+00:00","breadcrumb":{"@id":"https:\/\/twistedfairground.com\/ca\/sobre-nosaltres\/#breadcrumb"},"inLanguage":"ca","potentialAction":[{"@type":"ReadAction","target":["https:\/\/twistedfairground.com\/ca\/sobre-nosaltres\/"]}]},{"@type":"ImageObject","inLanguage":"ca","@id":"https:\/\/twistedfairground.com\/ca\/sobre-nosaltres\/#primaryimage","url":"http:\/\/twistedfairground.com\/wp-content\/uploads\/2023\/05\/basuringo-team.png","contentUrl":"http:\/\/twistedfairground.com\/wp-content\/uploads\/2023\/05\/basuringo-team.png"},{"@type":"BreadcrumbList","@id":"https:\/\/twistedfairground.com\/ca\/sobre-nosaltres\/#breadcrumb","itemListElement":[{"@type":"ListItem","position":1,"name":"Home","item":"https:\/\/twistedfairground.com\/ca\/"},{"@type":"ListItem","position":2,"name":"Sobre Nosaltres"}]},{"@type":"WebSite","@id":"https:\/\/twistedfairground.com\/ca\/#website","url":"https:\/\/twistedfairground.com\/ca\/","name":"Twisted Fairground","description":"Sideshow","potentialAction":[{"@type":"SearchAction","target":{"@type":"EntryPoint","urlTemplate":"https:\/\/twistedfairground.com\/ca\/?s={search_term_string}"},"query-input":{"@type":"PropertyValueSpecification","valueRequired":true,"valueName":"search_term_string"}}],"inLanguage":"ca"}]}},"_links":{"self":[{"href":"https:\/\/twistedfairground.com\/ca\/wp-json\/wp\/v2\/pages\/677","targetHints":{"allow":["GET"]}}],"collection":[{"href":"https:\/\/twistedfairground.com\/ca\/wp-json\/wp\/v2\/pages"}],"about":[{"href":"https:\/\/twistedfairground.com\/ca\/wp-json\/wp\/v2\/types\/page"}],"author":[{"embeddable":true,"href":"https:\/\/twistedfairground.com\/ca\/wp-json\/wp\/v2\/users\/1"}],"replies":[{"embeddable":true,"href":"https:\/\/twistedfairground.com\/ca\/wp-json\/wp\/v2\/comments?post=677"}],"version-history":[{"count":2,"href":"https:\/\/twistedfairground.com\/ca\/wp-json\/wp\/v2\/pages\/677\/revisions"}],"predecessor-version":[{"id":798,"href":"https:\/\/twistedfairground.com\/ca\/wp-json\/wp\/v2\/pages\/677\/revisions\/798"}],"wp:attachment":[{"href":"https:\/\/twistedfairground.com\/ca\/wp-json\/wp\/v2\/media?parent=677"}],"curies":[{"name":"wp","href":"https:\/\/api.w.org\/{rel}","templated":true}]}}