{"id":707,"date":"2023-04-19T08:27:38","date_gmt":"2023-04-19T08:27:38","guid":{"rendered":"https:\/\/twistedfairground.com\/installations\/"},"modified":"2023-05-02T21:57:10","modified_gmt":"2023-05-02T21:57:10","slug":"instal-lacions","status":"publish","type":"page","link":"https:\/\/twistedfairground.com\/ca\/instal-lacions\/","title":{"rendered":"Instal\u00b7lacions"},"content":{"rendered":"<h2>i altres projectes art\u00edstics<\/h2>\n<h2>Escenografia i decoraci\u00f3<\/h2>\n<div>\n<p>Escenografia i decoraci\u00f3<\/p>\n<\/div>\n<ul>\n<li>\n<p>        <img decoding=\"async\" src=\"\/wp-content\/uploads\/2023\/04\/other-projects-03.jpg\" alt=\"\"><\/p>\n<\/li>\n<li>\n<p>        <img decoding=\"async\" src=\"http:\/\/twistedfairground.com\/wp-content\/uploads\/2023\/05\/escenografia-festival-01-sq.jpg\" alt=\"\"><\/p>\n<\/li>\n<li>\n<p>        <img decoding=\"async\" src=\"http:\/\/twistedfairground.com\/wp-content\/uploads\/2023\/05\/caracarton-male.jpg\" alt=\"\"><\/p>\n<\/li>\n<\/ul>\n<div>\n<p>Matt Knight \u00e9s un escultor, pintor, dissenyador i fabricant que utilitza una \u00e0mplia gamma de t\u00e8cniques mixtes. Ha tingut molta experi\u00e8ncia treballant amb la forma humana i amb l&#8217;escultura est\u00e0tica i les articulacions cin\u00e8tiques.<\/p>\n<p>Treballa amb confian\u00e7a amb t\u00e8cniques de fabricaci\u00f3 de fibra de vidre, fusta, argila, metall i motlles. Pot treballar sol o formar un equip per treballar en qualsevol tipus de projecte.<\/p>\n<p>Matt \/ Twisted Fairground tamb\u00e9 fa instal\u00b7lacions espec\u00edfiques del lloc i t\u00e9 molta experi\u00e8ncia en treballar amb comissions de qualsevol mida i pressupost.<\/p>\n<\/div>\n<ul>\n<li>\n<p>        <img decoding=\"async\" src=\"\/wp-content\/uploads\/2023\/05\/twisted-fairground-basuringo-07.jpg\" alt=\"\"><\/p>\n<h3>twisted-fairground-basuringo-07<\/h3>\n<\/li>\n<li>\n<p>        <img decoding=\"async\" src=\"\/wp-content\/uploads\/2023\/05\/dangerous-twins-02.jpg\" alt=\"\"><\/p>\n<h3>dangerous-twins-02<\/h3>\n<\/li>\n<li>\n<p>        <img decoding=\"async\" src=\"\/wp-content\/uploads\/2023\/05\/caracarton-male-large.jpg\" alt=\"\"><\/p>\n<h3>caracarton-male-large<\/h3>\n<\/li>\n<li>\n<p>        <img decoding=\"async\" src=\"\/wp-content\/uploads\/2023\/05\/caracarton-male.jpg\" alt=\"\"><\/p>\n<h3>caracarton-male<\/h3>\n<\/li>\n<li>\n<p>        <img decoding=\"async\" src=\"\/wp-content\/uploads\/2023\/05\/caracarton-female-large.jpg\" alt=\"\"><\/p>\n<h3>caracarton-female-large<\/h3>\n<\/li>\n<li>\n<p>        <img decoding=\"async\" src=\"\/wp-content\/uploads\/2023\/05\/caracarton.jpg\" alt=\"\"><\/p>\n<h3>caracarton<\/h3>\n<\/li>\n<li>\n<p>        <img decoding=\"async\" src=\"\/wp-content\/uploads\/2023\/05\/escenario-carton.jpg\" alt=\"\"><\/p>\n<h3>escenario-carton<\/h3>\n<\/li>\n<li>\n<p>        <img decoding=\"async\" src=\"\/wp-content\/uploads\/2023\/05\/escenografia-festival-02-scaled.jpeg\" alt=\"\"><\/p>\n<h3>escenografia-festival-02<\/h3>\n<\/li>\n<li>\n<p>        <img decoding=\"async\" src=\"\/wp-content\/uploads\/2023\/05\/escenografia-festival-03-scaled.jpeg\" alt=\"\"><\/p>\n<h3>escenografia-festival-03<\/h3>\n<\/li>\n<\/ul>\n<p><!--more--><br \/>\n<!-- {\"type\":\"layout\",\"children\":[{\"type\":\"section\",\"props\":{\"height\":\"section\",\"image\":\"wp-content\\\/uploads\\\/2023\\\/04\\\/igantic-puppets.jpg\",\"image_effect\":\"parallax\",\"image_parallax_bgy\":\",-80 51%\",\"image_parallax_easing\":\"-0.7\",\"image_position\":\"center-center\",\"image_size\":\"cover\",\"overlap\":true,\"style\":\"default\",\"title_breakpoint\":\"xl\",\"title_position\":\"top-left\",\"title_rotation\":\"left\",\"vertical_align\":\"middle\",\"width\":\"default\"},\"children\":[{\"type\":\"row\",\"children\":[{\"type\":\"column\",\"props\":{\"image_position\":\"center-center\",\"media_overlay_gradient\":\"\",\"position_sticky_breakpoint\":\"m\"},\"children\":[]}]}]},{\"type\":\"section\",\"props\":{\"image_position\":\"center-center\",\"overlap\":true,\"style\":\"default\",\"title_breakpoint\":\"xl\",\"title_position\":\"top-left\",\"title_rotation\":\"left\",\"vertical_align\":\"middle\",\"width\":\"default\"},\"children\":[{\"type\":\"row\",\"children\":[{\"type\":\"column\",\"props\":{\"image_position\":\"center-center\",\"media_overlay_gradient\":\"\",\"position_sticky_breakpoint\":\"m\"},\"children\":[{\"type\":\"headline\",\"props\":{\"text_align\":\"center\",\"title_element\":\"h1\",\"title_style\":\"heading-medium\"},\"source\":{\"query\":{\"name\":\"pages.singlePage\"},\"props\":{\"content\":{\"filters\":{\"search\":\"\"},\"name\":\"title\"}}}},{\"type\":\"headline\",\"props\":{\"content\":\"i altres projectes art\\u00edstics\",\"margin_remove_top\":true,\"text_align\":\"center\",\"title_element\":\"h2\",\"title_style\":\"h1\"}}]}]}]},{\"type\":\"section\",\"props\":{\"image_position\":\"center-center\",\"overlap\":true,\"style\":\"secondary\",\"title_breakpoint\":\"xl\",\"title_position\":\"top-left\",\"title_rotation\":\"left\",\"vertical_align\":\"middle\",\"width\":\"default\"},\"children\":[{\"type\":\"row\",\"children\":[{\"type\":\"column\",\"props\":{\"image_position\":\"center-center\",\"media_overlay_gradient\":\"\",\"position_sticky_breakpoint\":\"m\"},\"children\":[{\"type\":\"headline\",\"props\":{\"animation\":\"parallax\",\"content\":\"Escenografia i decoraci\\u00f3\",\"parallax_y\":\"0,-15 52%\",\"text_align\":\"center\",\"title_element\":\"h2\",\"title_style\":\"heading-medium\"}},{\"type\":\"divider\",\"props\":{\"divider_element\":\"div\",\"divider_style\":\"icon\"}},{\"type\":\"text\",\"props\":{\"column_breakpoint\":\"m\",\"content\":\"\n\n<p>Escenografia i decoraci\\u00f3<\\\/p>\",\"dropcap\":false,\"margin\":\"default\",\"text_align\":\"center\",\"text_color\":\"emphasis\",\"text_style\":\"large\"}},{\"type\":\"grid\",\"props\":{\"content_column_breakpoint\":\"m\",\"filter_align\":\"left\",\"filter_all\":true,\"filter_grid_breakpoint\":\"m\",\"filter_grid_width\":\"auto\",\"filter_position\":\"top\",\"filter_style\":\"tab\",\"grid_default\":\"1\",\"grid_medium\":\"3\",\"icon_width\":80,\"image_align\":\"top\",\"image_border\":\"circle\",\"image_box_decoration\":\"secondary\",\"image_box_decoration_inverse\":false,\"image_box_shadow\":\"small\",\"image_grid_breakpoint\":\"m\",\"image_grid_width\":\"1-2\",\"image_hover_box_shadow\":\"xlarge\",\"image_link\":true,\"image_svg_color\":\"emphasis\",\"image_transition\":\"scale-down\",\"image_transition_border\":false,\"item_animation\":true,\"link_style\":\"danger\",\"link_text\":\"FOR MADMEN ONLY!\",\"margin\":\"large\",\"meta_align\":\"below-title\",\"meta_element\":\"div\",\"meta_style\":\"text-meta\",\"panel_padding\":\"\",\"show_content\":true,\"show_image\":true,\"show_link\":true,\"show_meta\":true,\"show_title\":true,\"text_align\":\"center\",\"title_align\":\"top\",\"title_element\":\"h3\",\"title_grid_breakpoint\":\"m\",\"title_grid_width\":\"1-2\",\"title_hover_style\":\"reset\"},\"children\":[{\"type\":\"grid_item\",\"props\":{\"image\":\"wp-content\\\/uploads\\\/2023\\\/04\\\/other-projects-03.jpg\"}},{\"type\":\"grid_item\",\"props\":{\"image\":\"http:\\\/\\\/twistedfairground.com\\\/wp-content\\\/uploads\\\/2023\\\/05\\\/escenografia-festival-01-sq.jpg\"}},{\"type\":\"grid_item\",\"props\":{\"image\":\"http:\\\/\\\/twistedfairground.com\\\/wp-content\\\/uploads\\\/2023\\\/05\\\/caracarton-male.jpg\"}}]},{\"type\":\"text\",\"props\":{\"column_breakpoint\":\"m\",\"content\":\"\n\n<p>Matt Knight \\u00e9s un escultor, pintor, dissenyador i fabricant que utilitza una \\u00e0mplia gamma de t\\u00e8cniques mixtes. Ha tingut molta experi\\u00e8ncia treballant amb la forma humana i amb l'escultura est\\u00e0tica i les articulacions cin\\u00e8tiques.<\\\/p>\\n\n\n<p>Treballa amb confian\\u00e7a amb t\\u00e8cniques de fabricaci\\u00f3 de fibra de vidre, fusta, argila, metall i motlles. Pot treballar sol o formar un equip per treballar en qualsevol tipus de projecte.<\\\/p>\\n\n\n<p>Matt \\\/ Twisted Fairground tamb\\u00e9 fa instal\\u00b7lacions espec\\u00edfiques del lloc i t\\u00e9 molta experi\\u00e8ncia en treballar amb comissions de qualsevol mida i pressupost.<\\\/p>\",\"dropcap\":false,\"margin\":\"default\",\"text_align\":\"center\",\"text_color\":\"emphasis\",\"text_style\":\"large\"}},{\"type\":\"divider\",\"props\":{\"divider_element\":\"div\",\"divider_style\":\"icon\"}},{\"type\":\"gallery\",\"props\":{\"filter_align\":\"left\",\"filter_all\":true,\"filter_grid_breakpoint\":\"m\",\"filter_grid_width\":\"auto\",\"filter_position\":\"top\",\"filter_style\":\"tab\",\"grid_default\":\"1\",\"grid_masonry\":true,\"grid_medium\":\"3\",\"grid_parallax\":\"220\",\"item_animation\":true,\"link_style\":\"default\",\"link_text\":\"Read more\",\"margin\":\"default\",\"meta_align\":\"below-title\",\"meta_element\":\"div\",\"meta_style\":\"text-meta\",\"overlay_hover\":true,\"overlay_mode\":\"cover\",\"overlay_position\":\"center\",\"overlay_style\":\"overlay-primary\",\"overlay_transition\":\"fade\",\"show_content\":true,\"show_hover_image\":true,\"show_link\":true,\"show_meta\":true,\"show_title\":false,\"text_align\":\"center\",\"text_color\":\"light\",\"title_element\":\"h3\",\"title_hover_style\":\"reset\"},\"children\":[{\"type\":\"gallery_item\",\"props\":{\"image\":\"wp-content\\\/uploads\\\/2023\\\/05\\\/twisted-fairground-basuringo-07.jpg\",\"title\":\"twisted-fairground-basuringo-07\"}},{\"type\":\"gallery_item\",\"props\":{\"image\":\"wp-content\\\/uploads\\\/2023\\\/05\\\/dangerous-twins-02.jpg\",\"title\":\"dangerous-twins-02\"}},{\"type\":\"gallery_item\",\"props\":{\"image\":\"wp-content\\\/uploads\\\/2023\\\/05\\\/caracarton-male-large.jpg\",\"title\":\"caracarton-male-large\"}},{\"type\":\"gallery_item\",\"props\":{\"image\":\"wp-content\\\/uploads\\\/2023\\\/05\\\/caracarton-male.jpg\",\"title\":\"caracarton-male\"}},{\"type\":\"gallery_item\",\"props\":{\"image\":\"wp-content\\\/uploads\\\/2023\\\/05\\\/caracarton-female-large.jpg\",\"title\":\"caracarton-female-large\"}},{\"type\":\"gallery_item\",\"props\":{\"image\":\"wp-content\\\/uploads\\\/2023\\\/05\\\/caracarton.jpg\",\"title\":\"caracarton\"}},{\"type\":\"gallery_item\",\"props\":{\"image\":\"wp-content\\\/uploads\\\/2023\\\/05\\\/escenario-carton.jpg\",\"title\":\"escenario-carton\"}},{\"type\":\"gallery_item\",\"props\":{\"image\":\"wp-content\\\/uploads\\\/2023\\\/05\\\/escenografia-festival-02-scaled.jpeg\",\"title\":\"escenografia-festival-02\"}},{\"type\":\"gallery_item\",\"props\":{\"image\":\"wp-content\\\/uploads\\\/2023\\\/05\\\/escenografia-festival-03-scaled.jpeg\",\"title\":\"escenografia-festival-03\"}}]}]}]}],\"name\":\"Gigantic Puppets\"}],\"version\":\"3.0.25\"} --><\/p>\n","protected":false},"excerpt":{"rendered":"<p>i altres projectes art\u00edstics Escenografia i decoraci\u00f3 Escenografia i decoraci\u00f3 Matt Knight \u00e9s un escultor, pintor, dissenyador i fabricant que utilitza una \u00e0mplia gamma de t\u00e8cniques mixtes. Ha tingut molta experi\u00e8ncia treballant amb la forma humana i amb l&#8217;escultura est\u00e0tica i les articulacions cin\u00e8tiques. Treballa amb confian\u00e7a amb t\u00e8cniques de fabricaci\u00f3 de fibra de vidre, [&hellip;]<\/p>\n","protected":false},"author":1,"featured_media":0,"parent":0,"menu_order":0,"comment_status":"closed","ping_status":"closed","template":"","meta":{"_acf_changed":false,"footnotes":""},"class_list":["post-707","page","type-page","status-publish","hentry"],"acf":[],"yoast_head":"<!-- This site is optimized with the Yoast SEO plugin v27.0 - https:\/\/yoast.com\/product\/yoast-seo-wordpress\/ -->\n<title>Instal\u00b7lacions - Twisted Fairground<\/title>\n<meta name=\"robots\" content=\"index, follow, max-snippet:-1, max-image-preview:large, max-video-preview:-1\" \/>\n<link rel=\"canonical\" href=\"https:\/\/twistedfairground.com\/ca\/instal-lacions\/\" \/>\n<meta property=\"og:locale\" content=\"ca_ES\" \/>\n<meta property=\"og:type\" content=\"article\" \/>\n<meta property=\"og:title\" content=\"Instal\u00b7lacions - Twisted Fairground\" \/>\n<meta property=\"og:description\" content=\"i altres projectes art\u00edstics Escenografia i decoraci\u00f3 Escenografia i decoraci\u00f3 Matt Knight \u00e9s un escultor, pintor, dissenyador i fabricant que utilitza una \u00e0mplia gamma de t\u00e8cniques mixtes. Ha tingut molta experi\u00e8ncia treballant amb la forma humana i amb l&#8217;escultura est\u00e0tica i les articulacions cin\u00e8tiques. Treballa amb confian\u00e7a amb t\u00e8cniques de fabricaci\u00f3 de fibra de vidre, [&hellip;]\" \/>\n<meta property=\"og:url\" content=\"https:\/\/twistedfairground.com\/ca\/instal-lacions\/\" \/>\n<meta property=\"og:site_name\" content=\"Twisted Fairground\" \/>\n<meta property=\"article:modified_time\" content=\"2023-05-02T21:57:10+00:00\" \/>\n<meta property=\"og:image\" content=\"http:\/\/twistedfairground.com\/wp-content\/uploads\/2023\/05\/escenografia-festival-01-sq.jpg\" \/>\n<meta name=\"twitter:card\" content=\"summary_large_image\" \/>\n<meta name=\"twitter:label1\" content=\"Temps estimat de lectura\" \/>\n\t<meta name=\"twitter:data1\" content=\"1 minut\" \/>\n<script type=\"application\/ld+json\" class=\"yoast-schema-graph\">{\"@context\":\"https:\/\/schema.org\",\"@graph\":[{\"@type\":\"WebPage\",\"@id\":\"https:\/\/twistedfairground.com\/ca\/instal-lacions\/\",\"url\":\"https:\/\/twistedfairground.com\/ca\/instal-lacions\/\",\"name\":\"Instal\u00b7lacions - Twisted Fairground\",\"isPartOf\":{\"@id\":\"https:\/\/twistedfairground.com\/ca\/#website\"},\"primaryImageOfPage\":{\"@id\":\"https:\/\/twistedfairground.com\/ca\/instal-lacions\/#primaryimage\"},\"image\":{\"@id\":\"https:\/\/twistedfairground.com\/ca\/instal-lacions\/#primaryimage\"},\"thumbnailUrl\":\"http:\/\/twistedfairground.com\/wp-content\/uploads\/2023\/05\/escenografia-festival-01-sq.jpg\",\"datePublished\":\"2023-04-19T08:27:38+00:00\",\"dateModified\":\"2023-05-02T21:57:10+00:00\",\"breadcrumb\":{\"@id\":\"https:\/\/twistedfairground.com\/ca\/instal-lacions\/#breadcrumb\"},\"inLanguage\":\"ca\",\"potentialAction\":[{\"@type\":\"ReadAction\",\"target\":[\"https:\/\/twistedfairground.com\/ca\/instal-lacions\/\"]}]},{\"@type\":\"ImageObject\",\"inLanguage\":\"ca\",\"@id\":\"https:\/\/twistedfairground.com\/ca\/instal-lacions\/#primaryimage\",\"url\":\"http:\/\/twistedfairground.com\/wp-content\/uploads\/2023\/05\/escenografia-festival-01-sq.jpg\",\"contentUrl\":\"http:\/\/twistedfairground.com\/wp-content\/uploads\/2023\/05\/escenografia-festival-01-sq.jpg\"},{\"@type\":\"BreadcrumbList\",\"@id\":\"https:\/\/twistedfairground.com\/ca\/instal-lacions\/#breadcrumb\",\"itemListElement\":[{\"@type\":\"ListItem\",\"position\":1,\"name\":\"Home\",\"item\":\"https:\/\/twistedfairground.com\/ca\/\"},{\"@type\":\"ListItem\",\"position\":2,\"name\":\"Instal\u00b7lacions\"}]},{\"@type\":\"WebSite\",\"@id\":\"https:\/\/twistedfairground.com\/ca\/#website\",\"url\":\"https:\/\/twistedfairground.com\/ca\/\",\"name\":\"Twisted Fairground\",\"description\":\"Sideshow\",\"potentialAction\":[{\"@type\":\"SearchAction\",\"target\":{\"@type\":\"EntryPoint\",\"urlTemplate\":\"https:\/\/twistedfairground.com\/ca\/?s={search_term_string}\"},\"query-input\":{\"@type\":\"PropertyValueSpecification\",\"valueRequired\":true,\"valueName\":\"search_term_string\"}}],\"inLanguage\":\"ca\"}]}<\/script>\n<!-- \/ Yoast SEO plugin. -->","yoast_head_json":{"title":"Instal\u00b7lacions - Twisted Fairground","robots":{"index":"index","follow":"follow","max-snippet":"max-snippet:-1","max-image-preview":"max-image-preview:large","max-video-preview":"max-video-preview:-1"},"canonical":"https:\/\/twistedfairground.com\/ca\/instal-lacions\/","og_locale":"ca_ES","og_type":"article","og_title":"Instal\u00b7lacions - Twisted Fairground","og_description":"i altres projectes art\u00edstics Escenografia i decoraci\u00f3 Escenografia i decoraci\u00f3 Matt Knight \u00e9s un escultor, pintor, dissenyador i fabricant que utilitza una \u00e0mplia gamma de t\u00e8cniques mixtes. Ha tingut molta experi\u00e8ncia treballant amb la forma humana i amb l&#8217;escultura est\u00e0tica i les articulacions cin\u00e8tiques. Treballa amb confian\u00e7a amb t\u00e8cniques de fabricaci\u00f3 de fibra de vidre, [&hellip;]","og_url":"https:\/\/twistedfairground.com\/ca\/instal-lacions\/","og_site_name":"Twisted Fairground","article_modified_time":"2023-05-02T21:57:10+00:00","og_image":[{"url":"http:\/\/twistedfairground.com\/wp-content\/uploads\/2023\/05\/escenografia-festival-01-sq.jpg","type":"","width":"","height":""}],"twitter_card":"summary_large_image","twitter_misc":{"Temps estimat de lectura":"1 minut"},"schema":{"@context":"https:\/\/schema.org","@graph":[{"@type":"WebPage","@id":"https:\/\/twistedfairground.com\/ca\/instal-lacions\/","url":"https:\/\/twistedfairground.com\/ca\/instal-lacions\/","name":"Instal\u00b7lacions - Twisted Fairground","isPartOf":{"@id":"https:\/\/twistedfairground.com\/ca\/#website"},"primaryImageOfPage":{"@id":"https:\/\/twistedfairground.com\/ca\/instal-lacions\/#primaryimage"},"image":{"@id":"https:\/\/twistedfairground.com\/ca\/instal-lacions\/#primaryimage"},"thumbnailUrl":"http:\/\/twistedfairground.com\/wp-content\/uploads\/2023\/05\/escenografia-festival-01-sq.jpg","datePublished":"2023-04-19T08:27:38+00:00","dateModified":"2023-05-02T21:57:10+00:00","breadcrumb":{"@id":"https:\/\/twistedfairground.com\/ca\/instal-lacions\/#breadcrumb"},"inLanguage":"ca","potentialAction":[{"@type":"ReadAction","target":["https:\/\/twistedfairground.com\/ca\/instal-lacions\/"]}]},{"@type":"ImageObject","inLanguage":"ca","@id":"https:\/\/twistedfairground.com\/ca\/instal-lacions\/#primaryimage","url":"http:\/\/twistedfairground.com\/wp-content\/uploads\/2023\/05\/escenografia-festival-01-sq.jpg","contentUrl":"http:\/\/twistedfairground.com\/wp-content\/uploads\/2023\/05\/escenografia-festival-01-sq.jpg"},{"@type":"BreadcrumbList","@id":"https:\/\/twistedfairground.com\/ca\/instal-lacions\/#breadcrumb","itemListElement":[{"@type":"ListItem","position":1,"name":"Home","item":"https:\/\/twistedfairground.com\/ca\/"},{"@type":"ListItem","position":2,"name":"Instal\u00b7lacions"}]},{"@type":"WebSite","@id":"https:\/\/twistedfairground.com\/ca\/#website","url":"https:\/\/twistedfairground.com\/ca\/","name":"Twisted Fairground","description":"Sideshow","potentialAction":[{"@type":"SearchAction","target":{"@type":"EntryPoint","urlTemplate":"https:\/\/twistedfairground.com\/ca\/?s={search_term_string}"},"query-input":{"@type":"PropertyValueSpecification","valueRequired":true,"valueName":"search_term_string"}}],"inLanguage":"ca"}]}},"_links":{"self":[{"href":"https:\/\/twistedfairground.com\/ca\/wp-json\/wp\/v2\/pages\/707","targetHints":{"allow":["GET"]}}],"collection":[{"href":"https:\/\/twistedfairground.com\/ca\/wp-json\/wp\/v2\/pages"}],"about":[{"href":"https:\/\/twistedfairground.com\/ca\/wp-json\/wp\/v2\/types\/page"}],"author":[{"embeddable":true,"href":"https:\/\/twistedfairground.com\/ca\/wp-json\/wp\/v2\/users\/1"}],"replies":[{"embeddable":true,"href":"https:\/\/twistedfairground.com\/ca\/wp-json\/wp\/v2\/comments?post=707"}],"version-history":[{"count":2,"href":"https:\/\/twistedfairground.com\/ca\/wp-json\/wp\/v2\/pages\/707\/revisions"}],"predecessor-version":[{"id":785,"href":"https:\/\/twistedfairground.com\/ca\/wp-json\/wp\/v2\/pages\/707\/revisions\/785"}],"wp:attachment":[{"href":"https:\/\/twistedfairground.com\/ca\/wp-json\/wp\/v2\/media?parent=707"}],"curies":[{"name":"wp","href":"https:\/\/api.w.org\/{rel}","templated":true}]}}