{"id":719,"date":"2023-04-19T08:27:05","date_gmt":"2023-04-19T08:27:05","guid":{"rendered":"https:\/\/twistedfairground.com\/espectacles\/basuringo\/"},"modified":"2023-05-03T08:23:12","modified_gmt":"2023-05-03T08:23:12","slug":"basuringo","status":"publish","type":"page","link":"https:\/\/twistedfairground.com\/ca\/espectacles\/basuringo\/","title":{"rendered":"Basuringo"},"content":{"rendered":"<h1>BASURINGO<\/h1>\n<div>\n<p>Twisted Fairground us convida a trobar-vos cara a cara amb Basuringo, una for\u00e7a, amb una veu que porta un coneixement inherent de les profunditats de l&#8217;exist\u00e8ncia humana&#8230; l&#8217;enorme m\u00f3n que anomenem d&#8217;un sol \u00fas!<\/p>\n<p>Un projecte en evoluci\u00f3 que barreja instal\u00b7laci\u00f3 art\u00edstica, titelles rob\u00f2tics i teatre.<\/p>\n<\/div>\n<div>\n<p>\u2026 aquest protagonista \u00e9s un personatge a mida m\u00e9s gran que la natural i un projecte nou i ambici\u00f3s, que funciona amb una pot\u00e8ncia de 12 volts i est\u00e0 controlat per radiocontrol.<\/p>\n<p>Pot despla\u00e7ar-se lliurement d&#8217;un lloc a un altre i est\u00e0 equipat per interactuar en moltes situacions de la vida real, pot participar en m\u00fasica en directe i es comunica en el seu propi llenguatge.<\/p>\n<p>Basuringo est\u00e0 disponible com a rid\u00edcul espectacle espec\u00edfic per a un lloc en moviment amb un actor i un titellaire electro, que est\u00e0 preparat per gaireb\u00e9 qualsevol cosa!.<\/p>\n<p>Aquest projecte es va fer entre Matt Knight (imatge d&#8217;artista i moviment mec\u00e0nic) i Sebastian Jara (disseny i programaci\u00f3 electr\u00f2nica).<\/p>\n<\/div>\n<ul>\n<li>\n<p>        <img decoding=\"async\" src=\"\/wp-content\/uploads\/2023\/05\/twisted-fairground-basuringo-11.jpg\" alt=\"\"><\/p>\n<h3>twisted-fairground-basuringo-11<\/h3>\n<\/li>\n<li>\n<p>        <img decoding=\"async\" src=\"\/wp-content\/uploads\/2023\/05\/twisted-fairground-basuringo-09.jpg\" alt=\"\"><\/p>\n<h3>twisted-fairground-basuringo-09<\/h3>\n<\/li>\n<li>\n<p>        <img decoding=\"async\" src=\"\/wp-content\/uploads\/2023\/05\/twisted-fairground-basuringo-08.jpg\" alt=\"\"><\/p>\n<h3>twisted-fairground-basuringo-08<\/h3>\n<\/li>\n<li>\n<p>        <img decoding=\"async\" src=\"\/wp-content\/uploads\/2023\/05\/twisted-fairground-basuringo-07.jpg\" alt=\"\"><\/p>\n<h3>twisted-fairground-basuringo-07<\/h3>\n<\/li>\n<li>\n<p>        <img decoding=\"async\" src=\"\/wp-content\/uploads\/2023\/05\/twisted-fairground-basuringo-06.jpg\" alt=\"\"><\/p>\n<h3>twisted-fairground-basuringo-06<\/h3>\n<\/li>\n<li>\n<p>        <img decoding=\"async\" src=\"\/wp-content\/uploads\/2023\/05\/twisted-fairground-basuringo-05.jpg\" alt=\"\"><\/p>\n<h3>twisted-fairground-basuringo-05<\/h3>\n<\/li>\n<li>\n<p>        <img decoding=\"async\" src=\"\/wp-content\/uploads\/2023\/05\/twisted-fairground-basuringo-04.jpg\" alt=\"\"><\/p>\n<h3>twisted-fairground-basuringo-04<\/h3>\n<\/li>\n<li>\n<p>        <img decoding=\"async\" src=\"\/wp-content\/uploads\/2023\/05\/twisted-fairground-basuringo-03.jpg\" alt=\"\"><\/p>\n<h3>twisted-fairground-basuringo-03<\/h3>\n<\/li>\n<li>\n<p>        <img decoding=\"async\" src=\"\/wp-content\/uploads\/2023\/05\/twisted-fairground-basuringo-02.jpg\" alt=\"\"><\/p>\n<h3>twisted-fairground-basuringo-02<\/h3>\n<\/li>\n<li>\n<p>        <img decoding=\"async\" src=\"\/wp-content\/uploads\/2023\/05\/twisted-fairground-basuringo-01.jpg\" alt=\"\"><\/p>\n<h3>twisted-fairground-basuringo-01<\/h3>\n<\/li>\n<\/ul>\n<h2>Trobar-vos cara a cara amb Basuringo<\/h2>\n<p>\n    <a href=\"\/ca\/contratacio\/\">Contr\u00e0talo ara<\/a>\n<\/p>\n<p><!--more--><br \/>\n<!-- {\"type\":\"layout\",\"children\":[{\"type\":\"section\",\"props\":{\"height\":\"full\",\"image\":\"http:\\\/\\\/twistedfairground.com\\\/wp-content\\\/uploads\\\/2023\\\/05\\\/basuringo-top2.jpg\",\"image_effect\":\"parallax\",\"image_parallax_bgy\":\"40 0%,-110 71%\",\"image_position\":\"top-center\",\"image_size\":\"cover\",\"style\":\"default\",\"title_breakpoint\":\"xl\",\"title_position\":\"top-left\",\"title_rotation\":\"left\",\"vertical_align\":\"middle\",\"width\":\"default\"},\"children\":[{\"type\":\"row\",\"children\":[{\"type\":\"column\",\"props\":{\"image_position\":\"center-center\",\"media_overlay_gradient\":\"\",\"position_sticky_breakpoint\":\"m\"},\"children\":[]}]}]},{\"type\":\"section\",\"props\":{\"image_position\":\"center-center\",\"overlap\":true,\"style\":\"secondary\",\"title_breakpoint\":\"xl\",\"title_position\":\"top-left\",\"title_rotation\":\"left\",\"vertical_align\":\"middle\",\"width\":\"default\"},\"children\":[{\"type\":\"row\",\"children\":[{\"type\":\"column\",\"props\":{\"image_position\":\"center-center\",\"media_overlay_gradient\":\"\",\"position_sticky_breakpoint\":\"m\"},\"children\":[{\"type\":\"headline\",\"props\":{\"content\":\"BASURINGO\",\"text_align\":\"center\",\"title_element\":\"h1\",\"title_style\":\"heading-medium\"}},{\"type\":\"text\",\"props\":{\"column_breakpoint\":\"m\",\"content\":\"\n\n<p>Twisted Fairground us convida a trobar-vos cara a cara amb Basuringo, una for\\u00e7a, amb una veu que porta un coneixement inherent de les profunditats de l'exist\\u00e8ncia humana... l'enorme m\\u00f3n que anomenem d'un sol \\u00fas!<\\\/p>\\n\n\n<p>Un projecte en evoluci\\u00f3 que barreja instal\\u00b7laci\\u00f3 art\\u00edstica, titelles rob\\u00f2tics i teatre.<\\\/p>\",\"margin\":\"default\",\"text_align\":\"center\",\"text_style\":\"lead\"}},{\"type\":\"text\",\"props\":{\"column\":\"1-2\",\"column_breakpoint\":\"m\",\"content\":\"\n\n<p>\\u2026 aquest protagonista \\u00e9s un personatge a mida m\\u00e9s gran que la natural i un projecte nou i ambici\\u00f3s, que funciona amb una pot\\u00e8ncia de 12 volts i est\\u00e0 controlat per radiocontrol.<\\\/p>\\n\n\n<p>Pot despla\\u00e7ar-se lliurement d'un lloc a un altre i est\\u00e0 equipat per interactuar en moltes situacions de la vida real, pot participar en m\\u00fasica en directe i es comunica en el seu propi llenguatge.<\\\/p>\\n\n\n<p>Basuringo est\\u00e0 disponible com a rid\\u00edcul espectacle espec\\u00edfic per a un lloc en moviment amb un actor i un titellaire electro, que est\\u00e0 preparat per gaireb\\u00e9 qualsevol cosa!.<\\\/p>\\n\n\n<p>Aquest projecte es va fer entre Matt Knight (imatge d'artista i moviment mec\\u00e0nic) i Sebastian Jara (disseny i programaci\\u00f3 electr\\u00f2nica).<\\\/p>\",\"margin\":\"default\",\"text_style\":\"large\"}},{\"type\":\"gallery\",\"props\":{\"filter_align\":\"left\",\"filter_all\":true,\"filter_grid_breakpoint\":\"m\",\"filter_grid_width\":\"auto\",\"filter_position\":\"top\",\"filter_style\":\"tab\",\"grid_default\":\"1\",\"grid_masonry\":true,\"grid_medium\":\"3\",\"grid_parallax\":\"260\",\"image_width\":\"720\",\"item_animation\":true,\"link_style\":\"default\",\"link_text\":\"Read more\",\"margin\":\"default\",\"meta_align\":\"below-title\",\"meta_element\":\"div\",\"meta_style\":\"text-meta\",\"overlay_hover\":true,\"overlay_link\":true,\"overlay_mode\":\"cover\",\"overlay_position\":\"center\",\"overlay_style\":\"overlay-primary\",\"overlay_transition\":\"fade\",\"overlay_transition_background\":false,\"show_content\":true,\"show_hover_image\":true,\"show_link\":true,\"show_meta\":true,\"show_title\":false,\"text_align\":\"center\",\"text_color\":\"light\",\"title_element\":\"h3\",\"title_hover_style\":\"reset\"},\"children\":[{\"type\":\"gallery_item\",\"props\":{\"image\":\"wp-content\\\/uploads\\\/2023\\\/05\\\/twisted-fairground-basuringo-11.jpg\",\"title\":\"twisted-fairground-basuringo-11\"}},{\"type\":\"gallery_item\",\"props\":{\"image\":\"wp-content\\\/uploads\\\/2023\\\/05\\\/twisted-fairground-basuringo-09.jpg\",\"title\":\"twisted-fairground-basuringo-09\"}},{\"type\":\"gallery_item\",\"props\":{\"image\":\"wp-content\\\/uploads\\\/2023\\\/05\\\/twisted-fairground-basuringo-08.jpg\",\"title\":\"twisted-fairground-basuringo-08\"}},{\"type\":\"gallery_item\",\"props\":{\"image\":\"wp-content\\\/uploads\\\/2023\\\/05\\\/twisted-fairground-basuringo-07.jpg\",\"title\":\"twisted-fairground-basuringo-07\"}},{\"type\":\"gallery_item\",\"props\":{\"image\":\"wp-content\\\/uploads\\\/2023\\\/05\\\/twisted-fairground-basuringo-06.jpg\",\"title\":\"twisted-fairground-basuringo-06\"}},{\"type\":\"gallery_item\",\"props\":{\"image\":\"wp-content\\\/uploads\\\/2023\\\/05\\\/twisted-fairground-basuringo-05.jpg\",\"title\":\"twisted-fairground-basuringo-05\"}},{\"type\":\"gallery_item\",\"props\":{\"image\":\"wp-content\\\/uploads\\\/2023\\\/05\\\/twisted-fairground-basuringo-04.jpg\",\"title\":\"twisted-fairground-basuringo-04\"}},{\"type\":\"gallery_item\",\"props\":{\"image\":\"wp-content\\\/uploads\\\/2023\\\/05\\\/twisted-fairground-basuringo-03.jpg\",\"title\":\"twisted-fairground-basuringo-03\"}},{\"type\":\"gallery_item\",\"props\":{\"image\":\"wp-content\\\/uploads\\\/2023\\\/05\\\/twisted-fairground-basuringo-02.jpg\",\"title\":\"twisted-fairground-basuringo-02\"}},{\"type\":\"gallery_item\",\"props\":{\"image\":\"wp-content\\\/uploads\\\/2023\\\/05\\\/twisted-fairground-basuringo-01.jpg\",\"title\":\"twisted-fairground-basuringo-01\"}}]}]}]}]},{\"type\":\"section\",\"props\":{\"height\":\"section\",\"image\":\"http:\\\/\\\/twistedfairground.com\\\/wp-content\\\/uploads\\\/2023\\\/05\\\/basuringo-bottom2.jpg\",\"image_effect\":\"parallax\",\"image_parallax_bgy\":\"-100 100%\",\"image_position\":\"top-center\",\"image_size\":\"cover\",\"overlap\":true,\"style\":\"default\",\"title_breakpoint\":\"xl\",\"title_position\":\"top-left\",\"title_rotation\":\"left\",\"vertical_align\":\"middle\",\"width\":\"default\"},\"children\":[{\"type\":\"row\",\"children\":[{\"type\":\"column\",\"props\":{\"image_position\":\"center-center\",\"media_overlay_gradient\":\"\",\"position_sticky_breakpoint\":\"m\"},\"children\":[]}]}]},{\"type\":\"section\",\"props\":{\"image_position\":\"center-center\",\"overlap\":true,\"style\":\"primary\",\"title_breakpoint\":\"xl\",\"title_position\":\"top-left\",\"title_rotation\":\"left\",\"vertical_align\":\"middle\",\"width\":\"default\"},\"children\":[{\"type\":\"row\",\"props\":{\"layout\":\"2-3,1-3\"},\"children\":[{\"type\":\"column\",\"props\":{\"image_position\":\"center-center\",\"media_overlay_gradient\":\"\",\"position_sticky_breakpoint\":\"m\",\"width_medium\":\"2-3\"},\"children\":[{\"type\":\"headline\",\"props\":{\"content\":\"Trobar-vos cara a cara amb Basuringo\",\"title_element\":\"h2\"}}]},{\"type\":\"column\",\"props\":{\"image_position\":\"center-center\",\"media_overlay_gradient\":\"\",\"position_sticky_breakpoint\":\"m\",\"width_medium\":\"1-3\"},\"children\":[{\"type\":\"button\",\"props\":{\"button_size\":\"large\",\"grid_column_gap\":\"small\",\"grid_row_gap\":\"small\",\"margin\":\"default\",\"text_align\":\"center\"},\"children\":[{\"type\":\"button_item\",\"props\":{\"button_style\":\"default\",\"content\":\"Contr\\u00e0talo ara\",\"icon_align\":\"left\",\"link\":\"ca\\\/contratacio\\\/\"}}]}]}]}]}],\"version\":\"3.0.25\"} --><\/p>\n","protected":false},"excerpt":{"rendered":"<p>BASURINGO Twisted Fairground us convida a trobar-vos cara a cara amb Basuringo, una for\u00e7a, amb una veu que porta un coneixement inherent de les profunditats de l&#8217;exist\u00e8ncia humana&#8230; l&#8217;enorme m\u00f3n que anomenem d&#8217;un sol \u00fas! Un projecte en evoluci\u00f3 que barreja instal\u00b7laci\u00f3 art\u00edstica, titelles rob\u00f2tics i teatre. \u2026 aquest protagonista \u00e9s un personatge a mida [&hellip;]<\/p>\n","protected":false},"author":1,"featured_media":134,"parent":713,"menu_order":0,"comment_status":"closed","ping_status":"closed","template":"","meta":{"_acf_changed":false,"footnotes":""},"class_list":["post-719","page","type-page","status-publish","has-post-thumbnail","hentry"],"acf":[],"yoast_head":"<!-- This site is optimized with the Yoast SEO plugin v27.0 - https:\/\/yoast.com\/product\/yoast-seo-wordpress\/ -->\n<title>Basuringo - Twisted Fairground<\/title>\n<meta name=\"robots\" content=\"index, follow, max-snippet:-1, max-image-preview:large, max-video-preview:-1\" \/>\n<link rel=\"canonical\" href=\"https:\/\/twistedfairground.com\/ca\/espectacles\/basuringo\/\" \/>\n<meta property=\"og:locale\" content=\"ca_ES\" \/>\n<meta property=\"og:type\" content=\"article\" \/>\n<meta property=\"og:title\" content=\"Basuringo - Twisted Fairground\" \/>\n<meta property=\"og:description\" content=\"BASURINGO Twisted Fairground us convida a trobar-vos cara a cara amb Basuringo, una for\u00e7a, amb una veu que porta un coneixement inherent de les profunditats de l&#8217;exist\u00e8ncia humana&#8230; l&#8217;enorme m\u00f3n que anomenem d&#8217;un sol \u00fas! Un projecte en evoluci\u00f3 que barreja instal\u00b7laci\u00f3 art\u00edstica, titelles rob\u00f2tics i teatre. \u2026 aquest protagonista \u00e9s un personatge a mida [&hellip;]\" \/>\n<meta property=\"og:url\" content=\"https:\/\/twistedfairground.com\/ca\/espectacles\/basuringo\/\" \/>\n<meta property=\"og:site_name\" content=\"Twisted Fairground\" \/>\n<meta property=\"article:modified_time\" content=\"2023-05-03T08:23:12+00:00\" \/>\n<meta property=\"og:image\" content=\"https:\/\/twistedfairground.com\/wp-content\/uploads\/2023\/04\/basuringo-teaser.jpg\" \/>\n\t<meta property=\"og:image:width\" content=\"1080\" \/>\n\t<meta property=\"og:image:height\" content=\"1080\" \/>\n\t<meta property=\"og:image:type\" content=\"image\/jpeg\" \/>\n<meta name=\"twitter:card\" content=\"summary_large_image\" \/>\n<meta name=\"twitter:label1\" content=\"Temps estimat de lectura\" \/>\n\t<meta name=\"twitter:data1\" content=\"1 minut\" \/>\n<script type=\"application\/ld+json\" class=\"yoast-schema-graph\">{\"@context\":\"https:\/\/schema.org\",\"@graph\":[{\"@type\":\"WebPage\",\"@id\":\"https:\/\/twistedfairground.com\/ca\/espectacles\/basuringo\/\",\"url\":\"https:\/\/twistedfairground.com\/ca\/espectacles\/basuringo\/\",\"name\":\"Basuringo - Twisted Fairground\",\"isPartOf\":{\"@id\":\"https:\/\/twistedfairground.com\/ca\/#website\"},\"primaryImageOfPage\":{\"@id\":\"https:\/\/twistedfairground.com\/ca\/espectacles\/basuringo\/#primaryimage\"},\"image\":{\"@id\":\"https:\/\/twistedfairground.com\/ca\/espectacles\/basuringo\/#primaryimage\"},\"thumbnailUrl\":\"https:\/\/twistedfairground.com\/wp-content\/uploads\/2023\/04\/basuringo-teaser.jpg\",\"datePublished\":\"2023-04-19T08:27:05+00:00\",\"dateModified\":\"2023-05-03T08:23:12+00:00\",\"breadcrumb\":{\"@id\":\"https:\/\/twistedfairground.com\/ca\/espectacles\/basuringo\/#breadcrumb\"},\"inLanguage\":\"ca\",\"potentialAction\":[{\"@type\":\"ReadAction\",\"target\":[\"https:\/\/twistedfairground.com\/ca\/espectacles\/basuringo\/\"]}]},{\"@type\":\"ImageObject\",\"inLanguage\":\"ca\",\"@id\":\"https:\/\/twistedfairground.com\/ca\/espectacles\/basuringo\/#primaryimage\",\"url\":\"https:\/\/twistedfairground.com\/wp-content\/uploads\/2023\/04\/basuringo-teaser.jpg\",\"contentUrl\":\"https:\/\/twistedfairground.com\/wp-content\/uploads\/2023\/04\/basuringo-teaser.jpg\",\"width\":1080,\"height\":1080},{\"@type\":\"BreadcrumbList\",\"@id\":\"https:\/\/twistedfairground.com\/ca\/espectacles\/basuringo\/#breadcrumb\",\"itemListElement\":[{\"@type\":\"ListItem\",\"position\":1,\"name\":\"Home\",\"item\":\"https:\/\/twistedfairground.com\/ca\/\"},{\"@type\":\"ListItem\",\"position\":2,\"name\":\"Espectacles\",\"item\":\"https:\/\/twistedfairground.com\/ca\/espectacles\/\"},{\"@type\":\"ListItem\",\"position\":3,\"name\":\"Basuringo\"}]},{\"@type\":\"WebSite\",\"@id\":\"https:\/\/twistedfairground.com\/ca\/#website\",\"url\":\"https:\/\/twistedfairground.com\/ca\/\",\"name\":\"Twisted Fairground\",\"description\":\"Sideshow\",\"potentialAction\":[{\"@type\":\"SearchAction\",\"target\":{\"@type\":\"EntryPoint\",\"urlTemplate\":\"https:\/\/twistedfairground.com\/ca\/?s={search_term_string}\"},\"query-input\":{\"@type\":\"PropertyValueSpecification\",\"valueRequired\":true,\"valueName\":\"search_term_string\"}}],\"inLanguage\":\"ca\"}]}<\/script>\n<!-- \/ Yoast SEO plugin. -->","yoast_head_json":{"title":"Basuringo - Twisted Fairground","robots":{"index":"index","follow":"follow","max-snippet":"max-snippet:-1","max-image-preview":"max-image-preview:large","max-video-preview":"max-video-preview:-1"},"canonical":"https:\/\/twistedfairground.com\/ca\/espectacles\/basuringo\/","og_locale":"ca_ES","og_type":"article","og_title":"Basuringo - Twisted Fairground","og_description":"BASURINGO Twisted Fairground us convida a trobar-vos cara a cara amb Basuringo, una for\u00e7a, amb una veu que porta un coneixement inherent de les profunditats de l&#8217;exist\u00e8ncia humana&#8230; l&#8217;enorme m\u00f3n que anomenem d&#8217;un sol \u00fas! Un projecte en evoluci\u00f3 que barreja instal\u00b7laci\u00f3 art\u00edstica, titelles rob\u00f2tics i teatre. \u2026 aquest protagonista \u00e9s un personatge a mida [&hellip;]","og_url":"https:\/\/twistedfairground.com\/ca\/espectacles\/basuringo\/","og_site_name":"Twisted Fairground","article_modified_time":"2023-05-03T08:23:12+00:00","og_image":[{"width":1080,"height":1080,"url":"https:\/\/twistedfairground.com\/wp-content\/uploads\/2023\/04\/basuringo-teaser.jpg","type":"image\/jpeg"}],"twitter_card":"summary_large_image","twitter_misc":{"Temps estimat de lectura":"1 minut"},"schema":{"@context":"https:\/\/schema.org","@graph":[{"@type":"WebPage","@id":"https:\/\/twistedfairground.com\/ca\/espectacles\/basuringo\/","url":"https:\/\/twistedfairground.com\/ca\/espectacles\/basuringo\/","name":"Basuringo - Twisted Fairground","isPartOf":{"@id":"https:\/\/twistedfairground.com\/ca\/#website"},"primaryImageOfPage":{"@id":"https:\/\/twistedfairground.com\/ca\/espectacles\/basuringo\/#primaryimage"},"image":{"@id":"https:\/\/twistedfairground.com\/ca\/espectacles\/basuringo\/#primaryimage"},"thumbnailUrl":"https:\/\/twistedfairground.com\/wp-content\/uploads\/2023\/04\/basuringo-teaser.jpg","datePublished":"2023-04-19T08:27:05+00:00","dateModified":"2023-05-03T08:23:12+00:00","breadcrumb":{"@id":"https:\/\/twistedfairground.com\/ca\/espectacles\/basuringo\/#breadcrumb"},"inLanguage":"ca","potentialAction":[{"@type":"ReadAction","target":["https:\/\/twistedfairground.com\/ca\/espectacles\/basuringo\/"]}]},{"@type":"ImageObject","inLanguage":"ca","@id":"https:\/\/twistedfairground.com\/ca\/espectacles\/basuringo\/#primaryimage","url":"https:\/\/twistedfairground.com\/wp-content\/uploads\/2023\/04\/basuringo-teaser.jpg","contentUrl":"https:\/\/twistedfairground.com\/wp-content\/uploads\/2023\/04\/basuringo-teaser.jpg","width":1080,"height":1080},{"@type":"BreadcrumbList","@id":"https:\/\/twistedfairground.com\/ca\/espectacles\/basuringo\/#breadcrumb","itemListElement":[{"@type":"ListItem","position":1,"name":"Home","item":"https:\/\/twistedfairground.com\/ca\/"},{"@type":"ListItem","position":2,"name":"Espectacles","item":"https:\/\/twistedfairground.com\/ca\/espectacles\/"},{"@type":"ListItem","position":3,"name":"Basuringo"}]},{"@type":"WebSite","@id":"https:\/\/twistedfairground.com\/ca\/#website","url":"https:\/\/twistedfairground.com\/ca\/","name":"Twisted Fairground","description":"Sideshow","potentialAction":[{"@type":"SearchAction","target":{"@type":"EntryPoint","urlTemplate":"https:\/\/twistedfairground.com\/ca\/?s={search_term_string}"},"query-input":{"@type":"PropertyValueSpecification","valueRequired":true,"valueName":"search_term_string"}}],"inLanguage":"ca"}]}},"_links":{"self":[{"href":"https:\/\/twistedfairground.com\/ca\/wp-json\/wp\/v2\/pages\/719","targetHints":{"allow":["GET"]}}],"collection":[{"href":"https:\/\/twistedfairground.com\/ca\/wp-json\/wp\/v2\/pages"}],"about":[{"href":"https:\/\/twistedfairground.com\/ca\/wp-json\/wp\/v2\/types\/page"}],"author":[{"embeddable":true,"href":"https:\/\/twistedfairground.com\/ca\/wp-json\/wp\/v2\/users\/1"}],"replies":[{"embeddable":true,"href":"https:\/\/twistedfairground.com\/ca\/wp-json\/wp\/v2\/comments?post=719"}],"version-history":[{"count":3,"href":"https:\/\/twistedfairground.com\/ca\/wp-json\/wp\/v2\/pages\/719\/revisions"}],"predecessor-version":[{"id":792,"href":"https:\/\/twistedfairground.com\/ca\/wp-json\/wp\/v2\/pages\/719\/revisions\/792"}],"up":[{"embeddable":true,"href":"https:\/\/twistedfairground.com\/ca\/wp-json\/wp\/v2\/pages\/713"}],"wp:featuredmedia":[{"embeddable":true,"href":"https:\/\/twistedfairground.com\/ca\/wp-json\/wp\/v2\/media\/134"}],"wp:attachment":[{"href":"https:\/\/twistedfairground.com\/ca\/wp-json\/wp\/v2\/media?parent=719"}],"curies":[{"name":"wp","href":"https:\/\/api.w.org\/{rel}","templated":true}]}}