{"id":725,"date":"2023-04-19T08:26:29","date_gmt":"2023-04-19T08:26:29","guid":{"rendered":"https:\/\/twistedfairground.com\/espectacles\/mad-clown-mutiny\/"},"modified":"2023-05-03T08:26:39","modified_gmt":"2023-05-03T08:26:39","slug":"mad-clown-mutiny","status":"publish","type":"page","link":"https:\/\/twistedfairground.com\/ca\/espectacles\/mad-clown-mutiny\/","title":{"rendered":"Mad Clown Mutiny"},"content":{"rendered":"<h1>Mad Clown Mutiny<\/h1>\n<div>\n<p>Una bogeria presentaci\u00f3 carnavalesca d&#8217;una bogeria de titelles en moviment. Es tracta d&#8217;una reinacci\u00f3 teatral de l&#8217;infame &#8220;Mot\u00ed dels pallassos bojos&#8221; de 1876. Una fusi\u00f3 rid\u00edcula atractiva de narraci\u00f3 d&#8217;hist\u00f2ries, teatre f\u00edsic i titelles automatitzats.<\/p>\n<\/div>\n<h2>Mad Clown Mutiny<\/h2>\n<p>\n    <a href=\"\/ca\/contratacio\/\">Contr\u00e0talo ara<\/a>\n<\/p>\n<p><!--more--><br \/>\n<!-- {\"type\":\"layout\",\"children\":[{\"type\":\"section\",\"props\":{\"height\":\"full\",\"image\":\"http:\\\/\\\/twistedfairground.com\\\/wp-content\\\/uploads\\\/2023\\\/05\\\/mad-clown.jpg\",\"image_effect\":\"parallax\",\"image_parallax_bgy\":\"-300 0%\",\"image_position\":\"top-center\",\"image_size\":\"cover\",\"style\":\"default\",\"title_breakpoint\":\"xl\",\"title_position\":\"top-left\",\"title_rotation\":\"left\",\"vertical_align\":\"middle\",\"width\":\"default\"},\"children\":[{\"type\":\"row\",\"children\":[{\"type\":\"column\",\"props\":{\"image_position\":\"center-center\",\"media_overlay_gradient\":\"\",\"position_sticky_breakpoint\":\"m\"},\"children\":[]}]}]},{\"type\":\"section\",\"props\":{\"image_position\":\"center-center\",\"overlap\":true,\"style\":\"secondary\",\"title_breakpoint\":\"xl\",\"title_position\":\"top-left\",\"title_rotation\":\"left\",\"vertical_align\":\"middle\",\"width\":\"default\"},\"children\":[{\"type\":\"row\",\"children\":[{\"type\":\"column\",\"props\":{\"image_position\":\"center-center\",\"media_overlay_gradient\":\"\",\"position_sticky_breakpoint\":\"m\"},\"children\":[{\"type\":\"headline\",\"props\":{\"content\":\"Mad Clown Mutiny\",\"text_align\":\"center\",\"title_element\":\"h1\",\"title_style\":\"heading-medium\"}},{\"type\":\"text\",\"props\":{\"column_breakpoint\":\"m\",\"content\":\"\n\n<p>Una bogeria presentaci\\u00f3 carnavalesca d'una bogeria de titelles en moviment. Es tracta d'una reinacci\\u00f3 teatral de l'infame \\\"Mot\\u00ed dels pallassos bojos\\\" de 1876. Una fusi\\u00f3 rid\\u00edcula atractiva de narraci\\u00f3 d'hist\\u00f2ries, teatre f\\u00edsic i titelles automatitzats.<\\\/p>\",\"margin\":\"default\"}}]}]}]},{\"type\":\"section\",\"props\":{\"height\":\"section\",\"image\":\"http:\\\/\\\/twistedfairground.com\\\/wp-content\\\/uploads\\\/2023\\\/05\\\/mad_clown_2.png\",\"image_effect\":\"parallax\",\"image_parallax_bgy\":\"-300 0%,-600 100%\",\"image_position\":\"top-center\",\"image_size\":\"cover\",\"overlap\":true,\"style\":\"default\",\"title_breakpoint\":\"xl\",\"title_position\":\"top-left\",\"title_rotation\":\"left\",\"vertical_align\":\"middle\",\"width\":\"default\"},\"children\":[{\"type\":\"row\",\"children\":[{\"type\":\"column\",\"props\":{\"image_position\":\"center-center\",\"media_overlay_gradient\":\"\",\"position_sticky_breakpoint\":\"m\"},\"children\":[]}]}]},{\"type\":\"section\",\"props\":{\"image_position\":\"center-center\",\"overlap\":true,\"style\":\"primary\",\"title_breakpoint\":\"xl\",\"title_position\":\"top-left\",\"title_rotation\":\"left\",\"vertical_align\":\"middle\",\"width\":\"default\"},\"children\":[{\"type\":\"row\",\"props\":{\"layout\":\"2-3,1-3\"},\"children\":[{\"type\":\"column\",\"props\":{\"image_position\":\"center-center\",\"media_overlay_gradient\":\"\",\"position_sticky_breakpoint\":\"m\",\"width_medium\":\"2-3\"},\"children\":[{\"type\":\"headline\",\"props\":{\"content\":\"Mad Clown Mutiny\",\"title_element\":\"h2\"}}]},{\"type\":\"column\",\"props\":{\"image_position\":\"center-center\",\"media_overlay_gradient\":\"\",\"position_sticky_breakpoint\":\"m\",\"width_medium\":\"1-3\"},\"children\":[{\"type\":\"button\",\"props\":{\"button_size\":\"large\",\"grid_column_gap\":\"small\",\"grid_row_gap\":\"small\",\"margin\":\"default\",\"text_align\":\"center\"},\"children\":[{\"type\":\"button_item\",\"props\":{\"button_style\":\"default\",\"content\":\"Contr\\u00e0talo ara\",\"icon_align\":\"left\",\"link\":\"ca\\\/contratacio\\\/\"}}]}]}]}]}],\"version\":\"3.0.25\"} --><\/p>\n","protected":false},"excerpt":{"rendered":"<p>Mad Clown Mutiny Una bogeria presentaci\u00f3 carnavalesca d&#8217;una bogeria de titelles en moviment. Es tracta d&#8217;una reinacci\u00f3 teatral de l&#8217;infame &#8220;Mot\u00ed dels pallassos bojos&#8221; de 1876. Una fusi\u00f3 rid\u00edcula atractiva de narraci\u00f3 d&#8217;hist\u00f2ries, teatre f\u00edsic i titelles automatitzats. Mad Clown Mutiny Contr\u00e0talo ara<\/p>\n","protected":false},"author":1,"featured_media":142,"parent":713,"menu_order":0,"comment_status":"closed","ping_status":"closed","template":"","meta":{"_acf_changed":false,"footnotes":""},"class_list":["post-725","page","type-page","status-publish","has-post-thumbnail","hentry"],"acf":[],"yoast_head":"<!-- This site is optimized with the Yoast SEO plugin v27.0 - https:\/\/yoast.com\/product\/yoast-seo-wordpress\/ -->\n<title>Mad Clown Mutiny - Twisted Fairground<\/title>\n<meta name=\"robots\" content=\"index, follow, max-snippet:-1, max-image-preview:large, max-video-preview:-1\" \/>\n<link rel=\"canonical\" href=\"https:\/\/twistedfairground.com\/ca\/espectacles\/mad-clown-mutiny\/\" \/>\n<meta property=\"og:locale\" content=\"ca_ES\" \/>\n<meta property=\"og:type\" content=\"article\" \/>\n<meta property=\"og:title\" content=\"Mad Clown Mutiny - Twisted Fairground\" \/>\n<meta property=\"og:description\" content=\"Mad Clown Mutiny Una bogeria presentaci\u00f3 carnavalesca d&#8217;una bogeria de titelles en moviment. Es tracta d&#8217;una reinacci\u00f3 teatral de l&#8217;infame &#8220;Mot\u00ed dels pallassos bojos&#8221; de 1876. Una fusi\u00f3 rid\u00edcula atractiva de narraci\u00f3 d&#8217;hist\u00f2ries, teatre f\u00edsic i titelles automatitzats. Mad Clown Mutiny Contr\u00e0talo ara\" \/>\n<meta property=\"og:url\" content=\"https:\/\/twistedfairground.com\/ca\/espectacles\/mad-clown-mutiny\/\" \/>\n<meta property=\"og:site_name\" content=\"Twisted Fairground\" \/>\n<meta property=\"article:modified_time\" content=\"2023-05-03T08:26:39+00:00\" \/>\n<meta property=\"og:image\" content=\"https:\/\/twistedfairground.com\/wp-content\/uploads\/2023\/04\/mad-clown-mutiny-teaser.jpg\" \/>\n\t<meta property=\"og:image:width\" content=\"1080\" \/>\n\t<meta property=\"og:image:height\" content=\"1080\" \/>\n\t<meta property=\"og:image:type\" content=\"image\/jpeg\" \/>\n<meta name=\"twitter:card\" content=\"summary_large_image\" \/>\n<script type=\"application\/ld+json\" class=\"yoast-schema-graph\">{\"@context\":\"https:\/\/schema.org\",\"@graph\":[{\"@type\":\"WebPage\",\"@id\":\"https:\/\/twistedfairground.com\/ca\/espectacles\/mad-clown-mutiny\/\",\"url\":\"https:\/\/twistedfairground.com\/ca\/espectacles\/mad-clown-mutiny\/\",\"name\":\"Mad Clown Mutiny - Twisted Fairground\",\"isPartOf\":{\"@id\":\"https:\/\/twistedfairground.com\/ca\/#website\"},\"primaryImageOfPage\":{\"@id\":\"https:\/\/twistedfairground.com\/ca\/espectacles\/mad-clown-mutiny\/#primaryimage\"},\"image\":{\"@id\":\"https:\/\/twistedfairground.com\/ca\/espectacles\/mad-clown-mutiny\/#primaryimage\"},\"thumbnailUrl\":\"https:\/\/twistedfairground.com\/wp-content\/uploads\/2023\/04\/mad-clown-mutiny-teaser.jpg\",\"datePublished\":\"2023-04-19T08:26:29+00:00\",\"dateModified\":\"2023-05-03T08:26:39+00:00\",\"breadcrumb\":{\"@id\":\"https:\/\/twistedfairground.com\/ca\/espectacles\/mad-clown-mutiny\/#breadcrumb\"},\"inLanguage\":\"ca\",\"potentialAction\":[{\"@type\":\"ReadAction\",\"target\":[\"https:\/\/twistedfairground.com\/ca\/espectacles\/mad-clown-mutiny\/\"]}]},{\"@type\":\"ImageObject\",\"inLanguage\":\"ca\",\"@id\":\"https:\/\/twistedfairground.com\/ca\/espectacles\/mad-clown-mutiny\/#primaryimage\",\"url\":\"https:\/\/twistedfairground.com\/wp-content\/uploads\/2023\/04\/mad-clown-mutiny-teaser.jpg\",\"contentUrl\":\"https:\/\/twistedfairground.com\/wp-content\/uploads\/2023\/04\/mad-clown-mutiny-teaser.jpg\",\"width\":1080,\"height\":1080},{\"@type\":\"BreadcrumbList\",\"@id\":\"https:\/\/twistedfairground.com\/ca\/espectacles\/mad-clown-mutiny\/#breadcrumb\",\"itemListElement\":[{\"@type\":\"ListItem\",\"position\":1,\"name\":\"Home\",\"item\":\"https:\/\/twistedfairground.com\/ca\/\"},{\"@type\":\"ListItem\",\"position\":2,\"name\":\"Espectacles\",\"item\":\"https:\/\/twistedfairground.com\/ca\/espectacles\/\"},{\"@type\":\"ListItem\",\"position\":3,\"name\":\"Mad Clown Mutiny\"}]},{\"@type\":\"WebSite\",\"@id\":\"https:\/\/twistedfairground.com\/ca\/#website\",\"url\":\"https:\/\/twistedfairground.com\/ca\/\",\"name\":\"Twisted Fairground\",\"description\":\"Sideshow\",\"potentialAction\":[{\"@type\":\"SearchAction\",\"target\":{\"@type\":\"EntryPoint\",\"urlTemplate\":\"https:\/\/twistedfairground.com\/ca\/?s={search_term_string}\"},\"query-input\":{\"@type\":\"PropertyValueSpecification\",\"valueRequired\":true,\"valueName\":\"search_term_string\"}}],\"inLanguage\":\"ca\"}]}<\/script>\n<!-- \/ Yoast SEO plugin. -->","yoast_head_json":{"title":"Mad Clown Mutiny - Twisted Fairground","robots":{"index":"index","follow":"follow","max-snippet":"max-snippet:-1","max-image-preview":"max-image-preview:large","max-video-preview":"max-video-preview:-1"},"canonical":"https:\/\/twistedfairground.com\/ca\/espectacles\/mad-clown-mutiny\/","og_locale":"ca_ES","og_type":"article","og_title":"Mad Clown Mutiny - Twisted Fairground","og_description":"Mad Clown Mutiny Una bogeria presentaci\u00f3 carnavalesca d&#8217;una bogeria de titelles en moviment. Es tracta d&#8217;una reinacci\u00f3 teatral de l&#8217;infame &#8220;Mot\u00ed dels pallassos bojos&#8221; de 1876. Una fusi\u00f3 rid\u00edcula atractiva de narraci\u00f3 d&#8217;hist\u00f2ries, teatre f\u00edsic i titelles automatitzats. Mad Clown Mutiny Contr\u00e0talo ara","og_url":"https:\/\/twistedfairground.com\/ca\/espectacles\/mad-clown-mutiny\/","og_site_name":"Twisted Fairground","article_modified_time":"2023-05-03T08:26:39+00:00","og_image":[{"width":1080,"height":1080,"url":"https:\/\/twistedfairground.com\/wp-content\/uploads\/2023\/04\/mad-clown-mutiny-teaser.jpg","type":"image\/jpeg"}],"twitter_card":"summary_large_image","schema":{"@context":"https:\/\/schema.org","@graph":[{"@type":"WebPage","@id":"https:\/\/twistedfairground.com\/ca\/espectacles\/mad-clown-mutiny\/","url":"https:\/\/twistedfairground.com\/ca\/espectacles\/mad-clown-mutiny\/","name":"Mad Clown Mutiny - Twisted Fairground","isPartOf":{"@id":"https:\/\/twistedfairground.com\/ca\/#website"},"primaryImageOfPage":{"@id":"https:\/\/twistedfairground.com\/ca\/espectacles\/mad-clown-mutiny\/#primaryimage"},"image":{"@id":"https:\/\/twistedfairground.com\/ca\/espectacles\/mad-clown-mutiny\/#primaryimage"},"thumbnailUrl":"https:\/\/twistedfairground.com\/wp-content\/uploads\/2023\/04\/mad-clown-mutiny-teaser.jpg","datePublished":"2023-04-19T08:26:29+00:00","dateModified":"2023-05-03T08:26:39+00:00","breadcrumb":{"@id":"https:\/\/twistedfairground.com\/ca\/espectacles\/mad-clown-mutiny\/#breadcrumb"},"inLanguage":"ca","potentialAction":[{"@type":"ReadAction","target":["https:\/\/twistedfairground.com\/ca\/espectacles\/mad-clown-mutiny\/"]}]},{"@type":"ImageObject","inLanguage":"ca","@id":"https:\/\/twistedfairground.com\/ca\/espectacles\/mad-clown-mutiny\/#primaryimage","url":"https:\/\/twistedfairground.com\/wp-content\/uploads\/2023\/04\/mad-clown-mutiny-teaser.jpg","contentUrl":"https:\/\/twistedfairground.com\/wp-content\/uploads\/2023\/04\/mad-clown-mutiny-teaser.jpg","width":1080,"height":1080},{"@type":"BreadcrumbList","@id":"https:\/\/twistedfairground.com\/ca\/espectacles\/mad-clown-mutiny\/#breadcrumb","itemListElement":[{"@type":"ListItem","position":1,"name":"Home","item":"https:\/\/twistedfairground.com\/ca\/"},{"@type":"ListItem","position":2,"name":"Espectacles","item":"https:\/\/twistedfairground.com\/ca\/espectacles\/"},{"@type":"ListItem","position":3,"name":"Mad Clown Mutiny"}]},{"@type":"WebSite","@id":"https:\/\/twistedfairground.com\/ca\/#website","url":"https:\/\/twistedfairground.com\/ca\/","name":"Twisted Fairground","description":"Sideshow","potentialAction":[{"@type":"SearchAction","target":{"@type":"EntryPoint","urlTemplate":"https:\/\/twistedfairground.com\/ca\/?s={search_term_string}"},"query-input":{"@type":"PropertyValueSpecification","valueRequired":true,"valueName":"search_term_string"}}],"inLanguage":"ca"}]}},"_links":{"self":[{"href":"https:\/\/twistedfairground.com\/ca\/wp-json\/wp\/v2\/pages\/725","targetHints":{"allow":["GET"]}}],"collection":[{"href":"https:\/\/twistedfairground.com\/ca\/wp-json\/wp\/v2\/pages"}],"about":[{"href":"https:\/\/twistedfairground.com\/ca\/wp-json\/wp\/v2\/types\/page"}],"author":[{"embeddable":true,"href":"https:\/\/twistedfairground.com\/ca\/wp-json\/wp\/v2\/users\/1"}],"replies":[{"embeddable":true,"href":"https:\/\/twistedfairground.com\/ca\/wp-json\/wp\/v2\/comments?post=725"}],"version-history":[{"count":3,"href":"https:\/\/twistedfairground.com\/ca\/wp-json\/wp\/v2\/pages\/725\/revisions"}],"predecessor-version":[{"id":795,"href":"https:\/\/twistedfairground.com\/ca\/wp-json\/wp\/v2\/pages\/725\/revisions\/795"}],"up":[{"embeddable":true,"href":"https:\/\/twistedfairground.com\/ca\/wp-json\/wp\/v2\/pages\/713"}],"wp:featuredmedia":[{"embeddable":true,"href":"https:\/\/twistedfairground.com\/ca\/wp-json\/wp\/v2\/media\/142"}],"wp:attachment":[{"href":"https:\/\/twistedfairground.com\/ca\/wp-json\/wp\/v2\/media?parent=725"}],"curies":[{"name":"wp","href":"https:\/\/api.w.org\/{rel}","templated":true}]}}