{"id":738,"date":"2023-04-19T08:24:47","date_gmt":"2023-04-19T08:24:47","guid":{"rendered":"https:\/\/twistedfairground.com\/espectacles\/the-mysteries-of-ecdysis\/"},"modified":"2023-05-02T21:41:27","modified_gmt":"2023-05-02T21:41:27","slug":"els-secrets-decdisi","status":"publish","type":"page","link":"https:\/\/twistedfairground.com\/ca\/espectacles\/els-secrets-decdisi\/","title":{"rendered":"Els secrets d&#8217;Ecdisi"},"content":{"rendered":"<h2>Els secrets d&#8217;Ecdisi<\/h2>\n<div>\n<p>&#8230;un espectacle explosiu i de gira internacional que fusiona una gran instal\u00b7laci\u00f3 art\u00edstica, titelles mec\u00e0nics i teatre f\u00edsic.<\/p>\n<p>&#8230;Enrotlleu, enrotlleu-vos per fer un passeig de filferro d&#8217;engranatge i politja pels recessos de la realitat&#8230; un carnaval d&#8217;atraccions estranyes i meravelloses&#8230;<\/p>\n<p>El recinte firal Twisted presenta un viatge teatral immersiu que enganyar\u00e0 i desconcertar\u00e0 alhora.<\/p>\n<p>Tenint lloc en un espai de 12 m x 12 m durant 40 minuts, l&#8217;espectacle tamb\u00e9 inclou tres instal\u00b7lacions m\u00e9s petites i altres espectacles interconnectats que fusionen el rid\u00edcul m\u00f3n cin\u00e8tic de la mec\u00e0nica del segle XXI i les ombres i l&#8217;engany de l&#8217;espectacle secundari de principis del segle XX.<\/p>\n<\/div>\n<ul>\n<li>\n<\/li>\n<li>\n<\/li>\n<li>\n<\/li>\n<\/ul>\n<h2>ELS SECRETS D&#8217;ECDISI<\/h2>\n<p>\n    <a href=\"\/ca\/contratacio\/\">contr\u00e0talo ara<\/a>\n<\/p>\n<p><!--more--><br \/>\n<!-- {\"type\":\"layout\",\"children\":[{\"type\":\"section\",\"props\":{\"height\":\"full\",\"image\":\"wp-content\\\/uploads\\\/2023\\\/05\\\/twisted-fairground-02.png\",\"image_effect\":\"parallax\",\"image_parallax_bgy\":\"-200\",\"image_position\":\"center-center\",\"image_size\":\"cover\",\"style\":\"default\",\"title_breakpoint\":\"xl\",\"title_position\":\"top-left\",\"title_rotation\":\"left\",\"vertical_align\":\"middle\",\"width\":\"default\"},\"children\":[{\"type\":\"row\",\"children\":[{\"type\":\"column\",\"props\":{\"image_position\":\"center-center\",\"media_overlay_gradient\":\"\",\"position_sticky_breakpoint\":\"m\"},\"children\":[]}]}]},{\"type\":\"section\",\"props\":{\"image_position\":\"center-center\",\"overlap\":true,\"style\":\"default\",\"title_breakpoint\":\"xl\",\"title_position\":\"top-left\",\"title_rotation\":\"left\",\"vertical_align\":\"middle\",\"width\":\"default\"},\"children\":[{\"type\":\"row\",\"children\":[{\"type\":\"column\",\"props\":{\"image_position\":\"center-center\",\"media_overlay_gradient\":\"\",\"position_sticky_breakpoint\":\"m\"},\"children\":[{\"type\":\"headline\",\"props\":{\"animation\":\"parallax\",\"content\":\"Els secrets d'Ecdisi\",\"parallax_y\":\"0,-15 52%\",\"text_align\":\"center\",\"title_element\":\"h2\",\"title_style\":\"heading-medium\"}},{\"type\":\"text\",\"props\":{\"block_align\":\"center\",\"column_breakpoint\":\"m\",\"content\":\"\n\n<p>...un espectacle explosiu i de gira internacional que fusiona una gran instal\\u00b7laci\\u00f3 art\\u00edstica, titelles mec\\u00e0nics i teatre f\\u00edsic.<\\\/p>\\n\n\n<p>...Enrotlleu, enrotlleu-vos per fer un passeig de filferro d'engranatge i politja pels recessos de la realitat... un carnaval d'atraccions estranyes i meravelloses...<\\\/p>\\n\n\n<p>El recinte firal Twisted presenta un viatge teatral immersiu que enganyar\\u00e0 i desconcertar\\u00e0 alhora.<\\\/p>\\n\n\n<p>Tenint lloc en un espai de 12 m x 12 m durant 40 minuts, l'espectacle tamb\\u00e9 inclou tres instal\\u00b7lacions m\\u00e9s petites i altres espectacles interconnectats que fusionen el rid\\u00edcul m\\u00f3n cin\\u00e8tic de la mec\\u00e0nica del segle XXI i les ombres i l'engany de l'espectacle secundari de principis del segle XX.<\\\/p>\",\"dropcap\":false,\"margin\":\"large\",\"margin_remove_top\":true,\"maxwidth_breakpoint\":\"m\",\"text_align\":\"center\",\"text_color\":\"emphasis\",\"text_style\":\"large\"}},{\"type\":\"grid\",\"props\":{\"content_column_breakpoint\":\"m\",\"filter_align\":\"left\",\"filter_all\":true,\"filter_grid_breakpoint\":\"m\",\"filter_grid_width\":\"auto\",\"filter_position\":\"top\",\"filter_style\":\"tab\",\"grid_default\":\"1\",\"grid_medium\":\"3\",\"icon_width\":80,\"image_align\":\"top\",\"image_border\":\"circle\",\"image_box_decoration\":\"secondary\",\"image_box_decoration_inverse\":false,\"image_box_shadow\":\"small\",\"image_grid_breakpoint\":\"m\",\"image_grid_width\":\"1-2\",\"image_hover_box_shadow\":\"xlarge\",\"image_link\":true,\"image_svg_color\":\"emphasis\",\"image_transition\":\"scale-down\",\"image_transition_border\":false,\"item_animation\":true,\"link_style\":\"danger\",\"link_text\":\"Nom\\u00e9s per a bojos\",\"margin\":\"default\",\"meta_align\":\"below-title\",\"meta_element\":\"div\",\"meta_style\":\"text-meta\",\"panel_padding\":\"\",\"show_content\":true,\"show_image\":true,\"show_link\":true,\"show_meta\":true,\"show_title\":true,\"text_align\":\"center\",\"title_align\":\"top\",\"title_element\":\"h3\",\"title_grid_breakpoint\":\"m\",\"title_grid_width\":\"1-2\",\"title_hover_style\":\"reset\"},\"children\":[{\"type\":\"grid_item\",\"source\":{\"query\":{\"name\":\"pages.customPage\",\"arguments\":{\"users\":[],\"users_operator\":\"IN\",\"offset\":0,\"order\":\"date\",\"order_direction\":\"DESC\",\"id\":757}},\"props\":{\"title\":{\"filters\":{\"search\":\"\"},\"name\":\"title\"},\"image\":{\"filters\":{\"search\":\"\"},\"name\":\"featuredImage.url\"},\"image_alt\":{\"filters\":{\"search\":\"\"},\"name\":\"title\"},\"link\":{\"filters\":{\"search\":\"\"},\"name\":\"link\"},\"content\":{\"filters\":{\"search\":\"\"},\"name\":\"field.intro_text\"}}}},{\"type\":\"grid_item\",\"source\":{\"query\":{\"name\":\"pages.customPage\",\"arguments\":{\"users\":[],\"users_operator\":\"IN\",\"offset\":0,\"order\":\"date\",\"order_direction\":\"DESC\",\"id\":744}},\"props\":{\"title\":{\"filters\":{\"search\":\"\"},\"name\":\"title\"},\"image\":{\"filters\":{\"search\":\"\"},\"name\":\"featuredImage.url\"},\"image_alt\":{\"filters\":{\"search\":\"\"},\"name\":\"title\"},\"link\":{\"filters\":{\"search\":\"\"},\"name\":\"link\"},\"content\":{\"filters\":{\"search\":\"\"},\"name\":\"field.intro_text\"}}}},{\"type\":\"grid_item\",\"source\":{\"query\":{\"name\":\"pages.customPage\",\"arguments\":{\"users\":[],\"users_operator\":\"IN\",\"offset\":0,\"order\":\"date\",\"order_direction\":\"DESC\",\"id\":750}},\"props\":{\"title\":{\"filters\":{\"search\":\"\"},\"name\":\"title\"},\"image\":{\"filters\":{\"search\":\"\"},\"name\":\"featuredImage.url\"},\"image_alt\":{\"filters\":{\"search\":\"\"},\"name\":\"title\"},\"link\":{\"filters\":{\"search\":\"\"},\"name\":\"link\"},\"content\":{\"filters\":{\"search\":\"\"},\"name\":\"field.intro_text\"}}}}]}]}]}],\"name\":\"Ecdysis section\"},{\"type\":\"section\",\"props\":{\"height\":\"section\",\"image\":\"http:\\\/\\\/twistedfairground.com\\\/wp-content\\\/uploads\\\/2023\\\/04\\\/serpentina-large.jpg\",\"image_effect\":\"parallax\",\"image_parallax_bgy\":\"-125 30%\",\"image_position\":\"top-center\",\"image_size\":\"cover\",\"overlap\":true,\"style\":\"default\",\"title_breakpoint\":\"xl\",\"title_position\":\"top-left\",\"title_rotation\":\"left\",\"vertical_align\":\"middle\",\"width\":\"default\"},\"children\":[{\"type\":\"row\",\"children\":[{\"type\":\"column\",\"props\":{\"image_position\":\"center-center\",\"media_overlay_gradient\":\"\",\"position_sticky_breakpoint\":\"m\"},\"children\":[]}]}]},{\"type\":\"section\",\"props\":{\"image_position\":\"center-center\",\"overlap\":true,\"style\":\"primary\",\"title_breakpoint\":\"xl\",\"title_position\":\"top-left\",\"title_rotation\":\"left\",\"vertical_align\":\"middle\",\"width\":\"default\"},\"children\":[{\"type\":\"row\",\"props\":{\"layout\":\"2-3,1-3\"},\"children\":[{\"type\":\"column\",\"props\":{\"image_position\":\"center-center\",\"media_overlay_gradient\":\"\",\"position_sticky_breakpoint\":\"m\",\"width_medium\":\"2-3\"},\"children\":[{\"type\":\"headline\",\"props\":{\"content\":\"ELS SECRETS D'ECDISI\",\"title_element\":\"h2\"}}]},{\"type\":\"column\",\"props\":{\"image_position\":\"center-center\",\"media_overlay_gradient\":\"\",\"position_sticky_breakpoint\":\"m\",\"width_medium\":\"1-3\"},\"children\":[{\"type\":\"button\",\"props\":{\"button_size\":\"large\",\"grid_column_gap\":\"small\",\"grid_row_gap\":\"small\",\"margin\":\"default\",\"text_align\":\"center\"},\"children\":[{\"type\":\"button_item\",\"props\":{\"button_style\":\"default\",\"content\":\"contr\\u00e0talo ara\",\"icon_align\":\"left\",\"link\":\"ca\\\/contratacio\\\/\"}}]}]}]}],\"name\":\"CALL TO ACTION\"}],\"version\":\"3.0.25\"} --><\/p>\n","protected":false},"excerpt":{"rendered":"<p>Els secrets d&#8217;Ecdisi &#8230;un espectacle explosiu i de gira internacional que fusiona una gran instal\u00b7laci\u00f3 art\u00edstica, titelles mec\u00e0nics i teatre f\u00edsic. &#8230;Enrotlleu, enrotlleu-vos per fer un passeig de filferro d&#8217;engranatge i politja pels recessos de la realitat&#8230; un carnaval d&#8217;atraccions estranyes i meravelloses&#8230; El recinte firal Twisted presenta un viatge teatral immersiu que enganyar\u00e0 i [&hellip;]<\/p>\n","protected":false},"author":1,"featured_media":0,"parent":713,"menu_order":0,"comment_status":"closed","ping_status":"closed","template":"","meta":{"_acf_changed":false,"footnotes":""},"class_list":["post-738","page","type-page","status-publish","hentry"],"acf":[],"yoast_head":"<!-- This site is optimized with the Yoast SEO plugin v27.4 - https:\/\/yoast.com\/product\/yoast-seo-wordpress\/ -->\n<title>Els secrets d&#039;Ecdisi - Twisted Fairground<\/title>\n<meta name=\"robots\" content=\"index, follow, max-snippet:-1, max-image-preview:large, max-video-preview:-1\" \/>\n<link rel=\"canonical\" href=\"https:\/\/twistedfairground.com\/ca\/espectacles\/els-secrets-decdisi\/\" \/>\n<meta property=\"og:locale\" content=\"ca_ES\" \/>\n<meta property=\"og:type\" content=\"article\" \/>\n<meta property=\"og:title\" content=\"Els secrets d&#039;Ecdisi - Twisted Fairground\" \/>\n<meta property=\"og:description\" content=\"Els secrets d&#8217;Ecdisi &#8230;un espectacle explosiu i de gira internacional que fusiona una gran instal\u00b7laci\u00f3 art\u00edstica, titelles mec\u00e0nics i teatre f\u00edsic. &#8230;Enrotlleu, enrotlleu-vos per fer un passeig de filferro d&#8217;engranatge i politja pels recessos de la realitat&#8230; un carnaval d&#8217;atraccions estranyes i meravelloses&#8230; El recinte firal Twisted presenta un viatge teatral immersiu que enganyar\u00e0 i [&hellip;]\" \/>\n<meta property=\"og:url\" content=\"https:\/\/twistedfairground.com\/ca\/espectacles\/els-secrets-decdisi\/\" \/>\n<meta property=\"og:site_name\" content=\"Twisted Fairground\" \/>\n<meta property=\"article:modified_time\" content=\"2023-05-02T21:41:27+00:00\" \/>\n<meta name=\"twitter:card\" content=\"summary_large_image\" \/>\n<meta name=\"twitter:label1\" content=\"Temps estimat de lectura\" \/>\n\t<meta name=\"twitter:data1\" content=\"1 minut\" \/>\n<script type=\"application\/ld+json\" class=\"yoast-schema-graph\">{\"@context\":\"https:\\\/\\\/schema.org\",\"@graph\":[{\"@type\":\"WebPage\",\"@id\":\"https:\\\/\\\/twistedfairground.com\\\/ca\\\/espectacles\\\/els-secrets-decdisi\\\/\",\"url\":\"https:\\\/\\\/twistedfairground.com\\\/ca\\\/espectacles\\\/els-secrets-decdisi\\\/\",\"name\":\"Els secrets d'Ecdisi - Twisted Fairground\",\"isPartOf\":{\"@id\":\"https:\\\/\\\/twistedfairground.com\\\/ca\\\/#website\"},\"datePublished\":\"2023-04-19T08:24:47+00:00\",\"dateModified\":\"2023-05-02T21:41:27+00:00\",\"breadcrumb\":{\"@id\":\"https:\\\/\\\/twistedfairground.com\\\/ca\\\/espectacles\\\/els-secrets-decdisi\\\/#breadcrumb\"},\"inLanguage\":\"ca\",\"potentialAction\":[{\"@type\":\"ReadAction\",\"target\":[\"https:\\\/\\\/twistedfairground.com\\\/ca\\\/espectacles\\\/els-secrets-decdisi\\\/\"]}]},{\"@type\":\"BreadcrumbList\",\"@id\":\"https:\\\/\\\/twistedfairground.com\\\/ca\\\/espectacles\\\/els-secrets-decdisi\\\/#breadcrumb\",\"itemListElement\":[{\"@type\":\"ListItem\",\"position\":1,\"name\":\"Home\",\"item\":\"https:\\\/\\\/twistedfairground.com\\\/ca\\\/\"},{\"@type\":\"ListItem\",\"position\":2,\"name\":\"Espectacles\",\"item\":\"https:\\\/\\\/twistedfairground.com\\\/ca\\\/espectacles\\\/\"},{\"@type\":\"ListItem\",\"position\":3,\"name\":\"Els secrets d&#8217;Ecdisi\"}]},{\"@type\":\"WebSite\",\"@id\":\"https:\\\/\\\/twistedfairground.com\\\/ca\\\/#website\",\"url\":\"https:\\\/\\\/twistedfairground.com\\\/ca\\\/\",\"name\":\"Twisted Fairground\",\"description\":\"Sideshow\",\"potentialAction\":[{\"@type\":\"SearchAction\",\"target\":{\"@type\":\"EntryPoint\",\"urlTemplate\":\"https:\\\/\\\/twistedfairground.com\\\/ca\\\/?s={search_term_string}\"},\"query-input\":{\"@type\":\"PropertyValueSpecification\",\"valueRequired\":true,\"valueName\":\"search_term_string\"}}],\"inLanguage\":\"ca\"}]}<\/script>\n<!-- \/ Yoast SEO plugin. -->","yoast_head_json":{"title":"Els secrets d'Ecdisi - Twisted Fairground","robots":{"index":"index","follow":"follow","max-snippet":"max-snippet:-1","max-image-preview":"max-image-preview:large","max-video-preview":"max-video-preview:-1"},"canonical":"https:\/\/twistedfairground.com\/ca\/espectacles\/els-secrets-decdisi\/","og_locale":"ca_ES","og_type":"article","og_title":"Els secrets d'Ecdisi - Twisted Fairground","og_description":"Els secrets d&#8217;Ecdisi &#8230;un espectacle explosiu i de gira internacional que fusiona una gran instal\u00b7laci\u00f3 art\u00edstica, titelles mec\u00e0nics i teatre f\u00edsic. &#8230;Enrotlleu, enrotlleu-vos per fer un passeig de filferro d&#8217;engranatge i politja pels recessos de la realitat&#8230; un carnaval d&#8217;atraccions estranyes i meravelloses&#8230; El recinte firal Twisted presenta un viatge teatral immersiu que enganyar\u00e0 i [&hellip;]","og_url":"https:\/\/twistedfairground.com\/ca\/espectacles\/els-secrets-decdisi\/","og_site_name":"Twisted Fairground","article_modified_time":"2023-05-02T21:41:27+00:00","twitter_card":"summary_large_image","twitter_misc":{"Temps estimat de lectura":"1 minut"},"schema":{"@context":"https:\/\/schema.org","@graph":[{"@type":"WebPage","@id":"https:\/\/twistedfairground.com\/ca\/espectacles\/els-secrets-decdisi\/","url":"https:\/\/twistedfairground.com\/ca\/espectacles\/els-secrets-decdisi\/","name":"Els secrets d'Ecdisi - Twisted Fairground","isPartOf":{"@id":"https:\/\/twistedfairground.com\/ca\/#website"},"datePublished":"2023-04-19T08:24:47+00:00","dateModified":"2023-05-02T21:41:27+00:00","breadcrumb":{"@id":"https:\/\/twistedfairground.com\/ca\/espectacles\/els-secrets-decdisi\/#breadcrumb"},"inLanguage":"ca","potentialAction":[{"@type":"ReadAction","target":["https:\/\/twistedfairground.com\/ca\/espectacles\/els-secrets-decdisi\/"]}]},{"@type":"BreadcrumbList","@id":"https:\/\/twistedfairground.com\/ca\/espectacles\/els-secrets-decdisi\/#breadcrumb","itemListElement":[{"@type":"ListItem","position":1,"name":"Home","item":"https:\/\/twistedfairground.com\/ca\/"},{"@type":"ListItem","position":2,"name":"Espectacles","item":"https:\/\/twistedfairground.com\/ca\/espectacles\/"},{"@type":"ListItem","position":3,"name":"Els secrets d&#8217;Ecdisi"}]},{"@type":"WebSite","@id":"https:\/\/twistedfairground.com\/ca\/#website","url":"https:\/\/twistedfairground.com\/ca\/","name":"Twisted Fairground","description":"Sideshow","potentialAction":[{"@type":"SearchAction","target":{"@type":"EntryPoint","urlTemplate":"https:\/\/twistedfairground.com\/ca\/?s={search_term_string}"},"query-input":{"@type":"PropertyValueSpecification","valueRequired":true,"valueName":"search_term_string"}}],"inLanguage":"ca"}]}},"_links":{"self":[{"href":"https:\/\/twistedfairground.com\/ca\/wp-json\/wp\/v2\/pages\/738","targetHints":{"allow":["GET"]}}],"collection":[{"href":"https:\/\/twistedfairground.com\/ca\/wp-json\/wp\/v2\/pages"}],"about":[{"href":"https:\/\/twistedfairground.com\/ca\/wp-json\/wp\/v2\/types\/page"}],"author":[{"embeddable":true,"href":"https:\/\/twistedfairground.com\/ca\/wp-json\/wp\/v2\/users\/1"}],"replies":[{"embeddable":true,"href":"https:\/\/twistedfairground.com\/ca\/wp-json\/wp\/v2\/comments?post=738"}],"version-history":[{"count":2,"href":"https:\/\/twistedfairground.com\/ca\/wp-json\/wp\/v2\/pages\/738\/revisions"}],"predecessor-version":[{"id":780,"href":"https:\/\/twistedfairground.com\/ca\/wp-json\/wp\/v2\/pages\/738\/revisions\/780"}],"up":[{"embeddable":true,"href":"https:\/\/twistedfairground.com\/ca\/wp-json\/wp\/v2\/pages\/713"}],"wp:attachment":[{"href":"https:\/\/twistedfairground.com\/ca\/wp-json\/wp\/v2\/media?parent=738"}],"curies":[{"name":"wp","href":"https:\/\/api.w.org\/{rel}","templated":true}]}}