{"id":744,"date":"2023-04-19T08:25:52","date_gmt":"2023-04-19T08:25:52","guid":{"rendered":"https:\/\/twistedfairground.com\/espectacles\/els-secrets-decdisi\/hospital-del-infierno\/"},"modified":"2023-05-02T21:49:03","modified_gmt":"2023-05-02T21:49:03","slug":"hospital-del-infierno","status":"publish","type":"page","link":"https:\/\/twistedfairground.com\/ca\/espectacles\/els-secrets-decdisi\/hospital-del-infierno\/","title":{"rendered":"Hospital Del Infierno"},"content":{"rendered":"<h1>HOSPITAL DEL INFIERNO<\/h1>\n<div>\n<p>&#8230;un hospital interactiu del 1900, on el p\u00fablic forma part d&#8217;una operaci\u00f3 en directe d&#8217;un metge infame i es troba cara a cara amb &#8220;Archie&#8221;, un aut\u00f2mat macabre que crida en moviment!<\/p>\n<\/div>\n<ul>\n<li>\n<p>        <img decoding=\"async\" src=\"\/wp-content\/uploads\/2023\/05\/twisted-fairground-hospital-del-infierno-02.jpg\" alt=\"\"><\/p>\n<h3>twisted-fairground-hospital-del-infierno-02<\/h3>\n<\/li>\n<li>\n<p>        <img decoding=\"async\" src=\"\/wp-content\/uploads\/2023\/05\/twisted-fairground-11.png\" alt=\"\"><\/p>\n<h3>twisted-fairground-11<\/h3>\n<\/li>\n<li>\n<p>        <img decoding=\"async\" src=\"\/wp-content\/uploads\/2023\/05\/twisted-fairground-hospital-del-infierno-03.jpg\" alt=\"\"><\/p>\n<h3>twisted-fairground-hospital-del-infierno-03<\/h3>\n<\/li>\n<li>\n<p>        <img decoding=\"async\" src=\"\/wp-content\/uploads\/2023\/05\/twisted-fairground-10.png\" alt=\"\"><\/p>\n<h3>twisted-fairground-10<\/h3>\n<\/li>\n<li>\n<p>        <img decoding=\"async\" src=\"\/wp-content\/uploads\/2023\/05\/twisted-fairground-hospital-del-infierno-04.jpg\" alt=\"\"><\/p>\n<h3>twisted-fairground-hospital-del-infierno-04<\/h3>\n<\/li>\n<li>\n<p>        <img decoding=\"async\" src=\"\/wp-content\/uploads\/2023\/05\/twisted-fairground-hospital-del-infierno-05.jpg\" alt=\"\"><\/p>\n<h3>twisted-fairground-hospital-del-infierno-05<\/h3>\n<\/li>\n<li>\n<p>        <img decoding=\"async\" src=\"\/wp-content\/uploads\/2023\/05\/twisted-fairground-hospital-del-infierno-06.jpg\" alt=\"\"><\/p>\n<h3>twisted-fairground-hospital-del-infierno-06<\/h3>\n<\/li>\n<li>\n<p>        <img decoding=\"async\" src=\"\/wp-content\/uploads\/2023\/05\/twisted-fairground-07.png\" alt=\"\"><\/p>\n<h3>twisted-fairground-07<\/h3>\n<\/li>\n<li>\n<p>        <img decoding=\"async\" src=\"\/wp-content\/uploads\/2023\/05\/twisted-fairground-12.png\" alt=\"\"><\/p>\n<h3>twisted-fairground-12<\/h3>\n<\/li>\n<li>\n<p>        <img decoding=\"async\" src=\"\/wp-content\/uploads\/2023\/05\/twisted-fairground-08.png\" alt=\"\"><\/p>\n<h3>twisted-fairground-08<\/h3>\n<\/li>\n<li>\n<p>        <img decoding=\"async\" src=\"\/wp-content\/uploads\/2023\/05\/twisted-fairground-09.png\" alt=\"\"><\/p>\n<h3>twisted-fairground-09<\/h3>\n<\/li>\n<li>\n<p>        <img decoding=\"async\" src=\"\/wp-content\/uploads\/2023\/05\/twisted-fairground-hospital-del-infierno-01.jpg\" alt=\"\"><\/p>\n<h3>twisted-fairground-hospital-del-infierno-01<\/h3>\n<\/li>\n<\/ul>\n<h2>Hospital del infierno, nom\u00e9s per a bojos<\/h2>\n<p>\n    <a href=\"\/ca\/contratacio\/\">contr\u00e0talo ara<\/a>\n<\/p>\n<p><!--more--><br \/>\n<!-- {\"type\":\"layout\",\"children\":[{\"type\":\"section\",\"props\":{\"height\":\"full\",\"image\":\"http:\\\/\\\/twistedfairground.com\\\/wp-content\\\/uploads\\\/2023\\\/05\\\/twisted-fairground-hospital-del-infierno-05.jpg\",\"image_effect\":\"parallax\",\"image_parallax_bgy\":\"-200,-450 25%\",\"image_position\":\"center-center\",\"image_size\":\"cover\",\"style\":\"default\",\"title_breakpoint\":\"xl\",\"title_position\":\"top-left\",\"title_rotation\":\"left\",\"vertical_align\":\"middle\",\"width\":\"default\"},\"children\":[{\"type\":\"row\",\"children\":[{\"type\":\"column\",\"props\":{\"image_position\":\"center-center\",\"media_overlay_gradient\":\"\",\"position_sticky_breakpoint\":\"m\"},\"children\":[]}]}]},{\"type\":\"section\",\"props\":{\"image_position\":\"center-center\",\"overlap\":true,\"style\":\"secondary\",\"title_breakpoint\":\"xl\",\"title_position\":\"top-left\",\"title_rotation\":\"left\",\"vertical_align\":\"middle\",\"width\":\"default\"},\"children\":[{\"type\":\"row\",\"children\":[{\"type\":\"column\",\"props\":{\"image_position\":\"center-center\",\"media_overlay_gradient\":\"\",\"position_sticky_breakpoint\":\"m\"},\"children\":[{\"type\":\"headline\",\"props\":{\"content\":\"HOSPITAL DEL INFIERNO\",\"text_align\":\"center\",\"title_element\":\"h1\",\"title_style\":\"heading-medium\"}},{\"type\":\"text\",\"props\":{\"column_breakpoint\":\"m\",\"content\":\"\n\n<p>...un hospital interactiu del 1900, on el p\\u00fablic forma part d'una operaci\\u00f3 en directe d'un metge infame i es troba cara a cara amb \\\"Archie\\\", un aut\\u00f2mat macabre que crida en moviment!<\\\/p>\",\"margin\":\"default\"}},{\"type\":\"gallery\",\"props\":{\"filter_align\":\"left\",\"filter_all\":true,\"filter_grid_breakpoint\":\"m\",\"filter_grid_width\":\"auto\",\"filter_position\":\"top\",\"filter_style\":\"tab\",\"grid_default\":\"1\",\"grid_masonry\":true,\"grid_medium\":\"3\",\"grid_parallax\":\"260\",\"image_width\":\"720\",\"item_animation\":true,\"link_style\":\"default\",\"link_text\":\"Read more\",\"margin\":\"default\",\"meta_align\":\"below-title\",\"meta_element\":\"div\",\"meta_style\":\"text-meta\",\"overlay_hover\":true,\"overlay_link\":true,\"overlay_mode\":\"cover\",\"overlay_position\":\"center\",\"overlay_style\":\"overlay-primary\",\"overlay_transition\":\"fade\",\"overlay_transition_background\":false,\"show_content\":true,\"show_hover_image\":true,\"show_link\":true,\"show_meta\":true,\"show_title\":false,\"text_align\":\"center\",\"text_color\":\"light\",\"title_element\":\"h3\",\"title_hover_style\":\"reset\"},\"children\":[{\"type\":\"gallery_item\",\"props\":{\"image\":\"wp-content\\\/uploads\\\/2023\\\/05\\\/twisted-fairground-hospital-del-infierno-02.jpg\",\"title\":\"twisted-fairground-hospital-del-infierno-02\"}},{\"type\":\"gallery_item\",\"props\":{\"image\":\"wp-content\\\/uploads\\\/2023\\\/05\\\/twisted-fairground-11.png\",\"title\":\"twisted-fairground-11\"}},{\"type\":\"gallery_item\",\"props\":{\"image\":\"wp-content\\\/uploads\\\/2023\\\/05\\\/twisted-fairground-hospital-del-infierno-03.jpg\",\"title\":\"twisted-fairground-hospital-del-infierno-03\"}},{\"type\":\"gallery_item\",\"props\":{\"image\":\"wp-content\\\/uploads\\\/2023\\\/05\\\/twisted-fairground-10.png\",\"title\":\"twisted-fairground-10\"}},{\"type\":\"gallery_item\",\"props\":{\"image\":\"wp-content\\\/uploads\\\/2023\\\/05\\\/twisted-fairground-hospital-del-infierno-04.jpg\",\"title\":\"twisted-fairground-hospital-del-infierno-04\"}},{\"type\":\"gallery_item\",\"props\":{\"image\":\"wp-content\\\/uploads\\\/2023\\\/05\\\/twisted-fairground-hospital-del-infierno-05.jpg\",\"title\":\"twisted-fairground-hospital-del-infierno-05\"}},{\"type\":\"gallery_item\",\"props\":{\"image\":\"wp-content\\\/uploads\\\/2023\\\/05\\\/twisted-fairground-hospital-del-infierno-06.jpg\",\"title\":\"twisted-fairground-hospital-del-infierno-06\"}},{\"type\":\"gallery_item\",\"props\":{\"image\":\"wp-content\\\/uploads\\\/2023\\\/05\\\/twisted-fairground-07.png\",\"title\":\"twisted-fairground-07\"}},{\"type\":\"gallery_item\",\"props\":{\"image\":\"wp-content\\\/uploads\\\/2023\\\/05\\\/twisted-fairground-12.png\",\"title\":\"twisted-fairground-12\"}},{\"type\":\"gallery_item\",\"props\":{\"image\":\"wp-content\\\/uploads\\\/2023\\\/05\\\/twisted-fairground-08.png\",\"title\":\"twisted-fairground-08\"}},{\"type\":\"gallery_item\",\"props\":{\"image\":\"wp-content\\\/uploads\\\/2023\\\/05\\\/twisted-fairground-09.png\",\"title\":\"twisted-fairground-09\"}},{\"type\":\"gallery_item\",\"props\":{\"image\":\"wp-content\\\/uploads\\\/2023\\\/05\\\/twisted-fairground-hospital-del-infierno-01.jpg\",\"title\":\"twisted-fairground-hospital-del-infierno-01\"}}]}]}]}]},{\"type\":\"section\",\"props\":{\"height\":\"section\",\"image\":\"http:\\\/\\\/twistedfairground.com\\\/wp-content\\\/uploads\\\/2023\\\/05\\\/twisted-fairground-hospital-del-infierno-03.jpg\",\"image_effect\":\"parallax\",\"image_parallax_bgy\":\"-120 0%\",\"image_position\":\"top-center\",\"image_size\":\"cover\",\"overlap\":true,\"style\":\"default\",\"title_breakpoint\":\"xl\",\"title_position\":\"top-left\",\"title_rotation\":\"left\",\"vertical_align\":\"middle\",\"width\":\"default\"},\"children\":[{\"type\":\"row\",\"children\":[{\"type\":\"column\",\"props\":{\"image_position\":\"center-center\",\"media_overlay_gradient\":\"\",\"position_sticky_breakpoint\":\"m\"},\"children\":[]}]}]},{\"type\":\"section\",\"props\":{\"image_position\":\"center-center\",\"overlap\":true,\"style\":\"primary\",\"title_breakpoint\":\"xl\",\"title_position\":\"top-left\",\"title_rotation\":\"left\",\"vertical_align\":\"middle\",\"width\":\"default\"},\"children\":[{\"type\":\"row\",\"props\":{\"layout\":\"2-3,1-3\"},\"children\":[{\"type\":\"column\",\"props\":{\"image_position\":\"center-center\",\"media_overlay_gradient\":\"\",\"position_sticky_breakpoint\":\"m\",\"width_medium\":\"2-3\"},\"children\":[{\"type\":\"headline\",\"props\":{\"content\":\"Hospital del infierno, nom\\u00e9s per a bojos\",\"title_element\":\"h2\"}}]},{\"type\":\"column\",\"props\":{\"image_position\":\"center-center\",\"media_overlay_gradient\":\"\",\"position_sticky_breakpoint\":\"m\",\"width_medium\":\"1-3\"},\"children\":[{\"type\":\"button\",\"props\":{\"button_size\":\"large\",\"grid_column_gap\":\"small\",\"grid_row_gap\":\"small\",\"margin\":\"default\",\"text_align\":\"center\"},\"children\":[{\"type\":\"button_item\",\"props\":{\"button_style\":\"default\",\"content\":\"contr\\u00e0talo ara\",\"icon_align\":\"left\",\"link\":\"ca\\\/contratacio\\\/\"}}]}]}]}]}],\"version\":\"3.0.25\"} --><\/p>\n","protected":false},"excerpt":{"rendered":"<p>HOSPITAL DEL INFIERNO &#8230;un hospital interactiu del 1900, on el p\u00fablic forma part d&#8217;una operaci\u00f3 en directe d&#8217;un metge infame i es troba cara a cara amb &#8220;Archie&#8221;, un aut\u00f2mat macabre que crida en moviment! twisted-fairground-hospital-del-infierno-02 twisted-fairground-11 twisted-fairground-hospital-del-infierno-03 twisted-fairground-10 twisted-fairground-hospital-del-infierno-04 twisted-fairground-hospital-del-infierno-05 twisted-fairground-hospital-del-infierno-06 twisted-fairground-07 twisted-fairground-12 twisted-fairground-08 twisted-fairground-09 twisted-fairground-hospital-del-infierno-01 Hospital del infierno, nom\u00e9s per a bojos contr\u00e0talo [&hellip;]<\/p>\n","protected":false},"author":1,"featured_media":110,"parent":738,"menu_order":0,"comment_status":"closed","ping_status":"closed","template":"","meta":{"_acf_changed":false,"footnotes":""},"class_list":["post-744","page","type-page","status-publish","has-post-thumbnail","hentry"],"acf":[],"yoast_head":"<!-- This site is optimized with the Yoast SEO plugin v27.4 - https:\/\/yoast.com\/product\/yoast-seo-wordpress\/ -->\n<title>Hospital Del Infierno - Twisted Fairground<\/title>\n<meta name=\"robots\" content=\"index, follow, max-snippet:-1, max-image-preview:large, max-video-preview:-1\" \/>\n<link rel=\"canonical\" href=\"https:\/\/twistedfairground.com\/ca\/espectacles\/els-secrets-decdisi\/hospital-del-infierno\/\" \/>\n<meta property=\"og:locale\" content=\"ca_ES\" \/>\n<meta property=\"og:type\" content=\"article\" \/>\n<meta property=\"og:title\" content=\"Hospital Del Infierno - Twisted Fairground\" \/>\n<meta property=\"og:description\" content=\"HOSPITAL DEL INFIERNO &#8230;un hospital interactiu del 1900, on el p\u00fablic forma part d&#8217;una operaci\u00f3 en directe d&#8217;un metge infame i es troba cara a cara amb &#8220;Archie&#8221;, un aut\u00f2mat macabre que crida en moviment! twisted-fairground-hospital-del-infierno-02 twisted-fairground-11 twisted-fairground-hospital-del-infierno-03 twisted-fairground-10 twisted-fairground-hospital-del-infierno-04 twisted-fairground-hospital-del-infierno-05 twisted-fairground-hospital-del-infierno-06 twisted-fairground-07 twisted-fairground-12 twisted-fairground-08 twisted-fairground-09 twisted-fairground-hospital-del-infierno-01 Hospital del infierno, nom\u00e9s per a bojos contr\u00e0talo [&hellip;]\" \/>\n<meta property=\"og:url\" content=\"https:\/\/twistedfairground.com\/ca\/espectacles\/els-secrets-decdisi\/hospital-del-infierno\/\" \/>\n<meta property=\"og:site_name\" content=\"Twisted Fairground\" \/>\n<meta property=\"article:modified_time\" content=\"2023-05-02T21:49:03+00:00\" \/>\n<meta property=\"og:image\" content=\"https:\/\/twistedfairground.com\/wp-content\/uploads\/2023\/04\/hospital-del-infierno-teaser.jpg\" \/>\n\t<meta property=\"og:image:width\" content=\"1080\" \/>\n\t<meta property=\"og:image:height\" content=\"1080\" \/>\n\t<meta property=\"og:image:type\" content=\"image\/jpeg\" \/>\n<meta name=\"twitter:card\" content=\"summary_large_image\" \/>\n<script type=\"application\/ld+json\" class=\"yoast-schema-graph\">{\"@context\":\"https:\\\/\\\/schema.org\",\"@graph\":[{\"@type\":\"WebPage\",\"@id\":\"https:\\\/\\\/twistedfairground.com\\\/ca\\\/espectacles\\\/els-secrets-decdisi\\\/hospital-del-infierno\\\/\",\"url\":\"https:\\\/\\\/twistedfairground.com\\\/ca\\\/espectacles\\\/els-secrets-decdisi\\\/hospital-del-infierno\\\/\",\"name\":\"Hospital Del Infierno - Twisted Fairground\",\"isPartOf\":{\"@id\":\"https:\\\/\\\/twistedfairground.com\\\/ca\\\/#website\"},\"primaryImageOfPage\":{\"@id\":\"https:\\\/\\\/twistedfairground.com\\\/ca\\\/espectacles\\\/els-secrets-decdisi\\\/hospital-del-infierno\\\/#primaryimage\"},\"image\":{\"@id\":\"https:\\\/\\\/twistedfairground.com\\\/ca\\\/espectacles\\\/els-secrets-decdisi\\\/hospital-del-infierno\\\/#primaryimage\"},\"thumbnailUrl\":\"https:\\\/\\\/twistedfairground.com\\\/wp-content\\\/uploads\\\/2023\\\/04\\\/hospital-del-infierno-teaser.jpg\",\"datePublished\":\"2023-04-19T08:25:52+00:00\",\"dateModified\":\"2023-05-02T21:49:03+00:00\",\"breadcrumb\":{\"@id\":\"https:\\\/\\\/twistedfairground.com\\\/ca\\\/espectacles\\\/els-secrets-decdisi\\\/hospital-del-infierno\\\/#breadcrumb\"},\"inLanguage\":\"ca\",\"potentialAction\":[{\"@type\":\"ReadAction\",\"target\":[\"https:\\\/\\\/twistedfairground.com\\\/ca\\\/espectacles\\\/els-secrets-decdisi\\\/hospital-del-infierno\\\/\"]}]},{\"@type\":\"ImageObject\",\"inLanguage\":\"ca\",\"@id\":\"https:\\\/\\\/twistedfairground.com\\\/ca\\\/espectacles\\\/els-secrets-decdisi\\\/hospital-del-infierno\\\/#primaryimage\",\"url\":\"https:\\\/\\\/twistedfairground.com\\\/wp-content\\\/uploads\\\/2023\\\/04\\\/hospital-del-infierno-teaser.jpg\",\"contentUrl\":\"https:\\\/\\\/twistedfairground.com\\\/wp-content\\\/uploads\\\/2023\\\/04\\\/hospital-del-infierno-teaser.jpg\",\"width\":1080,\"height\":1080},{\"@type\":\"BreadcrumbList\",\"@id\":\"https:\\\/\\\/twistedfairground.com\\\/ca\\\/espectacles\\\/els-secrets-decdisi\\\/hospital-del-infierno\\\/#breadcrumb\",\"itemListElement\":[{\"@type\":\"ListItem\",\"position\":1,\"name\":\"Home\",\"item\":\"https:\\\/\\\/twistedfairground.com\\\/ca\\\/\"},{\"@type\":\"ListItem\",\"position\":2,\"name\":\"Espectacles\",\"item\":\"https:\\\/\\\/twistedfairground.com\\\/ca\\\/espectacles\\\/\"},{\"@type\":\"ListItem\",\"position\":3,\"name\":\"Els secrets d&#8217;Ecdisi\",\"item\":\"https:\\\/\\\/twistedfairground.com\\\/ca\\\/espectacles\\\/els-secrets-decdisi\\\/\"},{\"@type\":\"ListItem\",\"position\":4,\"name\":\"Hospital Del Infierno\"}]},{\"@type\":\"WebSite\",\"@id\":\"https:\\\/\\\/twistedfairground.com\\\/ca\\\/#website\",\"url\":\"https:\\\/\\\/twistedfairground.com\\\/ca\\\/\",\"name\":\"Twisted Fairground\",\"description\":\"Sideshow\",\"potentialAction\":[{\"@type\":\"SearchAction\",\"target\":{\"@type\":\"EntryPoint\",\"urlTemplate\":\"https:\\\/\\\/twistedfairground.com\\\/ca\\\/?s={search_term_string}\"},\"query-input\":{\"@type\":\"PropertyValueSpecification\",\"valueRequired\":true,\"valueName\":\"search_term_string\"}}],\"inLanguage\":\"ca\"}]}<\/script>\n<!-- \/ Yoast SEO plugin. -->","yoast_head_json":{"title":"Hospital Del Infierno - Twisted Fairground","robots":{"index":"index","follow":"follow","max-snippet":"max-snippet:-1","max-image-preview":"max-image-preview:large","max-video-preview":"max-video-preview:-1"},"canonical":"https:\/\/twistedfairground.com\/ca\/espectacles\/els-secrets-decdisi\/hospital-del-infierno\/","og_locale":"ca_ES","og_type":"article","og_title":"Hospital Del Infierno - Twisted Fairground","og_description":"HOSPITAL DEL INFIERNO &#8230;un hospital interactiu del 1900, on el p\u00fablic forma part d&#8217;una operaci\u00f3 en directe d&#8217;un metge infame i es troba cara a cara amb &#8220;Archie&#8221;, un aut\u00f2mat macabre que crida en moviment! twisted-fairground-hospital-del-infierno-02 twisted-fairground-11 twisted-fairground-hospital-del-infierno-03 twisted-fairground-10 twisted-fairground-hospital-del-infierno-04 twisted-fairground-hospital-del-infierno-05 twisted-fairground-hospital-del-infierno-06 twisted-fairground-07 twisted-fairground-12 twisted-fairground-08 twisted-fairground-09 twisted-fairground-hospital-del-infierno-01 Hospital del infierno, nom\u00e9s per a bojos contr\u00e0talo [&hellip;]","og_url":"https:\/\/twistedfairground.com\/ca\/espectacles\/els-secrets-decdisi\/hospital-del-infierno\/","og_site_name":"Twisted Fairground","article_modified_time":"2023-05-02T21:49:03+00:00","og_image":[{"width":1080,"height":1080,"url":"https:\/\/twistedfairground.com\/wp-content\/uploads\/2023\/04\/hospital-del-infierno-teaser.jpg","type":"image\/jpeg"}],"twitter_card":"summary_large_image","schema":{"@context":"https:\/\/schema.org","@graph":[{"@type":"WebPage","@id":"https:\/\/twistedfairground.com\/ca\/espectacles\/els-secrets-decdisi\/hospital-del-infierno\/","url":"https:\/\/twistedfairground.com\/ca\/espectacles\/els-secrets-decdisi\/hospital-del-infierno\/","name":"Hospital Del Infierno - Twisted Fairground","isPartOf":{"@id":"https:\/\/twistedfairground.com\/ca\/#website"},"primaryImageOfPage":{"@id":"https:\/\/twistedfairground.com\/ca\/espectacles\/els-secrets-decdisi\/hospital-del-infierno\/#primaryimage"},"image":{"@id":"https:\/\/twistedfairground.com\/ca\/espectacles\/els-secrets-decdisi\/hospital-del-infierno\/#primaryimage"},"thumbnailUrl":"https:\/\/twistedfairground.com\/wp-content\/uploads\/2023\/04\/hospital-del-infierno-teaser.jpg","datePublished":"2023-04-19T08:25:52+00:00","dateModified":"2023-05-02T21:49:03+00:00","breadcrumb":{"@id":"https:\/\/twistedfairground.com\/ca\/espectacles\/els-secrets-decdisi\/hospital-del-infierno\/#breadcrumb"},"inLanguage":"ca","potentialAction":[{"@type":"ReadAction","target":["https:\/\/twistedfairground.com\/ca\/espectacles\/els-secrets-decdisi\/hospital-del-infierno\/"]}]},{"@type":"ImageObject","inLanguage":"ca","@id":"https:\/\/twistedfairground.com\/ca\/espectacles\/els-secrets-decdisi\/hospital-del-infierno\/#primaryimage","url":"https:\/\/twistedfairground.com\/wp-content\/uploads\/2023\/04\/hospital-del-infierno-teaser.jpg","contentUrl":"https:\/\/twistedfairground.com\/wp-content\/uploads\/2023\/04\/hospital-del-infierno-teaser.jpg","width":1080,"height":1080},{"@type":"BreadcrumbList","@id":"https:\/\/twistedfairground.com\/ca\/espectacles\/els-secrets-decdisi\/hospital-del-infierno\/#breadcrumb","itemListElement":[{"@type":"ListItem","position":1,"name":"Home","item":"https:\/\/twistedfairground.com\/ca\/"},{"@type":"ListItem","position":2,"name":"Espectacles","item":"https:\/\/twistedfairground.com\/ca\/espectacles\/"},{"@type":"ListItem","position":3,"name":"Els secrets d&#8217;Ecdisi","item":"https:\/\/twistedfairground.com\/ca\/espectacles\/els-secrets-decdisi\/"},{"@type":"ListItem","position":4,"name":"Hospital Del Infierno"}]},{"@type":"WebSite","@id":"https:\/\/twistedfairground.com\/ca\/#website","url":"https:\/\/twistedfairground.com\/ca\/","name":"Twisted Fairground","description":"Sideshow","potentialAction":[{"@type":"SearchAction","target":{"@type":"EntryPoint","urlTemplate":"https:\/\/twistedfairground.com\/ca\/?s={search_term_string}"},"query-input":{"@type":"PropertyValueSpecification","valueRequired":true,"valueName":"search_term_string"}}],"inLanguage":"ca"}]}},"_links":{"self":[{"href":"https:\/\/twistedfairground.com\/ca\/wp-json\/wp\/v2\/pages\/744","targetHints":{"allow":["GET"]}}],"collection":[{"href":"https:\/\/twistedfairground.com\/ca\/wp-json\/wp\/v2\/pages"}],"about":[{"href":"https:\/\/twistedfairground.com\/ca\/wp-json\/wp\/v2\/types\/page"}],"author":[{"embeddable":true,"href":"https:\/\/twistedfairground.com\/ca\/wp-json\/wp\/v2\/users\/1"}],"replies":[{"embeddable":true,"href":"https:\/\/twistedfairground.com\/ca\/wp-json\/wp\/v2\/comments?post=744"}],"version-history":[{"count":3,"href":"https:\/\/twistedfairground.com\/ca\/wp-json\/wp\/v2\/pages\/744\/revisions"}],"predecessor-version":[{"id":782,"href":"https:\/\/twistedfairground.com\/ca\/wp-json\/wp\/v2\/pages\/744\/revisions\/782"}],"up":[{"embeddable":true,"href":"https:\/\/twistedfairground.com\/ca\/wp-json\/wp\/v2\/pages\/738"}],"wp:featuredmedia":[{"embeddable":true,"href":"https:\/\/twistedfairground.com\/ca\/wp-json\/wp\/v2\/media\/110"}],"wp:attachment":[{"href":"https:\/\/twistedfairground.com\/ca\/wp-json\/wp\/v2\/media?parent=744"}],"curies":[{"name":"wp","href":"https:\/\/api.w.org\/{rel}","templated":true}]}}