{"id":757,"date":"2023-04-19T08:25:29","date_gmt":"2023-04-19T08:25:29","guid":{"rendered":"https:\/\/twistedfairground.com\/espectacles\/els-secrets-decdisi\/serpentina\/"},"modified":"2023-05-02T21:45:25","modified_gmt":"2023-05-02T21:45:25","slug":"serpentina","status":"publish","type":"page","link":"https:\/\/twistedfairground.com\/ca\/espectacles\/els-secrets-decdisi\/serpentina\/","title":{"rendered":"Serpentina"},"content":{"rendered":"<h1>SERPENTINA<\/h1>\n<div>\n<p>Una pe\u00e7a escandalosa i din\u00e0mica d&#8217;un enorme titella mec\u00e0nica que a trav\u00e9s del teatre, l&#8217;humor, la sorpresa, la imatge escultura i l&#8217;enginyeria, explora la veritable met\u00e0fora d&#8217;un hum\u00e0.<\/p>\n<\/div>\n<ul>\n<li>\n<p>        <img decoding=\"async\" src=\"\/wp-content\/uploads\/2023\/05\/serpentina-10.jpg\" alt=\"\"><\/p>\n<h3>serpentina-10<\/h3>\n<\/li>\n<li>\n<p>        <img decoding=\"async\" src=\"\/wp-content\/uploads\/2023\/04\/serpentina-vertical-large.jpg\" alt=\"\"><\/p>\n<h3>Serpentina<\/h3>\n<\/li>\n<li>\n<p>        <img decoding=\"async\" src=\"\/wp-content\/uploads\/2023\/04\/serpentina-large.jpg\" alt=\"\"><\/p>\n<h3>Serpentina<\/h3>\n<\/li>\n<li>\n<p>        <img decoding=\"async\" src=\"\/wp-content\/uploads\/2023\/05\/serpentina-09.jpg\" alt=\"\"><\/p>\n<h3>serpentina-09<\/h3>\n<\/li>\n<li>\n<p>        <img decoding=\"async\" src=\"\/wp-content\/uploads\/2023\/05\/serpentina-01.jpg\" alt=\"\"><\/p>\n<h3>serpentina-01<\/h3>\n<\/li>\n<li>\n<p>        <img decoding=\"async\" src=\"\/wp-content\/uploads\/2023\/05\/serpentina-08.jpg\" alt=\"\"><\/p>\n<h3>serpentina-08<\/h3>\n<\/li>\n<li>\n<p>        <img decoding=\"async\" src=\"\/wp-content\/uploads\/2023\/05\/serpentina-05.jpg\" alt=\"\"><\/p>\n<h3>serpentina-05<\/h3>\n<\/li>\n<li>\n<p>        <img decoding=\"async\" src=\"\/wp-content\/uploads\/2023\/05\/serpentina-02-scaled.jpg\" alt=\"\"><\/p>\n<h3>serpentina-02<\/h3>\n<\/li>\n<li>\n<p>        <img decoding=\"async\" src=\"\/wp-content\/uploads\/2023\/05\/serpentina-03.jpg\" alt=\"\"><\/p>\n<h3>serpentina-03<\/h3>\n<\/li>\n<li>\n<p>        <img decoding=\"async\" src=\"\/wp-content\/uploads\/2023\/05\/serpentina-04.jpg\" alt=\"\"><\/p>\n<h3>serpentina-04<\/h3>\n<\/li>\n<li>\n<p>        <img decoding=\"async\" src=\"\/wp-content\/uploads\/2023\/05\/serpentina-07.jpg\" alt=\"\"><\/p>\n<h3>serpentina-07<\/h3>\n<\/li>\n<li>\n<p>        <img decoding=\"async\" src=\"\/wp-content\/uploads\/2023\/05\/serpentina-06.jpg\" alt=\"\"><\/p>\n<h3>serpentina-06<\/h3>\n<\/li>\n<\/ul>\n<h2>Entra al fascinant m\u00f3n de Serpentina<\/h2>\n<p>\n    <a href=\"\/ca\/contratacio\/\">contr\u00e0talo ara<\/a>\n<\/p>\n<p><!--more--><br \/>\n<!-- {\"type\":\"layout\",\"children\":[{\"type\":\"section\",\"props\":{\"height\":\"full\",\"image\":\"wp-content\\\/uploads\\\/2023\\\/04\\\/serpentina-vertical-large.jpg\",\"image_effect\":\"parallax\",\"image_parallax_bgy\":\"-300 0%\",\"image_position\":\"top-center\",\"image_size\":\"cover\",\"style\":\"default\",\"title_breakpoint\":\"xl\",\"title_position\":\"top-left\",\"title_rotation\":\"left\",\"vertical_align\":\"middle\",\"width\":\"default\"},\"children\":[{\"type\":\"row\",\"children\":[{\"type\":\"column\",\"props\":{\"image_position\":\"center-center\",\"media_overlay_gradient\":\"\",\"position_sticky_breakpoint\":\"m\"},\"children\":[]}]}]},{\"type\":\"section\",\"props\":{\"image_position\":\"center-center\",\"overlap\":true,\"style\":\"secondary\",\"title_breakpoint\":\"xl\",\"title_position\":\"top-left\",\"title_rotation\":\"left\",\"vertical_align\":\"middle\",\"width\":\"default\"},\"children\":[{\"type\":\"row\",\"children\":[{\"type\":\"column\",\"props\":{\"image_position\":\"center-center\",\"media_overlay_gradient\":\"\",\"position_sticky_breakpoint\":\"m\"},\"children\":[{\"type\":\"headline\",\"props\":{\"content\":\"SERPENTINA\",\"text_align\":\"center\",\"title_element\":\"h1\",\"title_style\":\"heading-medium\"}},{\"type\":\"text\",\"props\":{\"column_breakpoint\":\"m\",\"content\":\"\n\n<p>Una pe\\u00e7a escandalosa i din\\u00e0mica d'un enorme titella mec\\u00e0nica que a trav\\u00e9s del teatre, l'humor, la sorpresa, la imatge escultura i l'enginyeria, explora la veritable met\\u00e0fora d'un hum\\u00e0.<\\\/p>\",\"margin\":\"default\"}},{\"type\":\"gallery\",\"props\":{\"filter_align\":\"left\",\"filter_all\":true,\"filter_grid_breakpoint\":\"m\",\"filter_grid_width\":\"auto\",\"filter_position\":\"top\",\"filter_style\":\"tab\",\"grid_default\":\"1\",\"grid_masonry\":true,\"grid_medium\":\"3\",\"grid_parallax\":\"260\",\"image_width\":\"720\",\"item_animation\":true,\"link_style\":\"default\",\"link_text\":\"Read more\",\"margin\":\"default\",\"meta_align\":\"below-title\",\"meta_element\":\"div\",\"meta_style\":\"text-meta\",\"overlay_hover\":true,\"overlay_link\":true,\"overlay_mode\":\"cover\",\"overlay_position\":\"center\",\"overlay_style\":\"overlay-primary\",\"overlay_transition\":\"fade\",\"overlay_transition_background\":false,\"show_content\":true,\"show_hover_image\":true,\"show_link\":true,\"show_meta\":true,\"show_title\":false,\"text_align\":\"center\",\"text_color\":\"light\",\"title_element\":\"h3\",\"title_hover_style\":\"reset\"},\"children\":[{\"type\":\"gallery_item\",\"props\":{\"image\":\"wp-content\\\/uploads\\\/2023\\\/05\\\/serpentina-10.jpg\",\"title\":\"serpentina-10\"}},{\"type\":\"gallery_item\",\"props\":{\"image\":\"wp-content\\\/uploads\\\/2023\\\/04\\\/serpentina-vertical-large.jpg\",\"title\":\"Serpentina\"}},{\"type\":\"gallery_item\",\"props\":{\"image\":\"wp-content\\\/uploads\\\/2023\\\/04\\\/serpentina-large.jpg\",\"title\":\"Serpentina\"}},{\"type\":\"gallery_item\",\"props\":{\"image\":\"wp-content\\\/uploads\\\/2023\\\/05\\\/serpentina-09.jpg\",\"title\":\"serpentina-09\"}},{\"type\":\"gallery_item\",\"props\":{\"image\":\"wp-content\\\/uploads\\\/2023\\\/05\\\/serpentina-01.jpg\",\"title\":\"serpentina-01\"}},{\"type\":\"gallery_item\",\"props\":{\"image\":\"wp-content\\\/uploads\\\/2023\\\/05\\\/serpentina-08.jpg\",\"title\":\"serpentina-08\"}},{\"type\":\"gallery_item\",\"props\":{\"image\":\"wp-content\\\/uploads\\\/2023\\\/05\\\/serpentina-05.jpg\",\"title\":\"serpentina-05\"}},{\"type\":\"gallery_item\",\"props\":{\"image\":\"wp-content\\\/uploads\\\/2023\\\/05\\\/serpentina-02-scaled.jpg\",\"title\":\"serpentina-02\"}},{\"type\":\"gallery_item\",\"props\":{\"image\":\"wp-content\\\/uploads\\\/2023\\\/05\\\/serpentina-03.jpg\",\"title\":\"serpentina-03\"}},{\"type\":\"gallery_item\",\"props\":{\"image\":\"wp-content\\\/uploads\\\/2023\\\/05\\\/serpentina-04.jpg\",\"title\":\"serpentina-04\"}},{\"type\":\"gallery_item\",\"props\":{\"image\":\"wp-content\\\/uploads\\\/2023\\\/05\\\/serpentina-07.jpg\",\"title\":\"serpentina-07\"}},{\"type\":\"gallery_item\",\"props\":{\"image\":\"wp-content\\\/uploads\\\/2023\\\/05\\\/serpentina-06.jpg\",\"title\":\"serpentina-06\"}}]}]}]}]},{\"type\":\"section\",\"props\":{\"height\":\"section\",\"image\":\"wp-content\\\/uploads\\\/2023\\\/05\\\/serpentina-10.jpg\",\"image_effect\":\"parallax\",\"image_parallax_bgy\":\"-300 0%,-600 100%\",\"image_position\":\"top-center\",\"image_size\":\"cover\",\"overlap\":true,\"style\":\"default\",\"title_breakpoint\":\"xl\",\"title_position\":\"top-left\",\"title_rotation\":\"left\",\"vertical_align\":\"middle\",\"width\":\"default\"},\"children\":[{\"type\":\"row\",\"children\":[{\"type\":\"column\",\"props\":{\"image_position\":\"center-center\",\"media_overlay_gradient\":\"\",\"position_sticky_breakpoint\":\"m\"},\"children\":[]}]}]},{\"type\":\"section\",\"props\":{\"image_position\":\"center-center\",\"overlap\":true,\"style\":\"primary\",\"title_breakpoint\":\"xl\",\"title_position\":\"top-left\",\"title_rotation\":\"left\",\"vertical_align\":\"middle\",\"width\":\"default\"},\"children\":[{\"type\":\"row\",\"props\":{\"layout\":\"2-3,1-3\"},\"children\":[{\"type\":\"column\",\"props\":{\"image_position\":\"center-center\",\"media_overlay_gradient\":\"\",\"position_sticky_breakpoint\":\"m\",\"width_medium\":\"2-3\"},\"children\":[{\"type\":\"headline\",\"props\":{\"content\":\"Entra al fascinant m\\u00f3n de Serpentina\",\"title_element\":\"h2\"}}]},{\"type\":\"column\",\"props\":{\"image_position\":\"center-center\",\"media_overlay_gradient\":\"\",\"position_sticky_breakpoint\":\"m\",\"width_medium\":\"1-3\"},\"children\":[{\"type\":\"button\",\"props\":{\"button_size\":\"large\",\"grid_column_gap\":\"small\",\"grid_row_gap\":\"small\",\"margin\":\"default\",\"text_align\":\"center\"},\"children\":[{\"type\":\"button_item\",\"props\":{\"button_style\":\"default\",\"content\":\"contr\\u00e0talo ara\",\"icon_align\":\"left\",\"link\":\"ca\\\/contratacio\\\/\"}}]}]}]}]}],\"version\":\"3.0.25\"} --><\/p>\n","protected":false},"excerpt":{"rendered":"<p>SERPENTINA Una pe\u00e7a escandalosa i din\u00e0mica d&#8217;un enorme titella mec\u00e0nica que a trav\u00e9s del teatre, l&#8217;humor, la sorpresa, la imatge escultura i l&#8217;enginyeria, explora la veritable met\u00e0fora d&#8217;un hum\u00e0. serpentina-10 Serpentina Serpentina serpentina-09 serpentina-01 serpentina-08 serpentina-05 serpentina-02 serpentina-03 serpentina-04 serpentina-07 serpentina-06 Entra al fascinant m\u00f3n de Serpentina contr\u00e0talo ara<\/p>\n","protected":false},"author":1,"featured_media":114,"parent":738,"menu_order":0,"comment_status":"closed","ping_status":"closed","template":"","meta":{"_acf_changed":false,"footnotes":""},"class_list":["post-757","page","type-page","status-publish","has-post-thumbnail","hentry"],"acf":[],"yoast_head":"<!-- This site is optimized with the Yoast SEO plugin v27.4 - https:\/\/yoast.com\/product\/yoast-seo-wordpress\/ -->\n<title>Serpentina - Twisted Fairground<\/title>\n<meta name=\"robots\" content=\"index, follow, max-snippet:-1, max-image-preview:large, max-video-preview:-1\" \/>\n<link rel=\"canonical\" href=\"https:\/\/twistedfairground.com\/ca\/espectacles\/els-secrets-decdisi\/serpentina\/\" \/>\n<meta property=\"og:locale\" content=\"ca_ES\" \/>\n<meta property=\"og:type\" content=\"article\" \/>\n<meta property=\"og:title\" content=\"Serpentina - Twisted Fairground\" \/>\n<meta property=\"og:description\" content=\"SERPENTINA Una pe\u00e7a escandalosa i din\u00e0mica d&#8217;un enorme titella mec\u00e0nica que a trav\u00e9s del teatre, l&#8217;humor, la sorpresa, la imatge escultura i l&#8217;enginyeria, explora la veritable met\u00e0fora d&#8217;un hum\u00e0. serpentina-10 Serpentina Serpentina serpentina-09 serpentina-01 serpentina-08 serpentina-05 serpentina-02 serpentina-03 serpentina-04 serpentina-07 serpentina-06 Entra al fascinant m\u00f3n de Serpentina contr\u00e0talo ara\" \/>\n<meta property=\"og:url\" content=\"https:\/\/twistedfairground.com\/ca\/espectacles\/els-secrets-decdisi\/serpentina\/\" \/>\n<meta property=\"og:site_name\" content=\"Twisted Fairground\" \/>\n<meta property=\"article:modified_time\" content=\"2023-05-02T21:45:25+00:00\" \/>\n<meta property=\"og:image\" content=\"https:\/\/twistedfairground.com\/wp-content\/uploads\/2023\/04\/serpentina-teaser.jpg\" \/>\n\t<meta property=\"og:image:width\" content=\"1080\" \/>\n\t<meta property=\"og:image:height\" content=\"1080\" \/>\n\t<meta property=\"og:image:type\" content=\"image\/jpeg\" \/>\n<meta name=\"twitter:card\" content=\"summary_large_image\" \/>\n<script type=\"application\/ld+json\" class=\"yoast-schema-graph\">{\"@context\":\"https:\\\/\\\/schema.org\",\"@graph\":[{\"@type\":\"WebPage\",\"@id\":\"https:\\\/\\\/twistedfairground.com\\\/ca\\\/espectacles\\\/els-secrets-decdisi\\\/serpentina\\\/\",\"url\":\"https:\\\/\\\/twistedfairground.com\\\/ca\\\/espectacles\\\/els-secrets-decdisi\\\/serpentina\\\/\",\"name\":\"Serpentina - Twisted Fairground\",\"isPartOf\":{\"@id\":\"https:\\\/\\\/twistedfairground.com\\\/ca\\\/#website\"},\"primaryImageOfPage\":{\"@id\":\"https:\\\/\\\/twistedfairground.com\\\/ca\\\/espectacles\\\/els-secrets-decdisi\\\/serpentina\\\/#primaryimage\"},\"image\":{\"@id\":\"https:\\\/\\\/twistedfairground.com\\\/ca\\\/espectacles\\\/els-secrets-decdisi\\\/serpentina\\\/#primaryimage\"},\"thumbnailUrl\":\"https:\\\/\\\/twistedfairground.com\\\/wp-content\\\/uploads\\\/2023\\\/04\\\/serpentina-teaser.jpg\",\"datePublished\":\"2023-04-19T08:25:29+00:00\",\"dateModified\":\"2023-05-02T21:45:25+00:00\",\"breadcrumb\":{\"@id\":\"https:\\\/\\\/twistedfairground.com\\\/ca\\\/espectacles\\\/els-secrets-decdisi\\\/serpentina\\\/#breadcrumb\"},\"inLanguage\":\"ca\",\"potentialAction\":[{\"@type\":\"ReadAction\",\"target\":[\"https:\\\/\\\/twistedfairground.com\\\/ca\\\/espectacles\\\/els-secrets-decdisi\\\/serpentina\\\/\"]}]},{\"@type\":\"ImageObject\",\"inLanguage\":\"ca\",\"@id\":\"https:\\\/\\\/twistedfairground.com\\\/ca\\\/espectacles\\\/els-secrets-decdisi\\\/serpentina\\\/#primaryimage\",\"url\":\"https:\\\/\\\/twistedfairground.com\\\/wp-content\\\/uploads\\\/2023\\\/04\\\/serpentina-teaser.jpg\",\"contentUrl\":\"https:\\\/\\\/twistedfairground.com\\\/wp-content\\\/uploads\\\/2023\\\/04\\\/serpentina-teaser.jpg\",\"width\":1080,\"height\":1080},{\"@type\":\"BreadcrumbList\",\"@id\":\"https:\\\/\\\/twistedfairground.com\\\/ca\\\/espectacles\\\/els-secrets-decdisi\\\/serpentina\\\/#breadcrumb\",\"itemListElement\":[{\"@type\":\"ListItem\",\"position\":1,\"name\":\"Home\",\"item\":\"https:\\\/\\\/twistedfairground.com\\\/ca\\\/\"},{\"@type\":\"ListItem\",\"position\":2,\"name\":\"Espectacles\",\"item\":\"https:\\\/\\\/twistedfairground.com\\\/ca\\\/espectacles\\\/\"},{\"@type\":\"ListItem\",\"position\":3,\"name\":\"Els secrets d&#8217;Ecdisi\",\"item\":\"https:\\\/\\\/twistedfairground.com\\\/ca\\\/espectacles\\\/els-secrets-decdisi\\\/\"},{\"@type\":\"ListItem\",\"position\":4,\"name\":\"Serpentina\"}]},{\"@type\":\"WebSite\",\"@id\":\"https:\\\/\\\/twistedfairground.com\\\/ca\\\/#website\",\"url\":\"https:\\\/\\\/twistedfairground.com\\\/ca\\\/\",\"name\":\"Twisted Fairground\",\"description\":\"Sideshow\",\"potentialAction\":[{\"@type\":\"SearchAction\",\"target\":{\"@type\":\"EntryPoint\",\"urlTemplate\":\"https:\\\/\\\/twistedfairground.com\\\/ca\\\/?s={search_term_string}\"},\"query-input\":{\"@type\":\"PropertyValueSpecification\",\"valueRequired\":true,\"valueName\":\"search_term_string\"}}],\"inLanguage\":\"ca\"}]}<\/script>\n<!-- \/ Yoast SEO plugin. -->","yoast_head_json":{"title":"Serpentina - Twisted Fairground","robots":{"index":"index","follow":"follow","max-snippet":"max-snippet:-1","max-image-preview":"max-image-preview:large","max-video-preview":"max-video-preview:-1"},"canonical":"https:\/\/twistedfairground.com\/ca\/espectacles\/els-secrets-decdisi\/serpentina\/","og_locale":"ca_ES","og_type":"article","og_title":"Serpentina - Twisted Fairground","og_description":"SERPENTINA Una pe\u00e7a escandalosa i din\u00e0mica d&#8217;un enorme titella mec\u00e0nica que a trav\u00e9s del teatre, l&#8217;humor, la sorpresa, la imatge escultura i l&#8217;enginyeria, explora la veritable met\u00e0fora d&#8217;un hum\u00e0. serpentina-10 Serpentina Serpentina serpentina-09 serpentina-01 serpentina-08 serpentina-05 serpentina-02 serpentina-03 serpentina-04 serpentina-07 serpentina-06 Entra al fascinant m\u00f3n de Serpentina contr\u00e0talo ara","og_url":"https:\/\/twistedfairground.com\/ca\/espectacles\/els-secrets-decdisi\/serpentina\/","og_site_name":"Twisted Fairground","article_modified_time":"2023-05-02T21:45:25+00:00","og_image":[{"width":1080,"height":1080,"url":"https:\/\/twistedfairground.com\/wp-content\/uploads\/2023\/04\/serpentina-teaser.jpg","type":"image\/jpeg"}],"twitter_card":"summary_large_image","schema":{"@context":"https:\/\/schema.org","@graph":[{"@type":"WebPage","@id":"https:\/\/twistedfairground.com\/ca\/espectacles\/els-secrets-decdisi\/serpentina\/","url":"https:\/\/twistedfairground.com\/ca\/espectacles\/els-secrets-decdisi\/serpentina\/","name":"Serpentina - Twisted Fairground","isPartOf":{"@id":"https:\/\/twistedfairground.com\/ca\/#website"},"primaryImageOfPage":{"@id":"https:\/\/twistedfairground.com\/ca\/espectacles\/els-secrets-decdisi\/serpentina\/#primaryimage"},"image":{"@id":"https:\/\/twistedfairground.com\/ca\/espectacles\/els-secrets-decdisi\/serpentina\/#primaryimage"},"thumbnailUrl":"https:\/\/twistedfairground.com\/wp-content\/uploads\/2023\/04\/serpentina-teaser.jpg","datePublished":"2023-04-19T08:25:29+00:00","dateModified":"2023-05-02T21:45:25+00:00","breadcrumb":{"@id":"https:\/\/twistedfairground.com\/ca\/espectacles\/els-secrets-decdisi\/serpentina\/#breadcrumb"},"inLanguage":"ca","potentialAction":[{"@type":"ReadAction","target":["https:\/\/twistedfairground.com\/ca\/espectacles\/els-secrets-decdisi\/serpentina\/"]}]},{"@type":"ImageObject","inLanguage":"ca","@id":"https:\/\/twistedfairground.com\/ca\/espectacles\/els-secrets-decdisi\/serpentina\/#primaryimage","url":"https:\/\/twistedfairground.com\/wp-content\/uploads\/2023\/04\/serpentina-teaser.jpg","contentUrl":"https:\/\/twistedfairground.com\/wp-content\/uploads\/2023\/04\/serpentina-teaser.jpg","width":1080,"height":1080},{"@type":"BreadcrumbList","@id":"https:\/\/twistedfairground.com\/ca\/espectacles\/els-secrets-decdisi\/serpentina\/#breadcrumb","itemListElement":[{"@type":"ListItem","position":1,"name":"Home","item":"https:\/\/twistedfairground.com\/ca\/"},{"@type":"ListItem","position":2,"name":"Espectacles","item":"https:\/\/twistedfairground.com\/ca\/espectacles\/"},{"@type":"ListItem","position":3,"name":"Els secrets d&#8217;Ecdisi","item":"https:\/\/twistedfairground.com\/ca\/espectacles\/els-secrets-decdisi\/"},{"@type":"ListItem","position":4,"name":"Serpentina"}]},{"@type":"WebSite","@id":"https:\/\/twistedfairground.com\/ca\/#website","url":"https:\/\/twistedfairground.com\/ca\/","name":"Twisted Fairground","description":"Sideshow","potentialAction":[{"@type":"SearchAction","target":{"@type":"EntryPoint","urlTemplate":"https:\/\/twistedfairground.com\/ca\/?s={search_term_string}"},"query-input":{"@type":"PropertyValueSpecification","valueRequired":true,"valueName":"search_term_string"}}],"inLanguage":"ca"}]}},"_links":{"self":[{"href":"https:\/\/twistedfairground.com\/ca\/wp-json\/wp\/v2\/pages\/757","targetHints":{"allow":["GET"]}}],"collection":[{"href":"https:\/\/twistedfairground.com\/ca\/wp-json\/wp\/v2\/pages"}],"about":[{"href":"https:\/\/twistedfairground.com\/ca\/wp-json\/wp\/v2\/types\/page"}],"author":[{"embeddable":true,"href":"https:\/\/twistedfairground.com\/ca\/wp-json\/wp\/v2\/users\/1"}],"replies":[{"embeddable":true,"href":"https:\/\/twistedfairground.com\/ca\/wp-json\/wp\/v2\/comments?post=757"}],"version-history":[{"count":3,"href":"https:\/\/twistedfairground.com\/ca\/wp-json\/wp\/v2\/pages\/757\/revisions"}],"predecessor-version":[{"id":781,"href":"https:\/\/twistedfairground.com\/ca\/wp-json\/wp\/v2\/pages\/757\/revisions\/781"}],"up":[{"embeddable":true,"href":"https:\/\/twistedfairground.com\/ca\/wp-json\/wp\/v2\/pages\/738"}],"wp:featuredmedia":[{"embeddable":true,"href":"https:\/\/twistedfairground.com\/ca\/wp-json\/wp\/v2\/media\/114"}],"wp:attachment":[{"href":"https:\/\/twistedfairground.com\/ca\/wp-json\/wp\/v2\/media?parent=757"}],"curies":[{"name":"wp","href":"https:\/\/api.w.org\/{rel}","templated":true}]}}