{"id":727,"date":"2023-04-19T08:26:29","date_gmt":"2023-04-19T08:26:29","guid":{"rendered":"https:\/\/twistedfairground.com\/espectaculos\/mad-clown-mutiny\/"},"modified":"2023-05-03T12:16:53","modified_gmt":"2023-05-03T12:16:53","slug":"mad-clown-mutiny","status":"publish","type":"page","link":"https:\/\/twistedfairground.com\/es\/espectaculos\/mad-clown-mutiny\/","title":{"rendered":"Mad Clown Mutiny"},"content":{"rendered":"<h1>Mad Clown Mutiny<\/h1>\n<div>\n<p>Una alocada presentaci\u00f3n carnavalesca de marionetas en movimiento. <br \/>Se trata de una recreaci\u00f3n teatral del infame \u00abMot\u00edn de los payasos locos\u00bb de 1876.<\/p>\n<p>Una atractiva y rid\u00edcula fusi\u00f3n de narraci\u00f3n, teatro f\u00edsico y marionetas automatizadas.<\/p>\n<\/div>\n<h2>Mad Clown Mutiny<\/h2>\n<p>\n    <a href=\"\/es\/contrataciones\/\">Contratar ahora<\/a>\n<\/p>\n<p><!--more--><br \/>\n<!-- {\"type\":\"layout\",\"children\":[{\"type\":\"section\",\"props\":{\"height\":\"full\",\"image\":\"http:\\\/\\\/twistedfairground.com\\\/wp-content\\\/uploads\\\/2023\\\/05\\\/mad-clown.jpg\",\"image_effect\":\"parallax\",\"image_parallax_bgy\":\"-300 0%\",\"image_position\":\"top-center\",\"image_size\":\"cover\",\"style\":\"default\",\"title_breakpoint\":\"xl\",\"title_position\":\"top-left\",\"title_rotation\":\"left\",\"vertical_align\":\"middle\",\"width\":\"default\"},\"children\":[{\"type\":\"row\",\"children\":[{\"type\":\"column\",\"props\":{\"image_position\":\"center-center\",\"media_overlay_gradient\":\"\",\"position_sticky_breakpoint\":\"m\"},\"children\":[]}]}]},{\"type\":\"section\",\"props\":{\"image_position\":\"center-center\",\"overlap\":true,\"style\":\"secondary\",\"title_breakpoint\":\"xl\",\"title_position\":\"top-left\",\"title_rotation\":\"left\",\"vertical_align\":\"middle\",\"width\":\"default\"},\"children\":[{\"type\":\"row\",\"children\":[{\"type\":\"column\",\"props\":{\"image_position\":\"center-center\",\"media_overlay_gradient\":\"\",\"position_sticky_breakpoint\":\"m\"},\"children\":[{\"type\":\"headline\",\"props\":{\"content\":\"Mad Clown Mutiny\",\"text_align\":\"center\",\"title_element\":\"h1\",\"title_style\":\"heading-medium\"}},{\"type\":\"text\",\"props\":{\"column_breakpoint\":\"m\",\"content\":\"\n\n<p>Una alocada presentaci\\u00f3n carnavalesca de marionetas en movimiento. <br \\\/>Se trata de una recreaci\\u00f3n teatral del infame \\\"Mot\\u00edn de los payasos locos\\\" de 1876.<\\\/p>\\n\n\n<p>Una atractiva y rid\\u00edcula fusi\\u00f3n de narraci\\u00f3n, teatro f\\u00edsico y marionetas automatizadas.<\\\/p>\",\"margin\":\"default\",\"text_align\":\"center\"}}]}]}]},{\"type\":\"section\",\"props\":{\"height\":\"section\",\"image\":\"http:\\\/\\\/twistedfairground.com\\\/wp-content\\\/uploads\\\/2023\\\/05\\\/mad_clown_2.png\",\"image_effect\":\"parallax\",\"image_parallax_bgy\":\"-300 0%,-600 100%\",\"image_position\":\"top-center\",\"image_size\":\"cover\",\"overlap\":true,\"style\":\"default\",\"title_breakpoint\":\"xl\",\"title_position\":\"top-left\",\"title_rotation\":\"left\",\"vertical_align\":\"middle\",\"width\":\"default\"},\"children\":[{\"type\":\"row\",\"children\":[{\"type\":\"column\",\"props\":{\"image_position\":\"center-center\",\"media_overlay_gradient\":\"\",\"position_sticky_breakpoint\":\"m\"},\"children\":[]}]}]},{\"type\":\"section\",\"props\":{\"image_position\":\"center-center\",\"overlap\":true,\"style\":\"primary\",\"title_breakpoint\":\"xl\",\"title_position\":\"top-left\",\"title_rotation\":\"left\",\"vertical_align\":\"middle\",\"width\":\"default\"},\"children\":[{\"type\":\"row\",\"props\":{\"layout\":\"2-3,1-3\"},\"children\":[{\"type\":\"column\",\"props\":{\"image_position\":\"center-center\",\"media_overlay_gradient\":\"\",\"position_sticky_breakpoint\":\"m\",\"width_medium\":\"2-3\"},\"children\":[{\"type\":\"headline\",\"props\":{\"content\":\"Mad Clown Mutiny\",\"title_element\":\"h2\"}}]},{\"type\":\"column\",\"props\":{\"image_position\":\"center-center\",\"media_overlay_gradient\":\"\",\"position_sticky_breakpoint\":\"m\",\"width_medium\":\"1-3\"},\"children\":[{\"type\":\"button\",\"props\":{\"button_size\":\"large\",\"grid_column_gap\":\"small\",\"grid_row_gap\":\"small\",\"margin\":\"default\",\"text_align\":\"center\"},\"children\":[{\"type\":\"button_item\",\"props\":{\"button_style\":\"default\",\"content\":\"Contratar ahora\",\"icon_align\":\"left\",\"link\":\"es\\\/contrataciones\\\/\"}}]}]}]}]}],\"version\":\"3.0.25\"} --><\/p>\n","protected":false},"excerpt":{"rendered":"<p>Mad Clown Mutiny Una alocada presentaci\u00f3n carnavalesca de marionetas en movimiento. Se trata de una recreaci\u00f3n teatral del infame \u00abMot\u00edn de los payasos locos\u00bb de 1876. Una atractiva y rid\u00edcula fusi\u00f3n de narraci\u00f3n, teatro f\u00edsico y marionetas automatizadas. Mad Clown Mutiny Contratar ahora<\/p>\n","protected":false},"author":1,"featured_media":144,"parent":715,"menu_order":0,"comment_status":"closed","ping_status":"closed","template":"","meta":{"_acf_changed":false,"footnotes":""},"class_list":["post-727","page","type-page","status-publish","has-post-thumbnail","hentry"],"acf":[],"yoast_head":"<!-- This site is optimized with the Yoast SEO plugin v27.0 - https:\/\/yoast.com\/product\/yoast-seo-wordpress\/ -->\n<title>Mad Clown Mutiny - Twisted Fairground<\/title>\n<meta name=\"robots\" content=\"index, follow, max-snippet:-1, max-image-preview:large, max-video-preview:-1\" \/>\n<link rel=\"canonical\" href=\"https:\/\/twistedfairground.com\/es\/espectaculos\/mad-clown-mutiny\/\" \/>\n<meta property=\"og:locale\" content=\"es_ES\" \/>\n<meta property=\"og:type\" content=\"article\" \/>\n<meta property=\"og:title\" content=\"Mad Clown Mutiny - Twisted Fairground\" \/>\n<meta property=\"og:description\" content=\"Mad Clown Mutiny Una alocada presentaci\u00f3n carnavalesca de marionetas en movimiento. Se trata de una recreaci\u00f3n teatral del infame \u00abMot\u00edn de los payasos locos\u00bb de 1876. Una atractiva y rid\u00edcula fusi\u00f3n de narraci\u00f3n, teatro f\u00edsico y marionetas automatizadas. Mad Clown Mutiny Contratar ahora\" \/>\n<meta property=\"og:url\" content=\"https:\/\/twistedfairground.com\/es\/espectaculos\/mad-clown-mutiny\/\" \/>\n<meta property=\"og:site_name\" content=\"Twisted Fairground\" \/>\n<meta property=\"article:modified_time\" content=\"2023-05-03T12:16:53+00:00\" \/>\n<meta property=\"og:image\" content=\"https:\/\/twistedfairground.com\/wp-content\/uploads\/2023\/04\/mad-clown-mutiny-teaser.jpg\" \/>\n\t<meta property=\"og:image:width\" content=\"1080\" \/>\n\t<meta property=\"og:image:height\" content=\"1080\" \/>\n\t<meta property=\"og:image:type\" content=\"image\/jpeg\" \/>\n<meta name=\"twitter:card\" content=\"summary_large_image\" \/>\n<meta name=\"twitter:label1\" content=\"Tiempo de lectura\" \/>\n\t<meta name=\"twitter:data1\" content=\"1 minuto\" \/>\n<script type=\"application\/ld+json\" class=\"yoast-schema-graph\">{\"@context\":\"https:\/\/schema.org\",\"@graph\":[{\"@type\":\"WebPage\",\"@id\":\"https:\/\/twistedfairground.com\/es\/espectaculos\/mad-clown-mutiny\/\",\"url\":\"https:\/\/twistedfairground.com\/es\/espectaculos\/mad-clown-mutiny\/\",\"name\":\"Mad Clown Mutiny - Twisted Fairground\",\"isPartOf\":{\"@id\":\"https:\/\/twistedfairground.com\/es\/#website\"},\"primaryImageOfPage\":{\"@id\":\"https:\/\/twistedfairground.com\/es\/espectaculos\/mad-clown-mutiny\/#primaryimage\"},\"image\":{\"@id\":\"https:\/\/twistedfairground.com\/es\/espectaculos\/mad-clown-mutiny\/#primaryimage\"},\"thumbnailUrl\":\"https:\/\/twistedfairground.com\/wp-content\/uploads\/2023\/04\/mad-clown-mutiny-teaser.jpg\",\"datePublished\":\"2023-04-19T08:26:29+00:00\",\"dateModified\":\"2023-05-03T12:16:53+00:00\",\"breadcrumb\":{\"@id\":\"https:\/\/twistedfairground.com\/es\/espectaculos\/mad-clown-mutiny\/#breadcrumb\"},\"inLanguage\":\"es\",\"potentialAction\":[{\"@type\":\"ReadAction\",\"target\":[\"https:\/\/twistedfairground.com\/es\/espectaculos\/mad-clown-mutiny\/\"]}]},{\"@type\":\"ImageObject\",\"inLanguage\":\"es\",\"@id\":\"https:\/\/twistedfairground.com\/es\/espectaculos\/mad-clown-mutiny\/#primaryimage\",\"url\":\"https:\/\/twistedfairground.com\/wp-content\/uploads\/2023\/04\/mad-clown-mutiny-teaser.jpg\",\"contentUrl\":\"https:\/\/twistedfairground.com\/wp-content\/uploads\/2023\/04\/mad-clown-mutiny-teaser.jpg\",\"width\":1080,\"height\":1080},{\"@type\":\"BreadcrumbList\",\"@id\":\"https:\/\/twistedfairground.com\/es\/espectaculos\/mad-clown-mutiny\/#breadcrumb\",\"itemListElement\":[{\"@type\":\"ListItem\",\"position\":1,\"name\":\"Home\",\"item\":\"https:\/\/twistedfairground.com\/es\/\"},{\"@type\":\"ListItem\",\"position\":2,\"name\":\"Espect\u00e1culos\",\"item\":\"https:\/\/twistedfairground.com\/es\/espectaculos\/\"},{\"@type\":\"ListItem\",\"position\":3,\"name\":\"Mad Clown Mutiny\"}]},{\"@type\":\"WebSite\",\"@id\":\"https:\/\/twistedfairground.com\/es\/#website\",\"url\":\"https:\/\/twistedfairground.com\/es\/\",\"name\":\"Twisted Fairground\",\"description\":\"Sideshow\",\"potentialAction\":[{\"@type\":\"SearchAction\",\"target\":{\"@type\":\"EntryPoint\",\"urlTemplate\":\"https:\/\/twistedfairground.com\/es\/?s={search_term_string}\"},\"query-input\":{\"@type\":\"PropertyValueSpecification\",\"valueRequired\":true,\"valueName\":\"search_term_string\"}}],\"inLanguage\":\"es\"}]}<\/script>\n<!-- \/ Yoast SEO plugin. -->","yoast_head_json":{"title":"Mad Clown Mutiny - Twisted Fairground","robots":{"index":"index","follow":"follow","max-snippet":"max-snippet:-1","max-image-preview":"max-image-preview:large","max-video-preview":"max-video-preview:-1"},"canonical":"https:\/\/twistedfairground.com\/es\/espectaculos\/mad-clown-mutiny\/","og_locale":"es_ES","og_type":"article","og_title":"Mad Clown Mutiny - Twisted Fairground","og_description":"Mad Clown Mutiny Una alocada presentaci\u00f3n carnavalesca de marionetas en movimiento. Se trata de una recreaci\u00f3n teatral del infame \u00abMot\u00edn de los payasos locos\u00bb de 1876. Una atractiva y rid\u00edcula fusi\u00f3n de narraci\u00f3n, teatro f\u00edsico y marionetas automatizadas. Mad Clown Mutiny Contratar ahora","og_url":"https:\/\/twistedfairground.com\/es\/espectaculos\/mad-clown-mutiny\/","og_site_name":"Twisted Fairground","article_modified_time":"2023-05-03T12:16:53+00:00","og_image":[{"width":1080,"height":1080,"url":"https:\/\/twistedfairground.com\/wp-content\/uploads\/2023\/04\/mad-clown-mutiny-teaser.jpg","type":"image\/jpeg"}],"twitter_card":"summary_large_image","twitter_misc":{"Tiempo de lectura":"1 minuto"},"schema":{"@context":"https:\/\/schema.org","@graph":[{"@type":"WebPage","@id":"https:\/\/twistedfairground.com\/es\/espectaculos\/mad-clown-mutiny\/","url":"https:\/\/twistedfairground.com\/es\/espectaculos\/mad-clown-mutiny\/","name":"Mad Clown Mutiny - Twisted Fairground","isPartOf":{"@id":"https:\/\/twistedfairground.com\/es\/#website"},"primaryImageOfPage":{"@id":"https:\/\/twistedfairground.com\/es\/espectaculos\/mad-clown-mutiny\/#primaryimage"},"image":{"@id":"https:\/\/twistedfairground.com\/es\/espectaculos\/mad-clown-mutiny\/#primaryimage"},"thumbnailUrl":"https:\/\/twistedfairground.com\/wp-content\/uploads\/2023\/04\/mad-clown-mutiny-teaser.jpg","datePublished":"2023-04-19T08:26:29+00:00","dateModified":"2023-05-03T12:16:53+00:00","breadcrumb":{"@id":"https:\/\/twistedfairground.com\/es\/espectaculos\/mad-clown-mutiny\/#breadcrumb"},"inLanguage":"es","potentialAction":[{"@type":"ReadAction","target":["https:\/\/twistedfairground.com\/es\/espectaculos\/mad-clown-mutiny\/"]}]},{"@type":"ImageObject","inLanguage":"es","@id":"https:\/\/twistedfairground.com\/es\/espectaculos\/mad-clown-mutiny\/#primaryimage","url":"https:\/\/twistedfairground.com\/wp-content\/uploads\/2023\/04\/mad-clown-mutiny-teaser.jpg","contentUrl":"https:\/\/twistedfairground.com\/wp-content\/uploads\/2023\/04\/mad-clown-mutiny-teaser.jpg","width":1080,"height":1080},{"@type":"BreadcrumbList","@id":"https:\/\/twistedfairground.com\/es\/espectaculos\/mad-clown-mutiny\/#breadcrumb","itemListElement":[{"@type":"ListItem","position":1,"name":"Home","item":"https:\/\/twistedfairground.com\/es\/"},{"@type":"ListItem","position":2,"name":"Espect\u00e1culos","item":"https:\/\/twistedfairground.com\/es\/espectaculos\/"},{"@type":"ListItem","position":3,"name":"Mad Clown Mutiny"}]},{"@type":"WebSite","@id":"https:\/\/twistedfairground.com\/es\/#website","url":"https:\/\/twistedfairground.com\/es\/","name":"Twisted Fairground","description":"Sideshow","potentialAction":[{"@type":"SearchAction","target":{"@type":"EntryPoint","urlTemplate":"https:\/\/twistedfairground.com\/es\/?s={search_term_string}"},"query-input":{"@type":"PropertyValueSpecification","valueRequired":true,"valueName":"search_term_string"}}],"inLanguage":"es"}]}},"_links":{"self":[{"href":"https:\/\/twistedfairground.com\/es\/wp-json\/wp\/v2\/pages\/727","targetHints":{"allow":["GET"]}}],"collection":[{"href":"https:\/\/twistedfairground.com\/es\/wp-json\/wp\/v2\/pages"}],"about":[{"href":"https:\/\/twistedfairground.com\/es\/wp-json\/wp\/v2\/types\/page"}],"author":[{"embeddable":true,"href":"https:\/\/twistedfairground.com\/es\/wp-json\/wp\/v2\/users\/1"}],"replies":[{"embeddable":true,"href":"https:\/\/twistedfairground.com\/es\/wp-json\/wp\/v2\/comments?post=727"}],"version-history":[{"count":3,"href":"https:\/\/twistedfairground.com\/es\/wp-json\/wp\/v2\/pages\/727\/revisions"}],"predecessor-version":[{"id":862,"href":"https:\/\/twistedfairground.com\/es\/wp-json\/wp\/v2\/pages\/727\/revisions\/862"}],"up":[{"embeddable":true,"href":"https:\/\/twistedfairground.com\/es\/wp-json\/wp\/v2\/pages\/715"}],"wp:featuredmedia":[{"embeddable":true,"href":"https:\/\/twistedfairground.com\/es\/wp-json\/wp\/v2\/media\/144"}],"wp:attachment":[{"href":"https:\/\/twistedfairground.com\/es\/wp-json\/wp\/v2\/media?parent=727"}],"curies":[{"name":"wp","href":"https:\/\/api.w.org\/{rel}","templated":true}]}}