{"id":733,"date":"2023-04-19T08:26:46","date_gmt":"2023-04-19T08:26:46","guid":{"rendered":"https:\/\/twistedfairground.com\/espectaculos\/the-electric-fairground-organism\/"},"modified":"2023-05-03T12:17:31","modified_gmt":"2023-05-03T12:17:31","slug":"the-electric-fairground-organism","status":"publish","type":"page","link":"https:\/\/twistedfairground.com\/es\/espectaculos\/the-electric-fairground-organism\/","title":{"rendered":"The Electric Fairground Organism"},"content":{"rendered":"<h2>The Electric Fairground Organism<\/h2>\n<div>\n<p>\u2026un infame y extra\u00f1o carnaval de gitanos con atracciones y un exc\u00e9ntrico espect\u00e1culo de fen\u00f3menos de 1900.<\/p>\n<p>\u00a1Dirigido por mentirosos y oportunistas que te dir\u00e1n lo que quieras escuchar de la manera en que ellos quieren que lo escuches!<\/p>\n<p>Con arrogancia, venden una rara oportunidad de un viaje f\u00edsico a trav\u00e9s de un mundo automatizado de t\u00edteres, instalaciones de ficci\u00f3n y realidad.<\/p>\n<\/div>\n<ul>\n<li>\n<\/li>\n<li>\n<\/li>\n<li>\n<\/li>\n<\/ul>\n<h2>THE ELECTRIC FAIRGROUND ORGANISM<\/h2>\n<p>\n    <a href=\"\/es\/contrataciones\/\">Contratar ahora<\/a>\n<\/p>\n<p><!--more--><br \/>\n<!-- {\"type\":\"layout\",\"children\":[{\"type\":\"section\",\"props\":{\"height\":\"full\",\"image\":\"http:\\\/\\\/twistedfairground.com\\\/wp-content\\\/uploads\\\/2023\\\/05\\\/twisted-fairground-kazimira-and-the-dangerous-twins-01.jpg\",\"image_effect\":\"parallax\",\"image_parallax_bgy\":\"-200\",\"image_position\":\"center-center\",\"image_size\":\"cover\",\"style\":\"default\",\"title_breakpoint\":\"xl\",\"title_position\":\"top-left\",\"title_rotation\":\"left\",\"vertical_align\":\"middle\",\"width\":\"default\"},\"children\":[{\"type\":\"row\",\"children\":[{\"type\":\"column\",\"props\":{\"image_position\":\"center-center\",\"media_overlay_gradient\":\"\",\"position_sticky_breakpoint\":\"m\"},\"children\":[]}]}]},{\"type\":\"section\",\"props\":{\"image_position\":\"center-center\",\"overlap\":true,\"style\":\"default\",\"title_breakpoint\":\"xl\",\"title_position\":\"top-left\",\"title_rotation\":\"left\",\"vertical_align\":\"middle\",\"width\":\"default\"},\"children\":[{\"type\":\"row\",\"children\":[{\"type\":\"column\",\"props\":{\"image_position\":\"center-center\",\"media_overlay_gradient\":\"\",\"position_sticky_breakpoint\":\"m\"},\"children\":[{\"type\":\"headline\",\"props\":{\"animation\":\"parallax\",\"content\":\"The Electric Fairground Organism\",\"parallax_y\":\"0,-15 52%\",\"text_align\":\"center\",\"title_element\":\"h2\",\"title_style\":\"heading-medium\"}},{\"type\":\"text\",\"props\":{\"column_breakpoint\":\"m\",\"content\":\"\n\n<p>\\u2026un infame y extra\\u00f1o carnaval de gitanos con atracciones y un exc\\u00e9ntrico espect\\u00e1culo de fen\\u00f3menos de 1900.<\\\/p>\\n\n\n<p>\\u00a1Dirigido por mentirosos y oportunistas que te dir\\u00e1n lo que quieras escuchar de la manera en que ellos quieren que lo escuches!<\\\/p>\\n\n\n<p>Con arrogancia, venden una rara oportunidad de un viaje f\\u00edsico a trav\\u00e9s de un mundo automatizado de t\\u00edteres, instalaciones de ficci\\u00f3n y realidad.<\\\/p>\",\"dropcap\":false,\"margin\":\"large\",\"margin_remove_top\":true,\"text_align\":\"center\",\"text_color\":\"emphasis\",\"text_style\":\"large\"}},{\"type\":\"grid\",\"props\":{\"content_column_breakpoint\":\"m\",\"filter_align\":\"left\",\"filter_all\":true,\"filter_grid_breakpoint\":\"m\",\"filter_grid_width\":\"auto\",\"filter_position\":\"top\",\"filter_style\":\"tab\",\"grid_default\":\"1\",\"grid_medium\":\"3\",\"icon_width\":80,\"image_align\":\"top\",\"image_border\":\"circle\",\"image_box_decoration\":\"secondary\",\"image_box_decoration_inverse\":false,\"image_box_shadow\":\"small\",\"image_grid_breakpoint\":\"m\",\"image_grid_width\":\"1-2\",\"image_hover_box_shadow\":\"xlarge\",\"image_link\":true,\"image_svg_color\":\"emphasis\",\"image_transition\":\"scale-down\",\"image_transition_border\":false,\"item_animation\":true,\"link_style\":\"danger\",\"link_text\":\"S\\u00f3lo para dementes\",\"margin\":\"default\",\"meta_align\":\"below-title\",\"meta_element\":\"div\",\"meta_style\":\"text-meta\",\"panel_padding\":\"\",\"show_content\":true,\"show_image\":true,\"show_link\":true,\"show_meta\":true,\"show_title\":true,\"text_align\":\"center\",\"title_align\":\"top\",\"title_element\":\"h3\",\"title_grid_breakpoint\":\"m\",\"title_grid_width\":\"1-2\",\"title_hover_style\":\"reset\"},\"children\":[{\"type\":\"grid_item\",\"source\":{\"query\":{\"name\":\"pages.customPage\",\"arguments\":{\"users\":[],\"users_operator\":\"IN\",\"offset\":0,\"order\":\"date\",\"order_direction\":\"DESC\",\"id\":727}},\"props\":{\"title\":{\"filters\":{\"search\":\"\"},\"name\":\"title\"},\"image\":{\"filters\":{\"search\":\"\"},\"name\":\"featuredImage.url\"},\"image_alt\":{\"filters\":{\"search\":\"\"},\"name\":\"title\"},\"link\":{\"filters\":{\"search\":\"\"},\"name\":\"link\"},\"content\":{\"filters\":{\"search\":\"\"},\"name\":\"field.intro_text\"}}}},{\"type\":\"grid_item\",\"source\":{\"query\":{\"name\":\"pages.customPage\",\"arguments\":{\"users\":[],\"users_operator\":\"IN\",\"offset\":0,\"order\":\"date\",\"order_direction\":\"DESC\",\"id\":746}},\"props\":{\"title\":{\"filters\":{\"search\":\"\"},\"name\":\"title\"},\"image\":{\"filters\":{\"search\":\"\"},\"name\":\"featuredImage.url\"},\"image_alt\":{\"filters\":{\"search\":\"\"},\"name\":\"title\"},\"link\":{\"filters\":{\"search\":\"\"},\"name\":\"link\"},\"content\":{\"filters\":{\"search\":\"\"},\"name\":\"field.intro_text\"}}}},{\"type\":\"grid_item\",\"source\":{\"query\":{\"name\":\"pages.customPage\",\"arguments\":{\"users\":[],\"users_operator\":\"IN\",\"offset\":0,\"order\":\"date\",\"order_direction\":\"DESC\",\"id\":752}},\"props\":{\"title\":{\"filters\":{\"search\":\"\"},\"name\":\"title\"},\"image\":{\"filters\":{\"search\":\"\"},\"name\":\"featuredImage.url\"},\"image_alt\":{\"filters\":{\"search\":\"\"},\"name\":\"title\"},\"link\":{\"filters\":{\"search\":\"\"},\"name\":\"link\"},\"content\":{\"filters\":{\"search\":\"\"},\"name\":\"field.intro_text\"}}}}]}]}]}],\"name\":\"Ecdysis section\"},{\"type\":\"section\",\"props\":{\"height\":\"section\",\"image\":\"http:\\\/\\\/twistedfairground.com\\\/wp-content\\\/uploads\\\/2023\\\/05\\\/mad-clown.jpg\",\"image_effect\":\"parallax\",\"image_parallax_bgy\":\"-125 30%\",\"image_position\":\"top-center\",\"image_size\":\"cover\",\"overlap\":true,\"style\":\"default\",\"title_breakpoint\":\"xl\",\"title_position\":\"top-left\",\"title_rotation\":\"left\",\"vertical_align\":\"middle\",\"width\":\"default\"},\"children\":[{\"type\":\"row\",\"children\":[{\"type\":\"column\",\"props\":{\"image_position\":\"center-center\",\"media_overlay_gradient\":\"\",\"position_sticky_breakpoint\":\"m\"},\"children\":[]}]}]},{\"type\":\"section\",\"props\":{\"image_position\":\"center-center\",\"overlap\":true,\"style\":\"primary\",\"title_breakpoint\":\"xl\",\"title_position\":\"top-left\",\"title_rotation\":\"left\",\"vertical_align\":\"middle\",\"width\":\"default\"},\"children\":[{\"type\":\"row\",\"props\":{\"layout\":\"2-3,1-3\"},\"children\":[{\"type\":\"column\",\"props\":{\"image_position\":\"center-center\",\"media_overlay_gradient\":\"\",\"position_sticky_breakpoint\":\"m\",\"width_medium\":\"2-3\"},\"children\":[{\"type\":\"headline\",\"props\":{\"content\":\"THE ELECTRIC FAIRGROUND ORGANISM\",\"title_element\":\"h2\"}}]},{\"type\":\"column\",\"props\":{\"image_position\":\"center-center\",\"media_overlay_gradient\":\"\",\"position_sticky_breakpoint\":\"m\",\"width_medium\":\"1-3\"},\"children\":[{\"type\":\"button\",\"props\":{\"button_size\":\"large\",\"grid_column_gap\":\"small\",\"grid_row_gap\":\"small\",\"margin\":\"default\",\"text_align\":\"center\"},\"children\":[{\"type\":\"button_item\",\"props\":{\"button_style\":\"default\",\"content\":\"Contratar ahora\",\"icon_align\":\"left\",\"link\":\"es\\\/contrataciones\\\/\"}}]}]}]}],\"name\":\"CALL TO ACTION\"}],\"version\":\"3.0.25\"} --><\/p>\n","protected":false},"excerpt":{"rendered":"<p>The Electric Fairground Organism \u2026un infame y extra\u00f1o carnaval de gitanos con atracciones y un exc\u00e9ntrico espect\u00e1culo de fen\u00f3menos de 1900. \u00a1Dirigido por mentirosos y oportunistas que te dir\u00e1n lo que quieras escuchar de la manera en que ellos quieren que lo escuches! Con arrogancia, venden una rara oportunidad de un viaje f\u00edsico a trav\u00e9s [&hellip;]<\/p>\n","protected":false},"author":1,"featured_media":140,"parent":715,"menu_order":0,"comment_status":"closed","ping_status":"closed","template":"","meta":{"_acf_changed":false,"footnotes":""},"class_list":["post-733","page","type-page","status-publish","has-post-thumbnail","hentry"],"acf":[],"yoast_head":"<!-- This site is optimized with the Yoast SEO plugin v27.0 - https:\/\/yoast.com\/product\/yoast-seo-wordpress\/ -->\n<title>The Electric Fairground Organism - Twisted Fairground<\/title>\n<meta name=\"robots\" content=\"index, follow, max-snippet:-1, max-image-preview:large, max-video-preview:-1\" \/>\n<link rel=\"canonical\" href=\"https:\/\/twistedfairground.com\/es\/espectaculos\/the-electric-fairground-organism\/\" \/>\n<meta property=\"og:locale\" content=\"es_ES\" \/>\n<meta property=\"og:type\" content=\"article\" \/>\n<meta property=\"og:title\" content=\"The Electric Fairground Organism - Twisted Fairground\" \/>\n<meta property=\"og:description\" content=\"The Electric Fairground Organism \u2026un infame y extra\u00f1o carnaval de gitanos con atracciones y un exc\u00e9ntrico espect\u00e1culo de fen\u00f3menos de 1900. \u00a1Dirigido por mentirosos y oportunistas que te dir\u00e1n lo que quieras escuchar de la manera en que ellos quieren que lo escuches! Con arrogancia, venden una rara oportunidad de un viaje f\u00edsico a trav\u00e9s [&hellip;]\" \/>\n<meta property=\"og:url\" content=\"https:\/\/twistedfairground.com\/es\/espectaculos\/the-electric-fairground-organism\/\" \/>\n<meta property=\"og:site_name\" content=\"Twisted Fairground\" \/>\n<meta property=\"article:modified_time\" content=\"2023-05-03T12:17:31+00:00\" \/>\n<meta property=\"og:image\" content=\"https:\/\/twistedfairground.com\/wp-content\/uploads\/2023\/04\/electric-fairground-teaser.jpg\" \/>\n\t<meta property=\"og:image:width\" content=\"1080\" \/>\n\t<meta property=\"og:image:height\" content=\"1080\" \/>\n\t<meta property=\"og:image:type\" content=\"image\/jpeg\" \/>\n<meta name=\"twitter:card\" content=\"summary_large_image\" \/>\n<meta name=\"twitter:label1\" content=\"Tiempo de lectura\" \/>\n\t<meta name=\"twitter:data1\" content=\"1 minuto\" \/>\n<script type=\"application\/ld+json\" class=\"yoast-schema-graph\">{\"@context\":\"https:\/\/schema.org\",\"@graph\":[{\"@type\":\"WebPage\",\"@id\":\"https:\/\/twistedfairground.com\/es\/espectaculos\/the-electric-fairground-organism\/\",\"url\":\"https:\/\/twistedfairground.com\/es\/espectaculos\/the-electric-fairground-organism\/\",\"name\":\"The Electric Fairground Organism - Twisted Fairground\",\"isPartOf\":{\"@id\":\"https:\/\/twistedfairground.com\/es\/#website\"},\"primaryImageOfPage\":{\"@id\":\"https:\/\/twistedfairground.com\/es\/espectaculos\/the-electric-fairground-organism\/#primaryimage\"},\"image\":{\"@id\":\"https:\/\/twistedfairground.com\/es\/espectaculos\/the-electric-fairground-organism\/#primaryimage\"},\"thumbnailUrl\":\"https:\/\/twistedfairground.com\/wp-content\/uploads\/2023\/04\/electric-fairground-teaser.jpg\",\"datePublished\":\"2023-04-19T08:26:46+00:00\",\"dateModified\":\"2023-05-03T12:17:31+00:00\",\"breadcrumb\":{\"@id\":\"https:\/\/twistedfairground.com\/es\/espectaculos\/the-electric-fairground-organism\/#breadcrumb\"},\"inLanguage\":\"es\",\"potentialAction\":[{\"@type\":\"ReadAction\",\"target\":[\"https:\/\/twistedfairground.com\/es\/espectaculos\/the-electric-fairground-organism\/\"]}]},{\"@type\":\"ImageObject\",\"inLanguage\":\"es\",\"@id\":\"https:\/\/twistedfairground.com\/es\/espectaculos\/the-electric-fairground-organism\/#primaryimage\",\"url\":\"https:\/\/twistedfairground.com\/wp-content\/uploads\/2023\/04\/electric-fairground-teaser.jpg\",\"contentUrl\":\"https:\/\/twistedfairground.com\/wp-content\/uploads\/2023\/04\/electric-fairground-teaser.jpg\",\"width\":1080,\"height\":1080},{\"@type\":\"BreadcrumbList\",\"@id\":\"https:\/\/twistedfairground.com\/es\/espectaculos\/the-electric-fairground-organism\/#breadcrumb\",\"itemListElement\":[{\"@type\":\"ListItem\",\"position\":1,\"name\":\"Home\",\"item\":\"https:\/\/twistedfairground.com\/es\/\"},{\"@type\":\"ListItem\",\"position\":2,\"name\":\"Espect\u00e1culos\",\"item\":\"https:\/\/twistedfairground.com\/es\/espectaculos\/\"},{\"@type\":\"ListItem\",\"position\":3,\"name\":\"The Electric Fairground Organism\"}]},{\"@type\":\"WebSite\",\"@id\":\"https:\/\/twistedfairground.com\/es\/#website\",\"url\":\"https:\/\/twistedfairground.com\/es\/\",\"name\":\"Twisted Fairground\",\"description\":\"Sideshow\",\"potentialAction\":[{\"@type\":\"SearchAction\",\"target\":{\"@type\":\"EntryPoint\",\"urlTemplate\":\"https:\/\/twistedfairground.com\/es\/?s={search_term_string}\"},\"query-input\":{\"@type\":\"PropertyValueSpecification\",\"valueRequired\":true,\"valueName\":\"search_term_string\"}}],\"inLanguage\":\"es\"}]}<\/script>\n<!-- \/ Yoast SEO plugin. -->","yoast_head_json":{"title":"The Electric Fairground Organism - Twisted Fairground","robots":{"index":"index","follow":"follow","max-snippet":"max-snippet:-1","max-image-preview":"max-image-preview:large","max-video-preview":"max-video-preview:-1"},"canonical":"https:\/\/twistedfairground.com\/es\/espectaculos\/the-electric-fairground-organism\/","og_locale":"es_ES","og_type":"article","og_title":"The Electric Fairground Organism - Twisted Fairground","og_description":"The Electric Fairground Organism \u2026un infame y extra\u00f1o carnaval de gitanos con atracciones y un exc\u00e9ntrico espect\u00e1culo de fen\u00f3menos de 1900. \u00a1Dirigido por mentirosos y oportunistas que te dir\u00e1n lo que quieras escuchar de la manera en que ellos quieren que lo escuches! Con arrogancia, venden una rara oportunidad de un viaje f\u00edsico a trav\u00e9s [&hellip;]","og_url":"https:\/\/twistedfairground.com\/es\/espectaculos\/the-electric-fairground-organism\/","og_site_name":"Twisted Fairground","article_modified_time":"2023-05-03T12:17:31+00:00","og_image":[{"width":1080,"height":1080,"url":"https:\/\/twistedfairground.com\/wp-content\/uploads\/2023\/04\/electric-fairground-teaser.jpg","type":"image\/jpeg"}],"twitter_card":"summary_large_image","twitter_misc":{"Tiempo de lectura":"1 minuto"},"schema":{"@context":"https:\/\/schema.org","@graph":[{"@type":"WebPage","@id":"https:\/\/twistedfairground.com\/es\/espectaculos\/the-electric-fairground-organism\/","url":"https:\/\/twistedfairground.com\/es\/espectaculos\/the-electric-fairground-organism\/","name":"The Electric Fairground Organism - Twisted Fairground","isPartOf":{"@id":"https:\/\/twistedfairground.com\/es\/#website"},"primaryImageOfPage":{"@id":"https:\/\/twistedfairground.com\/es\/espectaculos\/the-electric-fairground-organism\/#primaryimage"},"image":{"@id":"https:\/\/twistedfairground.com\/es\/espectaculos\/the-electric-fairground-organism\/#primaryimage"},"thumbnailUrl":"https:\/\/twistedfairground.com\/wp-content\/uploads\/2023\/04\/electric-fairground-teaser.jpg","datePublished":"2023-04-19T08:26:46+00:00","dateModified":"2023-05-03T12:17:31+00:00","breadcrumb":{"@id":"https:\/\/twistedfairground.com\/es\/espectaculos\/the-electric-fairground-organism\/#breadcrumb"},"inLanguage":"es","potentialAction":[{"@type":"ReadAction","target":["https:\/\/twistedfairground.com\/es\/espectaculos\/the-electric-fairground-organism\/"]}]},{"@type":"ImageObject","inLanguage":"es","@id":"https:\/\/twistedfairground.com\/es\/espectaculos\/the-electric-fairground-organism\/#primaryimage","url":"https:\/\/twistedfairground.com\/wp-content\/uploads\/2023\/04\/electric-fairground-teaser.jpg","contentUrl":"https:\/\/twistedfairground.com\/wp-content\/uploads\/2023\/04\/electric-fairground-teaser.jpg","width":1080,"height":1080},{"@type":"BreadcrumbList","@id":"https:\/\/twistedfairground.com\/es\/espectaculos\/the-electric-fairground-organism\/#breadcrumb","itemListElement":[{"@type":"ListItem","position":1,"name":"Home","item":"https:\/\/twistedfairground.com\/es\/"},{"@type":"ListItem","position":2,"name":"Espect\u00e1culos","item":"https:\/\/twistedfairground.com\/es\/espectaculos\/"},{"@type":"ListItem","position":3,"name":"The Electric Fairground Organism"}]},{"@type":"WebSite","@id":"https:\/\/twistedfairground.com\/es\/#website","url":"https:\/\/twistedfairground.com\/es\/","name":"Twisted Fairground","description":"Sideshow","potentialAction":[{"@type":"SearchAction","target":{"@type":"EntryPoint","urlTemplate":"https:\/\/twistedfairground.com\/es\/?s={search_term_string}"},"query-input":{"@type":"PropertyValueSpecification","valueRequired":true,"valueName":"search_term_string"}}],"inLanguage":"es"}]}},"_links":{"self":[{"href":"https:\/\/twistedfairground.com\/es\/wp-json\/wp\/v2\/pages\/733","targetHints":{"allow":["GET"]}}],"collection":[{"href":"https:\/\/twistedfairground.com\/es\/wp-json\/wp\/v2\/pages"}],"about":[{"href":"https:\/\/twistedfairground.com\/es\/wp-json\/wp\/v2\/types\/page"}],"author":[{"embeddable":true,"href":"https:\/\/twistedfairground.com\/es\/wp-json\/wp\/v2\/users\/1"}],"replies":[{"embeddable":true,"href":"https:\/\/twistedfairground.com\/es\/wp-json\/wp\/v2\/comments?post=733"}],"version-history":[{"count":5,"href":"https:\/\/twistedfairground.com\/es\/wp-json\/wp\/v2\/pages\/733\/revisions"}],"predecessor-version":[{"id":864,"href":"https:\/\/twistedfairground.com\/es\/wp-json\/wp\/v2\/pages\/733\/revisions\/864"}],"up":[{"embeddable":true,"href":"https:\/\/twistedfairground.com\/es\/wp-json\/wp\/v2\/pages\/715"}],"wp:featuredmedia":[{"embeddable":true,"href":"https:\/\/twistedfairground.com\/es\/wp-json\/wp\/v2\/media\/140"}],"wp:attachment":[{"href":"https:\/\/twistedfairground.com\/es\/wp-json\/wp\/v2\/media?parent=733"}],"curies":[{"name":"wp","href":"https:\/\/api.w.org\/{rel}","templated":true}]}}