{"id":740,"date":"2023-04-19T08:24:47","date_gmt":"2023-04-19T08:24:47","guid":{"rendered":"https:\/\/twistedfairground.com\/espectaculos\/the-mysteries-of-ecdysis\/"},"modified":"2023-05-03T11:47:41","modified_gmt":"2023-05-03T11:47:41","slug":"los-secretos-de-ecdisis","status":"publish","type":"page","link":"https:\/\/twistedfairground.com\/es\/espectaculos\/los-secretos-de-ecdisis\/","title":{"rendered":"Los secretos de Ecdisis"},"content":{"rendered":"<h2>Los secretos de Ecdisis<\/h2>\n<div>\n<p>&#8230;un espect\u00e1culo explosivo de gira internacional que fusiona grandes instalaciones art\u00edsticas, marionetas mec\u00e1nicas y teatro f\u00edsico.<\/p>\n<p>&#8230;Enr\u00f3llate, enr\u00f3llate en un viaje de engranajes y poleas a trav\u00e9s de los recovecos de la realidad&#8230; un carnaval de atracciones extra\u00f1as y maravillosas&#8230;<\/p>\n<p>The Twisted Fairground presenta un viaje teatral inmersivo que cautivar\u00e1 y desconcertar\u00e1 a la vez.<\/p>\n<p>El espect\u00e1culo, que se desarrolla en un espacio de 12 m x 12 m a lo largo de 40 minutos, cuenta tambi\u00e9n con tres instalaciones m\u00e1s peque\u00f1as y otros espect\u00e1culos interconectados que fusionan el absurdo mundo cin\u00e9tico de la mec\u00e1nica del siglo XXI y las sombras y artima\u00f1as del espect\u00e1culo paralelo de principios del siglo XX.<\/p>\n<\/div>\n<ul>\n<li>\n<\/li>\n<li>\n<\/li>\n<li>\n<\/li>\n<\/ul>\n<h2>Los secretos de Ecdisis<\/h2>\n<p>\n    <a href=\"\/es\/contrataciones\/\">Contratar ahora<\/a>\n<\/p>\n<p><!--more--><br \/>\n<!-- {\"type\":\"layout\",\"children\":[{\"type\":\"section\",\"props\":{\"height\":\"full\",\"image\":\"wp-content\\\/uploads\\\/2023\\\/05\\\/twisted-fairground-02.png\",\"image_effect\":\"parallax\",\"image_parallax_bgy\":\"-200\",\"image_position\":\"center-center\",\"image_size\":\"cover\",\"style\":\"default\",\"title_breakpoint\":\"xl\",\"title_position\":\"top-left\",\"title_rotation\":\"left\",\"vertical_align\":\"middle\",\"width\":\"default\"},\"children\":[{\"type\":\"row\",\"children\":[{\"type\":\"column\",\"props\":{\"image_position\":\"center-center\",\"media_overlay_gradient\":\"\",\"position_sticky_breakpoint\":\"m\"},\"children\":[]}]}]},{\"type\":\"section\",\"props\":{\"image_position\":\"center-center\",\"overlap\":true,\"style\":\"default\",\"title_breakpoint\":\"xl\",\"title_position\":\"top-left\",\"title_rotation\":\"left\",\"vertical_align\":\"middle\",\"width\":\"default\"},\"children\":[{\"type\":\"row\",\"children\":[{\"type\":\"column\",\"props\":{\"image_position\":\"center-center\",\"media_overlay_gradient\":\"\",\"position_sticky_breakpoint\":\"m\"},\"children\":[{\"type\":\"headline\",\"props\":{\"animation\":\"parallax\",\"content\":\"Los secretos de Ecdisis\",\"parallax_y\":\"0,-15 52%\",\"text_align\":\"center\",\"title_element\":\"h2\",\"title_style\":\"heading-medium\"}},{\"type\":\"text\",\"props\":{\"block_align\":\"center\",\"column_breakpoint\":\"m\",\"content\":\"\n\n<p>...un espect\\u00e1culo explosivo de gira internacional que fusiona grandes instalaciones art\\u00edsticas, marionetas mec\\u00e1nicas y teatro f\\u00edsico.<\\\/p>\\n\n\n<p>...Enr\\u00f3llate, enr\\u00f3llate en un viaje de engranajes y poleas a trav\\u00e9s de los recovecos de la realidad... un carnaval de atracciones extra\\u00f1as y maravillosas...<\\\/p>\\n\n\n<p>The Twisted Fairground presenta un viaje teatral inmersivo que cautivar\\u00e1 y desconcertar\\u00e1 a la vez.<\\\/p>\\n\n\n<p>El espect\\u00e1culo, que se desarrolla en un espacio de 12 m x 12 m a lo largo de 40 minutos, cuenta tambi\\u00e9n con tres instalaciones m\\u00e1s peque\\u00f1as y otros espect\\u00e1culos interconectados que fusionan el absurdo mundo cin\\u00e9tico de la mec\\u00e1nica del siglo XXI y las sombras y artima\\u00f1as del espect\\u00e1culo paralelo de principios del siglo XX.<\\\/p>\",\"dropcap\":false,\"margin\":\"large\",\"margin_remove_top\":true,\"maxwidth_breakpoint\":\"m\",\"text_align\":\"center\",\"text_color\":\"emphasis\",\"text_style\":\"large\"}},{\"type\":\"grid\",\"props\":{\"content_column_breakpoint\":\"m\",\"filter_align\":\"left\",\"filter_all\":true,\"filter_grid_breakpoint\":\"m\",\"filter_grid_width\":\"auto\",\"filter_position\":\"top\",\"filter_style\":\"tab\",\"grid_default\":\"1\",\"grid_medium\":\"3\",\"icon_width\":80,\"image_align\":\"top\",\"image_border\":\"circle\",\"image_box_decoration\":\"secondary\",\"image_box_decoration_inverse\":false,\"image_box_shadow\":\"small\",\"image_grid_breakpoint\":\"m\",\"image_grid_width\":\"1-2\",\"image_hover_box_shadow\":\"xlarge\",\"image_link\":true,\"image_svg_color\":\"emphasis\",\"image_transition\":\"scale-down\",\"image_transition_border\":false,\"item_animation\":true,\"link_style\":\"danger\",\"link_text\":\"s\\u00f3lo para dementes\",\"margin\":\"default\",\"meta_align\":\"below-title\",\"meta_element\":\"div\",\"meta_style\":\"text-meta\",\"panel_padding\":\"\",\"show_content\":true,\"show_image\":true,\"show_link\":true,\"show_meta\":true,\"show_title\":true,\"text_align\":\"center\",\"title_align\":\"top\",\"title_element\":\"h3\",\"title_grid_breakpoint\":\"m\",\"title_grid_width\":\"1-2\",\"title_hover_style\":\"reset\"},\"children\":[{\"type\":\"grid_item\",\"source\":{\"query\":{\"name\":\"pages.customPage\",\"arguments\":{\"users\":[],\"users_operator\":\"IN\",\"offset\":0,\"order\":\"date\",\"order_direction\":\"DESC\",\"id\":759}},\"props\":{\"title\":{\"filters\":{\"search\":\"\"},\"name\":\"title\"},\"image\":{\"filters\":{\"search\":\"\"},\"name\":\"featuredImage.url\"},\"image_alt\":{\"filters\":{\"search\":\"\"},\"name\":\"title\"},\"link\":{\"filters\":{\"search\":\"\"},\"name\":\"link\"},\"content\":{\"filters\":{\"search\":\"\"},\"name\":\"field.intro_text\"}}}},{\"type\":\"grid_item\",\"source\":{\"query\":{\"name\":\"pages.customPage\",\"arguments\":{\"users\":[],\"users_operator\":\"IN\",\"offset\":0,\"order\":\"date\",\"order_direction\":\"DESC\",\"id\":746}},\"props\":{\"title\":{\"filters\":{\"search\":\"\"},\"name\":\"title\"},\"image\":{\"filters\":{\"search\":\"\"},\"name\":\"featuredImage.url\"},\"image_alt\":{\"filters\":{\"search\":\"\"},\"name\":\"title\"},\"link\":{\"filters\":{\"search\":\"\"},\"name\":\"link\"},\"content\":{\"filters\":{\"search\":\"\"},\"name\":\"field.intro_text\"}}}},{\"type\":\"grid_item\",\"source\":{\"query\":{\"name\":\"pages.customPage\",\"arguments\":{\"users\":[],\"users_operator\":\"IN\",\"offset\":0,\"order\":\"date\",\"order_direction\":\"DESC\",\"id\":752}},\"props\":{\"title\":{\"filters\":{\"search\":\"\"},\"name\":\"title\"},\"image\":{\"filters\":{\"search\":\"\"},\"name\":\"featuredImage.url\"},\"image_alt\":{\"filters\":{\"search\":\"\"},\"name\":\"title\"},\"link\":{\"filters\":{\"search\":\"\"},\"name\":\"link\"},\"content\":{\"filters\":{\"search\":\"\"},\"name\":\"field.intro_text\"}}}}]}]}]}],\"name\":\"Ecdysis section\"},{\"type\":\"section\",\"props\":{\"height\":\"section\",\"image\":\"http:\\\/\\\/twistedfairground.com\\\/wp-content\\\/uploads\\\/2023\\\/04\\\/serpentina-large.jpg\",\"image_effect\":\"parallax\",\"image_parallax_bgy\":\"-125 30%\",\"image_position\":\"top-center\",\"image_size\":\"cover\",\"overlap\":true,\"style\":\"default\",\"title_breakpoint\":\"xl\",\"title_position\":\"top-left\",\"title_rotation\":\"left\",\"vertical_align\":\"middle\",\"width\":\"default\"},\"children\":[{\"type\":\"row\",\"children\":[{\"type\":\"column\",\"props\":{\"image_position\":\"center-center\",\"media_overlay_gradient\":\"\",\"position_sticky_breakpoint\":\"m\"},\"children\":[]}]}]},{\"type\":\"section\",\"props\":{\"image_position\":\"center-center\",\"overlap\":true,\"style\":\"primary\",\"title_breakpoint\":\"xl\",\"title_position\":\"top-left\",\"title_rotation\":\"left\",\"vertical_align\":\"middle\",\"width\":\"default\"},\"children\":[{\"type\":\"row\",\"props\":{\"layout\":\"2-3,1-3\"},\"children\":[{\"type\":\"column\",\"props\":{\"image_position\":\"center-center\",\"media_overlay_gradient\":\"\",\"position_sticky_breakpoint\":\"m\",\"width_medium\":\"2-3\"},\"children\":[{\"type\":\"headline\",\"props\":{\"content\":\"Los secretos de Ecdisis\",\"title_element\":\"h2\"}}]},{\"type\":\"column\",\"props\":{\"image_position\":\"center-center\",\"media_overlay_gradient\":\"\",\"position_sticky_breakpoint\":\"m\",\"width_medium\":\"1-3\"},\"children\":[{\"type\":\"button\",\"props\":{\"button_size\":\"large\",\"grid_column_gap\":\"small\",\"grid_row_gap\":\"small\",\"margin\":\"default\",\"text_align\":\"center\"},\"children\":[{\"type\":\"button_item\",\"props\":{\"button_style\":\"default\",\"content\":\"Contratar ahora\",\"icon_align\":\"left\",\"link\":\"es\\\/contrataciones\\\/\"}}]}]}]}],\"name\":\"CALL TO ACTION\"}],\"version\":\"3.0.25\"} --><\/p>\n","protected":false},"excerpt":{"rendered":"<p>Los secretos de Ecdisis &#8230;un espect\u00e1culo explosivo de gira internacional que fusiona grandes instalaciones art\u00edsticas, marionetas mec\u00e1nicas y teatro f\u00edsico. &#8230;Enr\u00f3llate, enr\u00f3llate en un viaje de engranajes y poleas a trav\u00e9s de los recovecos de la realidad&#8230; un carnaval de atracciones extra\u00f1as y maravillosas&#8230; The Twisted Fairground presenta un viaje teatral inmersivo que cautivar\u00e1 y [&hellip;]<\/p>\n","protected":false},"author":1,"featured_media":0,"parent":715,"menu_order":0,"comment_status":"closed","ping_status":"closed","template":"","meta":{"_acf_changed":false,"footnotes":""},"class_list":["post-740","page","type-page","status-publish","hentry"],"acf":[],"yoast_head":"<!-- This site is optimized with the Yoast SEO plugin v27.4 - https:\/\/yoast.com\/product\/yoast-seo-wordpress\/ -->\n<title>Los secretos de Ecdisis - Twisted Fairground<\/title>\n<meta name=\"robots\" content=\"index, follow, max-snippet:-1, max-image-preview:large, max-video-preview:-1\" \/>\n<link rel=\"canonical\" href=\"https:\/\/twistedfairground.com\/es\/espectaculos\/los-secretos-de-ecdisis\/\" \/>\n<meta property=\"og:locale\" content=\"es_ES\" \/>\n<meta property=\"og:type\" content=\"article\" \/>\n<meta property=\"og:title\" content=\"Los secretos de Ecdisis - Twisted Fairground\" \/>\n<meta property=\"og:description\" content=\"Los secretos de Ecdisis &#8230;un espect\u00e1culo explosivo de gira internacional que fusiona grandes instalaciones art\u00edsticas, marionetas mec\u00e1nicas y teatro f\u00edsico. &#8230;Enr\u00f3llate, enr\u00f3llate en un viaje de engranajes y poleas a trav\u00e9s de los recovecos de la realidad&#8230; un carnaval de atracciones extra\u00f1as y maravillosas&#8230; The Twisted Fairground presenta un viaje teatral inmersivo que cautivar\u00e1 y [&hellip;]\" \/>\n<meta property=\"og:url\" content=\"https:\/\/twistedfairground.com\/es\/espectaculos\/los-secretos-de-ecdisis\/\" \/>\n<meta property=\"og:site_name\" content=\"Twisted Fairground\" \/>\n<meta property=\"article:modified_time\" content=\"2023-05-03T11:47:41+00:00\" \/>\n<meta name=\"twitter:card\" content=\"summary_large_image\" \/>\n<meta name=\"twitter:label1\" content=\"Tiempo de lectura\" \/>\n\t<meta name=\"twitter:data1\" content=\"1 minuto\" \/>\n<script type=\"application\/ld+json\" class=\"yoast-schema-graph\">{\"@context\":\"https:\\\/\\\/schema.org\",\"@graph\":[{\"@type\":\"WebPage\",\"@id\":\"https:\\\/\\\/twistedfairground.com\\\/es\\\/espectaculos\\\/los-secretos-de-ecdisis\\\/\",\"url\":\"https:\\\/\\\/twistedfairground.com\\\/es\\\/espectaculos\\\/los-secretos-de-ecdisis\\\/\",\"name\":\"Los secretos de Ecdisis - Twisted Fairground\",\"isPartOf\":{\"@id\":\"https:\\\/\\\/twistedfairground.com\\\/es\\\/#website\"},\"datePublished\":\"2023-04-19T08:24:47+00:00\",\"dateModified\":\"2023-05-03T11:47:41+00:00\",\"breadcrumb\":{\"@id\":\"https:\\\/\\\/twistedfairground.com\\\/es\\\/espectaculos\\\/los-secretos-de-ecdisis\\\/#breadcrumb\"},\"inLanguage\":\"es\",\"potentialAction\":[{\"@type\":\"ReadAction\",\"target\":[\"https:\\\/\\\/twistedfairground.com\\\/es\\\/espectaculos\\\/los-secretos-de-ecdisis\\\/\"]}]},{\"@type\":\"BreadcrumbList\",\"@id\":\"https:\\\/\\\/twistedfairground.com\\\/es\\\/espectaculos\\\/los-secretos-de-ecdisis\\\/#breadcrumb\",\"itemListElement\":[{\"@type\":\"ListItem\",\"position\":1,\"name\":\"Home\",\"item\":\"https:\\\/\\\/twistedfairground.com\\\/es\\\/\"},{\"@type\":\"ListItem\",\"position\":2,\"name\":\"Espect\u00e1culos\",\"item\":\"https:\\\/\\\/twistedfairground.com\\\/es\\\/espectaculos\\\/\"},{\"@type\":\"ListItem\",\"position\":3,\"name\":\"Los secretos de Ecdisis\"}]},{\"@type\":\"WebSite\",\"@id\":\"https:\\\/\\\/twistedfairground.com\\\/es\\\/#website\",\"url\":\"https:\\\/\\\/twistedfairground.com\\\/es\\\/\",\"name\":\"Twisted Fairground\",\"description\":\"Sideshow\",\"potentialAction\":[{\"@type\":\"SearchAction\",\"target\":{\"@type\":\"EntryPoint\",\"urlTemplate\":\"https:\\\/\\\/twistedfairground.com\\\/es\\\/?s={search_term_string}\"},\"query-input\":{\"@type\":\"PropertyValueSpecification\",\"valueRequired\":true,\"valueName\":\"search_term_string\"}}],\"inLanguage\":\"es\"}]}<\/script>\n<!-- \/ Yoast SEO plugin. -->","yoast_head_json":{"title":"Los secretos de Ecdisis - Twisted Fairground","robots":{"index":"index","follow":"follow","max-snippet":"max-snippet:-1","max-image-preview":"max-image-preview:large","max-video-preview":"max-video-preview:-1"},"canonical":"https:\/\/twistedfairground.com\/es\/espectaculos\/los-secretos-de-ecdisis\/","og_locale":"es_ES","og_type":"article","og_title":"Los secretos de Ecdisis - Twisted Fairground","og_description":"Los secretos de Ecdisis &#8230;un espect\u00e1culo explosivo de gira internacional que fusiona grandes instalaciones art\u00edsticas, marionetas mec\u00e1nicas y teatro f\u00edsico. &#8230;Enr\u00f3llate, enr\u00f3llate en un viaje de engranajes y poleas a trav\u00e9s de los recovecos de la realidad&#8230; un carnaval de atracciones extra\u00f1as y maravillosas&#8230; The Twisted Fairground presenta un viaje teatral inmersivo que cautivar\u00e1 y [&hellip;]","og_url":"https:\/\/twistedfairground.com\/es\/espectaculos\/los-secretos-de-ecdisis\/","og_site_name":"Twisted Fairground","article_modified_time":"2023-05-03T11:47:41+00:00","twitter_card":"summary_large_image","twitter_misc":{"Tiempo de lectura":"1 minuto"},"schema":{"@context":"https:\/\/schema.org","@graph":[{"@type":"WebPage","@id":"https:\/\/twistedfairground.com\/es\/espectaculos\/los-secretos-de-ecdisis\/","url":"https:\/\/twistedfairground.com\/es\/espectaculos\/los-secretos-de-ecdisis\/","name":"Los secretos de Ecdisis - Twisted Fairground","isPartOf":{"@id":"https:\/\/twistedfairground.com\/es\/#website"},"datePublished":"2023-04-19T08:24:47+00:00","dateModified":"2023-05-03T11:47:41+00:00","breadcrumb":{"@id":"https:\/\/twistedfairground.com\/es\/espectaculos\/los-secretos-de-ecdisis\/#breadcrumb"},"inLanguage":"es","potentialAction":[{"@type":"ReadAction","target":["https:\/\/twistedfairground.com\/es\/espectaculos\/los-secretos-de-ecdisis\/"]}]},{"@type":"BreadcrumbList","@id":"https:\/\/twistedfairground.com\/es\/espectaculos\/los-secretos-de-ecdisis\/#breadcrumb","itemListElement":[{"@type":"ListItem","position":1,"name":"Home","item":"https:\/\/twistedfairground.com\/es\/"},{"@type":"ListItem","position":2,"name":"Espect\u00e1culos","item":"https:\/\/twistedfairground.com\/es\/espectaculos\/"},{"@type":"ListItem","position":3,"name":"Los secretos de Ecdisis"}]},{"@type":"WebSite","@id":"https:\/\/twistedfairground.com\/es\/#website","url":"https:\/\/twistedfairground.com\/es\/","name":"Twisted Fairground","description":"Sideshow","potentialAction":[{"@type":"SearchAction","target":{"@type":"EntryPoint","urlTemplate":"https:\/\/twistedfairground.com\/es\/?s={search_term_string}"},"query-input":{"@type":"PropertyValueSpecification","valueRequired":true,"valueName":"search_term_string"}}],"inLanguage":"es"}]}},"_links":{"self":[{"href":"https:\/\/twistedfairground.com\/es\/wp-json\/wp\/v2\/pages\/740","targetHints":{"allow":["GET"]}}],"collection":[{"href":"https:\/\/twistedfairground.com\/es\/wp-json\/wp\/v2\/pages"}],"about":[{"href":"https:\/\/twistedfairground.com\/es\/wp-json\/wp\/v2\/types\/page"}],"author":[{"embeddable":true,"href":"https:\/\/twistedfairground.com\/es\/wp-json\/wp\/v2\/users\/1"}],"replies":[{"embeddable":true,"href":"https:\/\/twistedfairground.com\/es\/wp-json\/wp\/v2\/comments?post=740"}],"version-history":[{"count":2,"href":"https:\/\/twistedfairground.com\/es\/wp-json\/wp\/v2\/pages\/740\/revisions"}],"predecessor-version":[{"id":846,"href":"https:\/\/twistedfairground.com\/es\/wp-json\/wp\/v2\/pages\/740\/revisions\/846"}],"up":[{"embeddable":true,"href":"https:\/\/twistedfairground.com\/es\/wp-json\/wp\/v2\/pages\/715"}],"wp:attachment":[{"href":"https:\/\/twistedfairground.com\/es\/wp-json\/wp\/v2\/media?parent=740"}],"curies":[{"name":"wp","href":"https:\/\/api.w.org\/{rel}","templated":true}]}}