{"id":684,"date":"2023-04-19T08:31:16","date_gmt":"2023-04-19T08:31:16","guid":{"rendered":"https:\/\/twistedfairground.com\/bookings\/"},"modified":"2023-07-24T14:42:34","modified_gmt":"2023-07-24T14:42:34","slug":"bookings","status":"publish","type":"page","link":"https:\/\/twistedfairground.com\/fr\/bookings\/","title":{"rendered":"Bookings"},"content":{"rendered":"<h2>Veuillez remplir le formulaire ci-dessous et indiquer tous les d\u00e9tails concernant l&rsquo;\u00e9v\u00e9nement et le lieu.<\/h2>\n<div>\n\n<div class=\"wpcf7 no-js\" id=\"wpcf7-f788-o1\" lang=\"fr-FR\" dir=\"ltr\" data-wpcf7-id=\"788\">\n<div class=\"screen-reader-response\"><p role=\"status\" aria-live=\"polite\" aria-atomic=\"true\"><\/p> <ul><\/ul><\/div>\n<form action=\"\/fr\/wp-json\/wp\/v2\/pages\/684#wpcf7-f788-o1\" method=\"post\" class=\"wpcf7-form init uk-form\" aria-label=\"Formulaire de contact\" novalidate=\"novalidate\" data-status=\"init\">\n<fieldset class=\"hidden-fields-container\"><input type=\"hidden\" name=\"_wpcf7\" value=\"788\" \/><input type=\"hidden\" name=\"_wpcf7_version\" value=\"6.1.5\" \/><input type=\"hidden\" name=\"_wpcf7_locale\" value=\"fr_FR\" \/><input type=\"hidden\" name=\"_wpcf7_unit_tag\" value=\"wpcf7-f788-o1\" \/><input type=\"hidden\" name=\"_wpcf7_container_post\" value=\"0\" \/><input type=\"hidden\" name=\"_wpcf7_posted_data_hash\" value=\"\" \/><input type=\"hidden\" name=\"_wpcf7_recaptcha_response\" value=\"\" \/>\n<\/fieldset>\n<div uk-grid>\n\t<div>\n\t\t<p><label> Votre nom<br \/>\n<span class=\"wpcf7-form-control-wrap\" data-name=\"your-name\"><input size=\"40\" maxlength=\"400\" class=\"wpcf7-form-control wpcf7-text wpcf7-validates-as-required uk-input\" autocomplete=\"name\" aria-required=\"true\" aria-invalid=\"false\" value=\"\" type=\"text\" name=\"your-name\" \/><\/span> <\/label>\n\t\t<\/p>\n\t\t<p><label> Votre adresse e-mail<br \/>\n<span class=\"wpcf7-form-control-wrap\" data-name=\"your-email\"><input size=\"40\" maxlength=\"400\" class=\"wpcf7-form-control wpcf7-email wpcf7-validates-as-required wpcf7-text wpcf7-validates-as-email uk-input\" autocomplete=\"email\" aria-required=\"true\" aria-invalid=\"false\" value=\"\" type=\"email\" name=\"your-email\" \/><\/span> <\/label>\n\t\t<\/p>\n\t\t<p><label> Organisation<br \/>\n<span class=\"wpcf7-form-control-wrap\" data-name=\"your-organization\"><input size=\"40\" maxlength=\"400\" class=\"wpcf7-form-control wpcf7-text wpcf7-validates-as-required uk-input\" aria-required=\"true\" aria-invalid=\"false\" value=\"\" type=\"text\" name=\"your-organization\" \/><\/span> <\/label>\n\t\t<\/p>\n\t\t<p><label> Nom de l'\u00e9v\u00e9nement<br \/>\n<span class=\"wpcf7-form-control-wrap\" data-name=\"your-event\"><input size=\"40\" maxlength=\"400\" class=\"wpcf7-form-control wpcf7-text wpcf7-validates-as-required uk-input\" aria-required=\"true\" aria-invalid=\"false\" value=\"\" type=\"text\" name=\"your-event\" \/><\/span> <\/label>\n\t\t<\/p>\n\t\t<p><label> Pays \/ Ville<br \/>\n<span class=\"wpcf7-form-control-wrap\" data-name=\"your-country\"><input size=\"40\" maxlength=\"400\" class=\"wpcf7-form-control wpcf7-text wpcf7-validates-as-required uk-input\" aria-required=\"true\" aria-invalid=\"false\" value=\"\" type=\"text\" name=\"your-country\" \/><\/span> <\/label>\n\t\t<\/p>\n\t\t<p><label> Lieu<br \/>\n<span class=\"wpcf7-form-control-wrap\" data-name=\"your-venue\"><input size=\"40\" maxlength=\"400\" class=\"wpcf7-form-control wpcf7-text wpcf7-validates-as-required uk-input\" aria-required=\"true\" aria-invalid=\"false\" value=\"\" type=\"text\" name=\"your-venue\" \/><\/span> <\/label>\n\t\t<\/p>\n\t\t<p><label> Capacit\u00e9<br \/>\n<span class=\"wpcf7-form-control-wrap\" data-name=\"your-capacity\"><input size=\"40\" maxlength=\"400\" class=\"wpcf7-form-control wpcf7-text wpcf7-validates-as-required uk-input\" aria-required=\"true\" aria-invalid=\"false\" value=\"\" type=\"text\" name=\"your-capacity\" \/><\/span> <\/label>\n\t\t<\/p>\n\t<\/div>\n\t<div>\n\t\t<p><label> Int\u00e9ress\u00e9 par<br \/>\n<span class=\"wpcf7-form-control-wrap\" data-name=\"shows\"><select class=\"wpcf7-form-control wpcf7-select wpcf7-validates-as-required uk-select\" id=\"showselect\" aria-required=\"true\" aria-invalid=\"false\" multiple=\"multiple\" name=\"shows[]\"><option value=\"\">&#8212;Veuillez choisir une option&#8212;<\/option><option value=\"The Mysteries of Ecdysis\">The Mysteries of Ecdysis<\/option><option value=\"Serpetina\">Serpetina<\/option><option value=\"Hospital del Infierno\">Hospital del Infierno<\/option><option value=\"Kazimira &amp; The Dangerous Twins\">Kazimira &amp; The Dangerous Twins<\/option><option value=\"Basuringo\">Basuringo<\/option><option value=\"The Electric Fairground Organism\">The Electric Fairground Organism<\/option><option value=\"Mad Mutiny Clown\">Mad Mutiny Clown<\/option><\/select><\/span><br \/>\n<span class=\"uk-text-small\">You can select multiple shows by pressing CTRL (Windows\/Linux) or CMD (Mac)<\/span><\/label>\n\t\t<\/p>\n\t\t<p><label> Dates<br \/>\n<span class=\"wpcf7-form-control-wrap\" data-name=\"your-dates\"><input size=\"40\" maxlength=\"400\" class=\"wpcf7-form-control wpcf7-text wpcf7-validates-as-required uk-input\" aria-required=\"true\" aria-invalid=\"false\" value=\"\" type=\"text\" name=\"your-dates\" \/><\/span> <\/label>\n\t\t<\/p>\n\t\t<p><label> Votre message (facultatif)<br \/>\n<span class=\"wpcf7-form-control-wrap\" data-name=\"your-message\"><textarea cols=\"40\" rows=\"10\" maxlength=\"2000\" class=\"wpcf7-form-control wpcf7-textarea uk-textarea\" aria-invalid=\"false\" name=\"your-message\"><\/textarea><\/span> <\/label>\n\t\t<\/p>\n\t\t<p><span class=\"wpcf7-form-control-wrap\" data-name=\"acceptance-841\"><span class=\"wpcf7-form-control wpcf7-acceptance\"><span class=\"wpcf7-list-item\"><label><input type=\"checkbox\" name=\"acceptance-841\" value=\"1\" class=\"uk-checkbox\" aria-invalid=\"false\" \/><span class=\"wpcf7-list-item-label\">J'accepte les termes et conditions<\/span><\/label><\/span><\/span><\/span>\n\t\t<\/p>\n\t<\/div>\n<\/div>\n<p class=\"uk-text-center\"><input class=\"wpcf7-form-control wpcf7-submit has-spinner\" type=\"submit\" value=\"Soumettre une demande de r\u00e9servation\" \/>\n<\/p><div class=\"wpcf7-response-output\" aria-hidden=\"true\"><\/div>\n<\/form>\n<\/div>\n\n<\/div>\n<hr>\n<div>\n<p>Si vous pr\u00e9f\u00e9rez envoyer un message personnel, vous pouvez \u00e9crire \u00e0 :<\/p>\n<p>Germ\u00e1n de Souza &#8211; german@twistedfairground.com<\/p>\n<p>ou le joindre sur Telegram : +34 638 904 218<\/p>\n<\/div>\n<hr>\n<p><!--more--><br \/>\n<!-- {\"type\":\"layout\",\"children\":[{\"type\":\"section\",\"props\":{\"image_position\":\"center-center\",\"style\":\"default\",\"title_breakpoint\":\"xl\",\"title_position\":\"top-left\",\"title_rotation\":\"left\",\"vertical_align\":\"middle\",\"width\":\"default\"},\"children\":[{\"type\":\"row\",\"children\":[{\"type\":\"column\",\"props\":{\"image_position\":\"center-center\",\"media_overlay_gradient\":\"\",\"position_sticky_breakpoint\":\"m\",\"width_medium\":\"\"},\"children\":[{\"type\":\"headline\",\"props\":{\"text_align\":\"center\",\"title_element\":\"h1\",\"title_style\":\"heading-medium\"},\"source\":{\"query\":{\"name\":\"pages.singlePage\"},\"props\":{\"content\":{\"filters\":{\"search\":\"\"},\"name\":\"title\"}}}},{\"type\":\"headline\",\"props\":{\"block_align\":\"center\",\"content\":\"Veuillez remplir le formulaire ci-dessous et indiquer tous les d\\u00e9tails concernant l'\\u00e9v\\u00e9nement et le lieu.\",\"maxwidth\":\"2xlarge\",\"text_align\":\"center\",\"title_element\":\"h2\"}},{\"type\":\"text\",\"props\":{\"column_breakpoint\":\"m\",\"content\":\"\n\n<p>[contact-form-7 id=\\\"4\\\" title=\\\"Booking\\\" html_class=\\\"uk-form\\\"]<\\\/p>\",\"margin\":\"default\"}}]}]}]},{\"type\":\"section\",\"props\":{\"image_position\":\"center-center\",\"style\":\"default\",\"title_breakpoint\":\"xl\",\"title_position\":\"top-left\",\"title_rotation\":\"left\",\"vertical_align\":\"middle\",\"width\":\"default\"},\"children\":[{\"type\":\"row\",\"children\":[{\"type\":\"column\",\"props\":{\"image_position\":\"center-center\",\"media_overlay_gradient\":\"\",\"position_sticky_breakpoint\":\"m\"},\"children\":[{\"type\":\"divider\",\"props\":{\"divider_element\":\"hr\",\"divider_style\":\"icon\"}},{\"type\":\"text\",\"props\":{\"column_breakpoint\":\"m\",\"content\":\"\n\n<p>Si vous pr\\u00e9f\\u00e9rez envoyer un message personnel, vous pouvez \\u00e9crire \\u00e0 :<\\\/p>\\n\n\n<p>Germ\\u00e1n de Souza - german@twistedfairground.com<\\\/p>\\n\n\n<p>ou le joindre sur Telegram : +34 638 904 218<\\\/p>\",\"margin\":\"default\",\"text_align\":\"center\"}},{\"type\":\"divider\",\"props\":{\"divider_element\":\"hr\",\"divider_style\":\"icon\"}}]}]}]}],\"version\":\"3.0.25\"} --><\/p>\n","protected":false},"excerpt":{"rendered":"<p>Veuillez remplir le formulaire ci-dessous et indiquer tous les d\u00e9tails concernant l&rsquo;\u00e9v\u00e9nement et le lieu. Si vous pr\u00e9f\u00e9rez envoyer un message personnel, vous pouvez \u00e9crire \u00e0 : Germ\u00e1n de Souza &#8211; german@twistedfairground.com ou le joindre sur Telegram : +34 638 904 218<\/p>\n","protected":false},"author":1,"featured_media":0,"parent":0,"menu_order":0,"comment_status":"closed","ping_status":"closed","template":"","meta":{"_acf_changed":false,"footnotes":""},"class_list":["post-684","page","type-page","status-publish","hentry"],"acf":[],"yoast_head":"<!-- This site is optimized with the Yoast SEO plugin v27.0 - https:\/\/yoast.com\/product\/yoast-seo-wordpress\/ -->\n<title>Bookings - Twisted Fairground<\/title>\n<meta name=\"robots\" content=\"index, follow, max-snippet:-1, max-image-preview:large, max-video-preview:-1\" \/>\n<link rel=\"canonical\" href=\"https:\/\/twistedfairground.com\/fr\/bookings\/\" \/>\n<meta property=\"og:locale\" content=\"fr_FR\" \/>\n<meta property=\"og:type\" content=\"article\" \/>\n<meta property=\"og:title\" content=\"Bookings - Twisted Fairground\" \/>\n<meta property=\"og:description\" content=\"Veuillez remplir le formulaire ci-dessous et indiquer tous les d\u00e9tails concernant l&rsquo;\u00e9v\u00e9nement et le lieu. Si vous pr\u00e9f\u00e9rez envoyer un message personnel, vous pouvez \u00e9crire \u00e0 : Germ\u00e1n de Souza &#8211; german@twistedfairground.com ou le joindre sur Telegram : +34 638 904 218\" \/>\n<meta property=\"og:url\" content=\"https:\/\/twistedfairground.com\/fr\/bookings\/\" \/>\n<meta property=\"og:site_name\" content=\"Twisted Fairground\" \/>\n<meta property=\"article:modified_time\" content=\"2023-07-24T14:42:34+00:00\" \/>\n<meta name=\"twitter:card\" content=\"summary_large_image\" \/>\n<script type=\"application\/ld+json\" class=\"yoast-schema-graph\">{\"@context\":\"https:\/\/schema.org\",\"@graph\":[{\"@type\":\"WebPage\",\"@id\":\"https:\/\/twistedfairground.com\/fr\/bookings\/\",\"url\":\"https:\/\/twistedfairground.com\/fr\/bookings\/\",\"name\":\"Bookings - Twisted Fairground\",\"isPartOf\":{\"@id\":\"https:\/\/twistedfairground.com\/fr\/#website\"},\"datePublished\":\"2023-04-19T08:31:16+00:00\",\"dateModified\":\"2023-07-24T14:42:34+00:00\",\"breadcrumb\":{\"@id\":\"https:\/\/twistedfairground.com\/fr\/bookings\/#breadcrumb\"},\"inLanguage\":\"fr-FR\",\"potentialAction\":[{\"@type\":\"ReadAction\",\"target\":[\"https:\/\/twistedfairground.com\/fr\/bookings\/\"]}]},{\"@type\":\"BreadcrumbList\",\"@id\":\"https:\/\/twistedfairground.com\/fr\/bookings\/#breadcrumb\",\"itemListElement\":[{\"@type\":\"ListItem\",\"position\":1,\"name\":\"Home\",\"item\":\"https:\/\/twistedfairground.com\/fr\/\"},{\"@type\":\"ListItem\",\"position\":2,\"name\":\"Bookings\"}]},{\"@type\":\"WebSite\",\"@id\":\"https:\/\/twistedfairground.com\/fr\/#website\",\"url\":\"https:\/\/twistedfairground.com\/fr\/\",\"name\":\"Twisted Fairground\",\"description\":\"Sideshow\",\"potentialAction\":[{\"@type\":\"SearchAction\",\"target\":{\"@type\":\"EntryPoint\",\"urlTemplate\":\"https:\/\/twistedfairground.com\/fr\/?s={search_term_string}\"},\"query-input\":{\"@type\":\"PropertyValueSpecification\",\"valueRequired\":true,\"valueName\":\"search_term_string\"}}],\"inLanguage\":\"fr-FR\"}]}<\/script>\n<!-- \/ Yoast SEO plugin. -->","yoast_head_json":{"title":"Bookings - Twisted Fairground","robots":{"index":"index","follow":"follow","max-snippet":"max-snippet:-1","max-image-preview":"max-image-preview:large","max-video-preview":"max-video-preview:-1"},"canonical":"https:\/\/twistedfairground.com\/fr\/bookings\/","og_locale":"fr_FR","og_type":"article","og_title":"Bookings - Twisted Fairground","og_description":"Veuillez remplir le formulaire ci-dessous et indiquer tous les d\u00e9tails concernant l&rsquo;\u00e9v\u00e9nement et le lieu. Si vous pr\u00e9f\u00e9rez envoyer un message personnel, vous pouvez \u00e9crire \u00e0 : Germ\u00e1n de Souza &#8211; german@twistedfairground.com ou le joindre sur Telegram : +34 638 904 218","og_url":"https:\/\/twistedfairground.com\/fr\/bookings\/","og_site_name":"Twisted Fairground","article_modified_time":"2023-07-24T14:42:34+00:00","twitter_card":"summary_large_image","schema":{"@context":"https:\/\/schema.org","@graph":[{"@type":"WebPage","@id":"https:\/\/twistedfairground.com\/fr\/bookings\/","url":"https:\/\/twistedfairground.com\/fr\/bookings\/","name":"Bookings - Twisted Fairground","isPartOf":{"@id":"https:\/\/twistedfairground.com\/fr\/#website"},"datePublished":"2023-04-19T08:31:16+00:00","dateModified":"2023-07-24T14:42:34+00:00","breadcrumb":{"@id":"https:\/\/twistedfairground.com\/fr\/bookings\/#breadcrumb"},"inLanguage":"fr-FR","potentialAction":[{"@type":"ReadAction","target":["https:\/\/twistedfairground.com\/fr\/bookings\/"]}]},{"@type":"BreadcrumbList","@id":"https:\/\/twistedfairground.com\/fr\/bookings\/#breadcrumb","itemListElement":[{"@type":"ListItem","position":1,"name":"Home","item":"https:\/\/twistedfairground.com\/fr\/"},{"@type":"ListItem","position":2,"name":"Bookings"}]},{"@type":"WebSite","@id":"https:\/\/twistedfairground.com\/fr\/#website","url":"https:\/\/twistedfairground.com\/fr\/","name":"Twisted Fairground","description":"Sideshow","potentialAction":[{"@type":"SearchAction","target":{"@type":"EntryPoint","urlTemplate":"https:\/\/twistedfairground.com\/fr\/?s={search_term_string}"},"query-input":{"@type":"PropertyValueSpecification","valueRequired":true,"valueName":"search_term_string"}}],"inLanguage":"fr-FR"}]}},"_links":{"self":[{"href":"https:\/\/twistedfairground.com\/fr\/wp-json\/wp\/v2\/pages\/684","targetHints":{"allow":["GET"]}}],"collection":[{"href":"https:\/\/twistedfairground.com\/fr\/wp-json\/wp\/v2\/pages"}],"about":[{"href":"https:\/\/twistedfairground.com\/fr\/wp-json\/wp\/v2\/types\/page"}],"author":[{"embeddable":true,"href":"https:\/\/twistedfairground.com\/fr\/wp-json\/wp\/v2\/users\/1"}],"replies":[{"embeddable":true,"href":"https:\/\/twistedfairground.com\/fr\/wp-json\/wp\/v2\/comments?post=684"}],"version-history":[{"count":3,"href":"https:\/\/twistedfairground.com\/fr\/wp-json\/wp\/v2\/pages\/684\/revisions"}],"predecessor-version":[{"id":966,"href":"https:\/\/twistedfairground.com\/fr\/wp-json\/wp\/v2\/pages\/684\/revisions\/966"}],"wp:attachment":[{"href":"https:\/\/twistedfairground.com\/fr\/wp-json\/wp\/v2\/media?parent=684"}],"curies":[{"name":"wp","href":"https:\/\/api.w.org\/{rel}","templated":true}]}}