{"id":690,"date":"2023-04-19T08:29:38","date_gmt":"2023-04-19T08:29:38","guid":{"rendered":"https:\/\/twistedfairground.com\/characters\/"},"modified":"2023-07-24T15:17:50","modified_gmt":"2023-07-24T15:17:50","slug":"caracteres","status":"publish","type":"page","link":"https:\/\/twistedfairground.com\/fr\/caracteres\/","title":{"rendered":"Caract\u00e8res"},"content":{"rendered":"<h2>&amp; d\u00e9guisements<\/h2>\n<div>\n<p> Caract\u00e8res<br \/>\n&#038; d\u00e9guisements <\/p>\n<\/div>\n<ul>\n<li>\n<p>        <img decoding=\"async\" src=\"\/wp-content\/uploads\/2023\/05\/mad-clown.jpg\" alt=\"\"><\/p>\n<h3>AppleMark<\/h3>\n<\/li>\n<li>\n<p>        <img decoding=\"async\" src=\"\/wp-content\/uploads\/2023\/05\/twisted-fairground-kazimira-and-the-dangerous-twins-01.jpg\" alt=\"\"><\/p>\n<h3>twisted-fairground-kazimira-and-the-dangerous-twins-01<\/h3>\n<\/li>\n<li>\n<p>        <img decoding=\"async\" src=\"\/wp-content\/uploads\/2023\/05\/tony-dorado.jpg\" alt=\"\"><\/p>\n<h3>tony-dorado<\/h3>\n<\/li>\n<li>\n<p>        <img decoding=\"async\" src=\"\/wp-content\/uploads\/2023\/04\/customes-characters-03.jpg\" alt=\"\"><\/p>\n<h3>customes-characters-03<\/h3>\n<\/li>\n<li>\n<p>        <img decoding=\"async\" src=\"\/wp-content\/uploads\/2023\/04\/customes-characters-01.jpg\" alt=\"\"><\/p>\n<h3>customes-characters-01<\/h3>\n<\/li>\n<\/ul>\n<p><!--more--><br \/>\n<!-- {\"type\":\"layout\",\"children\":[{\"type\":\"section\",\"props\":{\"height\":\"full\",\"image\":\"http:\\\/\\\/twistedfairground.com\\\/wp-content\\\/uploads\\\/2023\\\/05\\\/characters.jpg\",\"image_effect\":\"parallax\",\"image_parallax_bgy\":\",-80 51%\",\"image_parallax_easing\":\"-0.7\",\"image_position\":\"center-center\",\"image_size\":\"cover\",\"overlap\":true,\"style\":\"default\",\"title_breakpoint\":\"xl\",\"title_position\":\"top-left\",\"title_rotation\":\"left\",\"vertical_align\":\"middle\",\"width\":\"default\"},\"children\":[{\"type\":\"row\",\"children\":[{\"type\":\"column\",\"props\":{\"image_position\":\"center-center\",\"position_sticky_breakpoint\":\"m\"}}]}]},{\"type\":\"section\",\"props\":{\"image_position\":\"center-center\",\"overlap\":true,\"style\":\"default\",\"title_breakpoint\":\"xl\",\"title_position\":\"top-left\",\"title_rotation\":\"left\",\"vertical_align\":\"middle\",\"width\":\"default\"},\"children\":[{\"type\":\"row\",\"children\":[{\"type\":\"column\",\"props\":{\"image_position\":\"center-center\",\"position_sticky_breakpoint\":\"m\"},\"children\":[{\"type\":\"headline\",\"props\":{\"text_align\":\"center\",\"title_element\":\"h1\",\"title_style\":\"heading-medium\"},\"source\":{\"query\":{\"name\":\"pages.singlePage\"},\"props\":{\"content\":{\"filters\":{\"search\":\"\"},\"name\":\"title\"}}}},{\"type\":\"headline\",\"props\":{\"content\":\"&amp; d\\u00e9guisements\",\"margin_remove_top\":true,\"text_align\":\"center\",\"title_element\":\"h2\",\"title_style\":\"h1\"}},{\"type\":\"text\",\"props\":{\"column_breakpoint\":\"m\",\"content\":\"\n\n<p> Caract\\u00e8res\\n& d\\u00e9guisements <\\\/p>\",\"dropcap\":false,\"margin\":\"default\",\"text_align\":\"center\",\"text_color\":\"emphasis\",\"text_style\":\"large\"}},{\"type\":\"gallery\",\"props\":{\"filter_align\":\"left\",\"filter_all\":true,\"filter_grid_breakpoint\":\"m\",\"filter_grid_width\":\"auto\",\"filter_position\":\"top\",\"filter_style\":\"tab\",\"grid_default\":\"1\",\"grid_masonry\":true,\"grid_medium\":\"3\",\"grid_parallax\":\"220\",\"item_animation\":true,\"link_style\":\"default\",\"link_text\":\"Read more\",\"margin\":\"default\",\"meta_align\":\"below-title\",\"meta_element\":\"div\",\"meta_style\":\"text-meta\",\"overlay_hover\":true,\"overlay_mode\":\"cover\",\"overlay_position\":\"center\",\"overlay_style\":\"overlay-primary\",\"overlay_transition\":\"fade\",\"show_content\":true,\"show_hover_image\":true,\"show_link\":true,\"show_meta\":true,\"show_title\":false,\"text_align\":\"center\",\"text_color\":\"light\",\"title_element\":\"h3\",\"title_hover_style\":\"reset\"},\"children\":[{\"type\":\"gallery_item\",\"props\":{\"image\":\"wp-content\\\/uploads\\\/2023\\\/05\\\/mad-clown.jpg\",\"title\":\"AppleMark\"}},{\"type\":\"gallery_item\",\"props\":{\"image\":\"wp-content\\\/uploads\\\/2023\\\/05\\\/twisted-fairground-kazimira-and-the-dangerous-twins-01.jpg\",\"title\":\"twisted-fairground-kazimira-and-the-dangerous-twins-01\"}},{\"type\":\"gallery_item\",\"props\":{\"image\":\"wp-content\\\/uploads\\\/2023\\\/05\\\/tony-dorado.jpg\",\"title\":\"tony-dorado\"}},{\"type\":\"gallery_item\",\"props\":{\"image\":\"wp-content\\\/uploads\\\/2023\\\/04\\\/customes-characters-03.jpg\",\"title\":\"customes-characters-03\"}},{\"type\":\"gallery_item\",\"props\":{\"image\":\"wp-content\\\/uploads\\\/2023\\\/04\\\/customes-characters-01.jpg\",\"title\":\"customes-characters-01\"}}]}]}]}]}],\"version\":\"4.0.5\"} --><\/p>\n","protected":false},"excerpt":{"rendered":"<p>&amp; d\u00e9guisements Caract\u00e8res &#038; d\u00e9guisements AppleMark twisted-fairground-kazimira-and-the-dangerous-twins-01 tony-dorado customes-characters-03 customes-characters-01<\/p>\n","protected":false},"author":1,"featured_media":0,"parent":0,"menu_order":0,"comment_status":"closed","ping_status":"closed","template":"","meta":{"_acf_changed":false,"footnotes":""},"class_list":["post-690","page","type-page","status-publish","hentry"],"acf":[],"yoast_head":"<!-- This site is optimized with the Yoast SEO plugin v27.0 - https:\/\/yoast.com\/product\/yoast-seo-wordpress\/ -->\n<title>Caract\u00e8res - Twisted Fairground<\/title>\n<meta name=\"robots\" content=\"index, follow, max-snippet:-1, max-image-preview:large, max-video-preview:-1\" \/>\n<link rel=\"canonical\" href=\"https:\/\/twistedfairground.com\/fr\/caracteres\/\" \/>\n<meta property=\"og:locale\" content=\"fr_FR\" \/>\n<meta property=\"og:type\" content=\"article\" \/>\n<meta property=\"og:title\" content=\"Caract\u00e8res - Twisted Fairground\" \/>\n<meta property=\"og:description\" content=\"&amp; d\u00e9guisements Caract\u00e8res &#038; d\u00e9guisements AppleMark twisted-fairground-kazimira-and-the-dangerous-twins-01 tony-dorado customes-characters-03 customes-characters-01\" \/>\n<meta property=\"og:url\" content=\"https:\/\/twistedfairground.com\/fr\/caracteres\/\" \/>\n<meta property=\"og:site_name\" content=\"Twisted Fairground\" \/>\n<meta property=\"article:modified_time\" content=\"2023-07-24T15:17:50+00:00\" \/>\n<meta name=\"twitter:card\" content=\"summary_large_image\" \/>\n<script type=\"application\/ld+json\" class=\"yoast-schema-graph\">{\"@context\":\"https:\/\/schema.org\",\"@graph\":[{\"@type\":\"WebPage\",\"@id\":\"https:\/\/twistedfairground.com\/fr\/caracteres\/\",\"url\":\"https:\/\/twistedfairground.com\/fr\/caracteres\/\",\"name\":\"Caract\u00e8res - Twisted Fairground\",\"isPartOf\":{\"@id\":\"https:\/\/twistedfairground.com\/fr\/#website\"},\"datePublished\":\"2023-04-19T08:29:38+00:00\",\"dateModified\":\"2023-07-24T15:17:50+00:00\",\"breadcrumb\":{\"@id\":\"https:\/\/twistedfairground.com\/fr\/caracteres\/#breadcrumb\"},\"inLanguage\":\"fr-FR\",\"potentialAction\":[{\"@type\":\"ReadAction\",\"target\":[\"https:\/\/twistedfairground.com\/fr\/caracteres\/\"]}]},{\"@type\":\"BreadcrumbList\",\"@id\":\"https:\/\/twistedfairground.com\/fr\/caracteres\/#breadcrumb\",\"itemListElement\":[{\"@type\":\"ListItem\",\"position\":1,\"name\":\"Home\",\"item\":\"https:\/\/twistedfairground.com\/fr\/\"},{\"@type\":\"ListItem\",\"position\":2,\"name\":\"Caract\u00e8res\"}]},{\"@type\":\"WebSite\",\"@id\":\"https:\/\/twistedfairground.com\/fr\/#website\",\"url\":\"https:\/\/twistedfairground.com\/fr\/\",\"name\":\"Twisted Fairground\",\"description\":\"Sideshow\",\"potentialAction\":[{\"@type\":\"SearchAction\",\"target\":{\"@type\":\"EntryPoint\",\"urlTemplate\":\"https:\/\/twistedfairground.com\/fr\/?s={search_term_string}\"},\"query-input\":{\"@type\":\"PropertyValueSpecification\",\"valueRequired\":true,\"valueName\":\"search_term_string\"}}],\"inLanguage\":\"fr-FR\"}]}<\/script>\n<!-- \/ Yoast SEO plugin. -->","yoast_head_json":{"title":"Caract\u00e8res - Twisted Fairground","robots":{"index":"index","follow":"follow","max-snippet":"max-snippet:-1","max-image-preview":"max-image-preview:large","max-video-preview":"max-video-preview:-1"},"canonical":"https:\/\/twistedfairground.com\/fr\/caracteres\/","og_locale":"fr_FR","og_type":"article","og_title":"Caract\u00e8res - Twisted Fairground","og_description":"&amp; d\u00e9guisements Caract\u00e8res &#038; d\u00e9guisements AppleMark twisted-fairground-kazimira-and-the-dangerous-twins-01 tony-dorado customes-characters-03 customes-characters-01","og_url":"https:\/\/twistedfairground.com\/fr\/caracteres\/","og_site_name":"Twisted Fairground","article_modified_time":"2023-07-24T15:17:50+00:00","twitter_card":"summary_large_image","schema":{"@context":"https:\/\/schema.org","@graph":[{"@type":"WebPage","@id":"https:\/\/twistedfairground.com\/fr\/caracteres\/","url":"https:\/\/twistedfairground.com\/fr\/caracteres\/","name":"Caract\u00e8res - Twisted Fairground","isPartOf":{"@id":"https:\/\/twistedfairground.com\/fr\/#website"},"datePublished":"2023-04-19T08:29:38+00:00","dateModified":"2023-07-24T15:17:50+00:00","breadcrumb":{"@id":"https:\/\/twistedfairground.com\/fr\/caracteres\/#breadcrumb"},"inLanguage":"fr-FR","potentialAction":[{"@type":"ReadAction","target":["https:\/\/twistedfairground.com\/fr\/caracteres\/"]}]},{"@type":"BreadcrumbList","@id":"https:\/\/twistedfairground.com\/fr\/caracteres\/#breadcrumb","itemListElement":[{"@type":"ListItem","position":1,"name":"Home","item":"https:\/\/twistedfairground.com\/fr\/"},{"@type":"ListItem","position":2,"name":"Caract\u00e8res"}]},{"@type":"WebSite","@id":"https:\/\/twistedfairground.com\/fr\/#website","url":"https:\/\/twistedfairground.com\/fr\/","name":"Twisted Fairground","description":"Sideshow","potentialAction":[{"@type":"SearchAction","target":{"@type":"EntryPoint","urlTemplate":"https:\/\/twistedfairground.com\/fr\/?s={search_term_string}"},"query-input":{"@type":"PropertyValueSpecification","valueRequired":true,"valueName":"search_term_string"}}],"inLanguage":"fr-FR"}]}},"_links":{"self":[{"href":"https:\/\/twistedfairground.com\/fr\/wp-json\/wp\/v2\/pages\/690","targetHints":{"allow":["GET"]}}],"collection":[{"href":"https:\/\/twistedfairground.com\/fr\/wp-json\/wp\/v2\/pages"}],"about":[{"href":"https:\/\/twistedfairground.com\/fr\/wp-json\/wp\/v2\/types\/page"}],"author":[{"embeddable":true,"href":"https:\/\/twistedfairground.com\/fr\/wp-json\/wp\/v2\/users\/1"}],"replies":[{"embeddable":true,"href":"https:\/\/twistedfairground.com\/fr\/wp-json\/wp\/v2\/comments?post=690"}],"version-history":[{"count":2,"href":"https:\/\/twistedfairground.com\/fr\/wp-json\/wp\/v2\/pages\/690\/revisions"}],"predecessor-version":[{"id":989,"href":"https:\/\/twistedfairground.com\/fr\/wp-json\/wp\/v2\/pages\/690\/revisions\/989"}],"wp:attachment":[{"href":"https:\/\/twistedfairground.com\/fr\/wp-json\/wp\/v2\/media?parent=690"}],"curies":[{"name":"wp","href":"https:\/\/api.w.org\/{rel}","templated":true}]}}