{"id":708,"date":"2023-04-19T08:27:38","date_gmt":"2023-04-19T08:27:38","guid":{"rendered":"https:\/\/twistedfairground.com\/installations\/"},"modified":"2023-07-24T15:16:56","modified_gmt":"2023-07-24T15:16:56","slug":"installations","status":"publish","type":"page","link":"https:\/\/twistedfairground.com\/fr\/installations\/","title":{"rendered":"Installations"},"content":{"rendered":"<h2>et autres projets artistiques<\/h2>\n<h2>D\u00e9cors et sc\u00e8nes<\/h2>\n<div>\n<p>Conception de d\u00e9cors et de sc\u00e8nes<\/p>\n<\/div>\n<ul>\n<li>\n<p>        <img decoding=\"async\" src=\"\/wp-content\/uploads\/2023\/04\/other-projects-03.jpg\" alt=\"\"><\/p>\n<\/li>\n<li>\n<p>        <img decoding=\"async\" src=\"http:\/\/twistedfairground.com\/wp-content\/uploads\/2023\/05\/escenografia-festival-01-sq.jpg\" alt=\"\"><\/p>\n<\/li>\n<li>\n<p>        <img decoding=\"async\" src=\"http:\/\/twistedfairground.com\/wp-content\/uploads\/2023\/05\/caracarton-male.jpg\" alt=\"\"><\/p>\n<\/li>\n<\/ul>\n<div>\n<p>Matt Knight est un sculpteur, un peintre, un concepteur et un fabricant qui utilise une large gamme de m\u00e9dias mixtes. Il a beaucoup d&rsquo;exp\u00e9rience dans le domaine de la forme humaine, de la sculpture statique et des articulations cin\u00e9tiques.<\/p>\n<p>Il travaille en toute confiance avec la fibre de verre, le bois, l&rsquo;argile, le m\u00e9tal et les techniques de fabrication de moules. Il peut travailler seul ou former une \u00e9quipe pour travailler sur n&rsquo;importe quel type de projet.<\/p>\n<p>Matt \/ Twisted Fairground r\u00e9alise \u00e9galement des installations sp\u00e9cifiques et a l&rsquo;habitude de travailler sur des commandes de toutes tailles et de tous budgets.<\/p>\n<\/div>\n<ul>\n<li>\n<p>        <img decoding=\"async\" src=\"\/wp-content\/uploads\/2023\/05\/twisted-fairground-basuringo-07.jpg\" alt=\"\"><\/p>\n<h3>twisted-fairground-basuringo-07<\/h3>\n<\/li>\n<li>\n<p>        <img decoding=\"async\" src=\"\/wp-content\/uploads\/2023\/05\/dangerous-twins-02.jpg\" alt=\"\"><\/p>\n<h3>dangerous-twins-02<\/h3>\n<\/li>\n<li>\n<p>        <img decoding=\"async\" src=\"\/wp-content\/uploads\/2023\/05\/caracarton-male-large.jpg\" alt=\"\"><\/p>\n<h3>caracarton-male-large<\/h3>\n<\/li>\n<li>\n<p>        <img decoding=\"async\" src=\"\/wp-content\/uploads\/2023\/05\/caracarton-male.jpg\" alt=\"\"><\/p>\n<h3>caracarton-male<\/h3>\n<\/li>\n<li>\n<p>        <img decoding=\"async\" src=\"\/wp-content\/uploads\/2023\/05\/caracarton-female-large.jpg\" alt=\"\"><\/p>\n<h3>caracarton-female-large<\/h3>\n<\/li>\n<li>\n<p>        <img decoding=\"async\" src=\"\/wp-content\/uploads\/2023\/05\/caracarton.jpg\" alt=\"\"><\/p>\n<h3>caracarton<\/h3>\n<\/li>\n<li>\n<p>        <img decoding=\"async\" src=\"\/wp-content\/uploads\/2023\/05\/escenario-carton.jpg\" alt=\"\"><\/p>\n<h3>escenario-carton<\/h3>\n<\/li>\n<li>\n<p>        <img decoding=\"async\" src=\"\/wp-content\/uploads\/2023\/05\/escenografia-festival-02-scaled.jpeg\" alt=\"\"><\/p>\n<h3>escenografia-festival-02<\/h3>\n<\/li>\n<li>\n<p>        <img decoding=\"async\" src=\"\/wp-content\/uploads\/2023\/05\/escenografia-festival-03-scaled.jpeg\" alt=\"\"><\/p>\n<h3>escenografia-festival-03<\/h3>\n<\/li>\n<\/ul>\n<p><!--more--><br \/>\n<!-- {\"type\":\"layout\",\"children\":[{\"type\":\"section\",\"props\":{\"height\":\"section\",\"image\":\"wp-content\\\/uploads\\\/2023\\\/04\\\/igantic-puppets.jpg\",\"image_effect\":\"parallax\",\"image_parallax_bgy\":\",-80 51%\",\"image_parallax_easing\":\"-0.7\",\"image_position\":\"center-center\",\"image_size\":\"cover\",\"overlap\":true,\"style\":\"default\",\"title_breakpoint\":\"xl\",\"title_position\":\"top-left\",\"title_rotation\":\"left\",\"vertical_align\":\"middle\",\"width\":\"default\"},\"children\":[{\"type\":\"row\",\"children\":[{\"type\":\"column\",\"props\":{\"image_position\":\"center-center\",\"position_sticky_breakpoint\":\"m\"}}]}]},{\"type\":\"section\",\"props\":{\"image_position\":\"center-center\",\"overlap\":true,\"style\":\"default\",\"title_breakpoint\":\"xl\",\"title_position\":\"top-left\",\"title_rotation\":\"left\",\"vertical_align\":\"middle\",\"width\":\"default\"},\"children\":[{\"type\":\"row\",\"children\":[{\"type\":\"column\",\"props\":{\"image_position\":\"center-center\",\"position_sticky_breakpoint\":\"m\"},\"children\":[{\"type\":\"headline\",\"props\":{\"text_align\":\"center\",\"title_element\":\"h1\",\"title_style\":\"heading-medium\"},\"source\":{\"query\":{\"name\":\"pages.singlePage\"},\"props\":{\"content\":{\"filters\":{\"search\":\"\"},\"name\":\"title\"}}}},{\"type\":\"headline\",\"props\":{\"content\":\"et autres projets artistiques\",\"margin_remove_top\":true,\"text_align\":\"center\",\"title_element\":\"h2\",\"title_style\":\"h1\"}}]}]}]},{\"type\":\"section\",\"props\":{\"image_position\":\"center-center\",\"overlap\":true,\"style\":\"secondary\",\"title_breakpoint\":\"xl\",\"title_position\":\"top-left\",\"title_rotation\":\"left\",\"vertical_align\":\"middle\",\"width\":\"default\"},\"children\":[{\"type\":\"row\",\"children\":[{\"type\":\"column\",\"props\":{\"image_position\":\"center-center\",\"position_sticky_breakpoint\":\"m\"},\"children\":[{\"type\":\"headline\",\"props\":{\"animation\":\"parallax\",\"content\":\"D\\u00e9cors et sc\\u00e8nes\",\"parallax_y\":\"0,-15 52%\",\"text_align\":\"center\",\"title_element\":\"h2\",\"title_style\":\"heading-medium\"}},{\"type\":\"divider\",\"props\":{\"divider_element\":\"div\",\"divider_style\":\"icon\"}},{\"type\":\"text\",\"props\":{\"column_breakpoint\":\"m\",\"content\":\"\n\n<p>Conception de d\\u00e9cors et de sc\\u00e8nes<\\\/p>\",\"dropcap\":false,\"margin\":\"default\",\"text_align\":\"center\",\"text_color\":\"emphasis\",\"text_style\":\"large\"}},{\"type\":\"grid\",\"props\":{\"content_column_breakpoint\":\"m\",\"filter_align\":\"left\",\"filter_all\":true,\"filter_grid_breakpoint\":\"m\",\"filter_grid_width\":\"auto\",\"filter_position\":\"top\",\"filter_style\":\"tab\",\"grid_default\":\"1\",\"grid_medium\":\"3\",\"icon_width\":80,\"image_align\":\"top\",\"image_border\":\"circle\",\"image_box_decoration\":\"secondary\",\"image_box_decoration_inverse\":false,\"image_box_shadow\":\"small\",\"image_grid_breakpoint\":\"m\",\"image_grid_width\":\"1-2\",\"image_hover_box_shadow\":\"xlarge\",\"image_link\":true,\"image_svg_color\":\"emphasis\",\"image_transition\":\"scale-down\",\"image_transition_border\":false,\"item_animation\":true,\"link_style\":\"danger\",\"link_text\":\"FOR MADMEN ONLY!\",\"margin\":\"large\",\"meta_align\":\"below-title\",\"meta_element\":\"div\",\"meta_style\":\"text-meta\",\"show_content\":true,\"show_image\":true,\"show_link\":true,\"show_meta\":true,\"show_title\":true,\"text_align\":\"center\",\"title_align\":\"top\",\"title_element\":\"h3\",\"title_grid_breakpoint\":\"m\",\"title_grid_width\":\"1-2\",\"title_hover_style\":\"reset\"},\"children\":[{\"type\":\"grid_item\",\"props\":{\"image\":\"wp-content\\\/uploads\\\/2023\\\/04\\\/other-projects-03.jpg\"}},{\"type\":\"grid_item\",\"props\":{\"image\":\"http:\\\/\\\/twistedfairground.com\\\/wp-content\\\/uploads\\\/2023\\\/05\\\/escenografia-festival-01-sq.jpg\"}},{\"type\":\"grid_item\",\"props\":{\"image\":\"http:\\\/\\\/twistedfairground.com\\\/wp-content\\\/uploads\\\/2023\\\/05\\\/caracarton-male.jpg\"}}]},{\"type\":\"text\",\"props\":{\"column_breakpoint\":\"m\",\"content\":\"\n\n<p>Matt Knight est un sculpteur, un peintre, un concepteur et un fabricant qui utilise une large gamme de m\\u00e9dias mixtes. Il a beaucoup d'exp\\u00e9rience dans le domaine de la forme humaine, de la sculpture statique et des articulations cin\\u00e9tiques.<\\\/p>\\n\n\n<p>Il travaille en toute confiance avec la fibre de verre, le bois, l'argile, le m\\u00e9tal et les techniques de fabrication de moules. Il peut travailler seul ou former une \\u00e9quipe pour travailler sur n'importe quel type de projet.<\\\/p>\\n\n\n<p>Matt \\\/ Twisted Fairground r\\u00e9alise \\u00e9galement des installations sp\\u00e9cifiques et a l'habitude de travailler sur des commandes de toutes tailles et de tous budgets.<\\\/p>\",\"dropcap\":false,\"margin\":\"default\",\"text_align\":\"center\",\"text_color\":\"emphasis\",\"text_style\":\"large\"}},{\"type\":\"divider\",\"props\":{\"divider_element\":\"div\",\"divider_style\":\"icon\"}},{\"type\":\"gallery\",\"props\":{\"filter_align\":\"left\",\"filter_all\":true,\"filter_grid_breakpoint\":\"m\",\"filter_grid_width\":\"auto\",\"filter_position\":\"top\",\"filter_style\":\"tab\",\"grid_default\":\"1\",\"grid_masonry\":true,\"grid_medium\":\"3\",\"grid_parallax\":\"220\",\"item_animation\":true,\"link_style\":\"default\",\"link_text\":\"Read more\",\"margin\":\"default\",\"meta_align\":\"below-title\",\"meta_element\":\"div\",\"meta_style\":\"text-meta\",\"overlay_hover\":true,\"overlay_mode\":\"cover\",\"overlay_position\":\"center\",\"overlay_style\":\"overlay-primary\",\"overlay_transition\":\"fade\",\"show_content\":true,\"show_hover_image\":true,\"show_link\":true,\"show_meta\":true,\"show_title\":false,\"text_align\":\"center\",\"text_color\":\"light\",\"title_element\":\"h3\",\"title_hover_style\":\"reset\"},\"children\":[{\"type\":\"gallery_item\",\"props\":{\"image\":\"wp-content\\\/uploads\\\/2023\\\/05\\\/twisted-fairground-basuringo-07.jpg\",\"title\":\"twisted-fairground-basuringo-07\"}},{\"type\":\"gallery_item\",\"props\":{\"image\":\"wp-content\\\/uploads\\\/2023\\\/05\\\/dangerous-twins-02.jpg\",\"title\":\"dangerous-twins-02\"}},{\"type\":\"gallery_item\",\"props\":{\"image\":\"wp-content\\\/uploads\\\/2023\\\/05\\\/caracarton-male-large.jpg\",\"title\":\"caracarton-male-large\"}},{\"type\":\"gallery_item\",\"props\":{\"image\":\"wp-content\\\/uploads\\\/2023\\\/05\\\/caracarton-male.jpg\",\"title\":\"caracarton-male\"}},{\"type\":\"gallery_item\",\"props\":{\"image\":\"wp-content\\\/uploads\\\/2023\\\/05\\\/caracarton-female-large.jpg\",\"title\":\"caracarton-female-large\"}},{\"type\":\"gallery_item\",\"props\":{\"image\":\"wp-content\\\/uploads\\\/2023\\\/05\\\/caracarton.jpg\",\"title\":\"caracarton\"}},{\"type\":\"gallery_item\",\"props\":{\"image\":\"wp-content\\\/uploads\\\/2023\\\/05\\\/escenario-carton.jpg\",\"title\":\"escenario-carton\"}},{\"type\":\"gallery_item\",\"props\":{\"image\":\"wp-content\\\/uploads\\\/2023\\\/05\\\/escenografia-festival-02-scaled.jpeg\",\"title\":\"escenografia-festival-02\"}},{\"type\":\"gallery_item\",\"props\":{\"image\":\"wp-content\\\/uploads\\\/2023\\\/05\\\/escenografia-festival-03-scaled.jpeg\",\"title\":\"escenografia-festival-03\"}}]}]}]}],\"name\":\"Gigantic Puppets\"}],\"version\":\"4.0.5\"} --><\/p>\n","protected":false},"excerpt":{"rendered":"<p>et autres projets artistiques D\u00e9cors et sc\u00e8nes Conception de d\u00e9cors et de sc\u00e8nes Matt Knight est un sculpteur, un peintre, un concepteur et un fabricant qui utilise une large gamme de m\u00e9dias mixtes. Il a beaucoup d&rsquo;exp\u00e9rience dans le domaine de la forme humaine, de la sculpture statique et des articulations cin\u00e9tiques. Il travaille en [&hellip;]<\/p>\n","protected":false},"author":1,"featured_media":0,"parent":0,"menu_order":0,"comment_status":"closed","ping_status":"closed","template":"","meta":{"_acf_changed":false,"footnotes":""},"class_list":["post-708","page","type-page","status-publish","hentry"],"acf":[],"yoast_head":"<!-- This site is optimized with the Yoast SEO plugin v27.4 - https:\/\/yoast.com\/product\/yoast-seo-wordpress\/ -->\n<title>Installations - Twisted Fairground<\/title>\n<meta name=\"robots\" content=\"index, follow, max-snippet:-1, max-image-preview:large, max-video-preview:-1\" \/>\n<link rel=\"canonical\" href=\"https:\/\/twistedfairground.com\/fr\/installations\/\" \/>\n<meta property=\"og:locale\" content=\"fr_FR\" \/>\n<meta property=\"og:type\" content=\"article\" \/>\n<meta property=\"og:title\" content=\"Installations - Twisted Fairground\" \/>\n<meta property=\"og:description\" content=\"et autres projets artistiques D\u00e9cors et sc\u00e8nes Conception de d\u00e9cors et de sc\u00e8nes Matt Knight est un sculpteur, un peintre, un concepteur et un fabricant qui utilise une large gamme de m\u00e9dias mixtes. Il a beaucoup d&rsquo;exp\u00e9rience dans le domaine de la forme humaine, de la sculpture statique et des articulations cin\u00e9tiques. Il travaille en [&hellip;]\" \/>\n<meta property=\"og:url\" content=\"https:\/\/twistedfairground.com\/fr\/installations\/\" \/>\n<meta property=\"og:site_name\" content=\"Twisted Fairground\" \/>\n<meta property=\"article:modified_time\" content=\"2023-07-24T15:16:56+00:00\" \/>\n<meta property=\"og:image\" content=\"http:\/\/twistedfairground.com\/wp-content\/uploads\/2023\/05\/escenografia-festival-01-sq.jpg\" \/>\n<meta name=\"twitter:card\" content=\"summary_large_image\" \/>\n<meta name=\"twitter:label1\" content=\"Dur\u00e9e de lecture estim\u00e9e\" \/>\n\t<meta name=\"twitter:data1\" content=\"1 minute\" \/>\n<script type=\"application\/ld+json\" class=\"yoast-schema-graph\">{\"@context\":\"https:\\\/\\\/schema.org\",\"@graph\":[{\"@type\":\"WebPage\",\"@id\":\"https:\\\/\\\/twistedfairground.com\\\/fr\\\/installations\\\/\",\"url\":\"https:\\\/\\\/twistedfairground.com\\\/fr\\\/installations\\\/\",\"name\":\"Installations - Twisted Fairground\",\"isPartOf\":{\"@id\":\"https:\\\/\\\/twistedfairground.com\\\/fr\\\/#website\"},\"primaryImageOfPage\":{\"@id\":\"https:\\\/\\\/twistedfairground.com\\\/fr\\\/installations\\\/#primaryimage\"},\"image\":{\"@id\":\"https:\\\/\\\/twistedfairground.com\\\/fr\\\/installations\\\/#primaryimage\"},\"thumbnailUrl\":\"http:\\\/\\\/twistedfairground.com\\\/wp-content\\\/uploads\\\/2023\\\/05\\\/escenografia-festival-01-sq.jpg\",\"datePublished\":\"2023-04-19T08:27:38+00:00\",\"dateModified\":\"2023-07-24T15:16:56+00:00\",\"breadcrumb\":{\"@id\":\"https:\\\/\\\/twistedfairground.com\\\/fr\\\/installations\\\/#breadcrumb\"},\"inLanguage\":\"fr-FR\",\"potentialAction\":[{\"@type\":\"ReadAction\",\"target\":[\"https:\\\/\\\/twistedfairground.com\\\/fr\\\/installations\\\/\"]}]},{\"@type\":\"ImageObject\",\"inLanguage\":\"fr-FR\",\"@id\":\"https:\\\/\\\/twistedfairground.com\\\/fr\\\/installations\\\/#primaryimage\",\"url\":\"http:\\\/\\\/twistedfairground.com\\\/wp-content\\\/uploads\\\/2023\\\/05\\\/escenografia-festival-01-sq.jpg\",\"contentUrl\":\"http:\\\/\\\/twistedfairground.com\\\/wp-content\\\/uploads\\\/2023\\\/05\\\/escenografia-festival-01-sq.jpg\"},{\"@type\":\"BreadcrumbList\",\"@id\":\"https:\\\/\\\/twistedfairground.com\\\/fr\\\/installations\\\/#breadcrumb\",\"itemListElement\":[{\"@type\":\"ListItem\",\"position\":1,\"name\":\"Home\",\"item\":\"https:\\\/\\\/twistedfairground.com\\\/fr\\\/\"},{\"@type\":\"ListItem\",\"position\":2,\"name\":\"Installations\"}]},{\"@type\":\"WebSite\",\"@id\":\"https:\\\/\\\/twistedfairground.com\\\/fr\\\/#website\",\"url\":\"https:\\\/\\\/twistedfairground.com\\\/fr\\\/\",\"name\":\"Twisted Fairground\",\"description\":\"Sideshow\",\"potentialAction\":[{\"@type\":\"SearchAction\",\"target\":{\"@type\":\"EntryPoint\",\"urlTemplate\":\"https:\\\/\\\/twistedfairground.com\\\/fr\\\/?s={search_term_string}\"},\"query-input\":{\"@type\":\"PropertyValueSpecification\",\"valueRequired\":true,\"valueName\":\"search_term_string\"}}],\"inLanguage\":\"fr-FR\"}]}<\/script>\n<!-- \/ Yoast SEO plugin. -->","yoast_head_json":{"title":"Installations - Twisted Fairground","robots":{"index":"index","follow":"follow","max-snippet":"max-snippet:-1","max-image-preview":"max-image-preview:large","max-video-preview":"max-video-preview:-1"},"canonical":"https:\/\/twistedfairground.com\/fr\/installations\/","og_locale":"fr_FR","og_type":"article","og_title":"Installations - Twisted Fairground","og_description":"et autres projets artistiques D\u00e9cors et sc\u00e8nes Conception de d\u00e9cors et de sc\u00e8nes Matt Knight est un sculpteur, un peintre, un concepteur et un fabricant qui utilise une large gamme de m\u00e9dias mixtes. Il a beaucoup d&rsquo;exp\u00e9rience dans le domaine de la forme humaine, de la sculpture statique et des articulations cin\u00e9tiques. Il travaille en [&hellip;]","og_url":"https:\/\/twistedfairground.com\/fr\/installations\/","og_site_name":"Twisted Fairground","article_modified_time":"2023-07-24T15:16:56+00:00","og_image":[{"url":"http:\/\/twistedfairground.com\/wp-content\/uploads\/2023\/05\/escenografia-festival-01-sq.jpg","type":"","width":"","height":""}],"twitter_card":"summary_large_image","twitter_misc":{"Dur\u00e9e de lecture estim\u00e9e":"1 minute"},"schema":{"@context":"https:\/\/schema.org","@graph":[{"@type":"WebPage","@id":"https:\/\/twistedfairground.com\/fr\/installations\/","url":"https:\/\/twistedfairground.com\/fr\/installations\/","name":"Installations - Twisted Fairground","isPartOf":{"@id":"https:\/\/twistedfairground.com\/fr\/#website"},"primaryImageOfPage":{"@id":"https:\/\/twistedfairground.com\/fr\/installations\/#primaryimage"},"image":{"@id":"https:\/\/twistedfairground.com\/fr\/installations\/#primaryimage"},"thumbnailUrl":"http:\/\/twistedfairground.com\/wp-content\/uploads\/2023\/05\/escenografia-festival-01-sq.jpg","datePublished":"2023-04-19T08:27:38+00:00","dateModified":"2023-07-24T15:16:56+00:00","breadcrumb":{"@id":"https:\/\/twistedfairground.com\/fr\/installations\/#breadcrumb"},"inLanguage":"fr-FR","potentialAction":[{"@type":"ReadAction","target":["https:\/\/twistedfairground.com\/fr\/installations\/"]}]},{"@type":"ImageObject","inLanguage":"fr-FR","@id":"https:\/\/twistedfairground.com\/fr\/installations\/#primaryimage","url":"http:\/\/twistedfairground.com\/wp-content\/uploads\/2023\/05\/escenografia-festival-01-sq.jpg","contentUrl":"http:\/\/twistedfairground.com\/wp-content\/uploads\/2023\/05\/escenografia-festival-01-sq.jpg"},{"@type":"BreadcrumbList","@id":"https:\/\/twistedfairground.com\/fr\/installations\/#breadcrumb","itemListElement":[{"@type":"ListItem","position":1,"name":"Home","item":"https:\/\/twistedfairground.com\/fr\/"},{"@type":"ListItem","position":2,"name":"Installations"}]},{"@type":"WebSite","@id":"https:\/\/twistedfairground.com\/fr\/#website","url":"https:\/\/twistedfairground.com\/fr\/","name":"Twisted Fairground","description":"Sideshow","potentialAction":[{"@type":"SearchAction","target":{"@type":"EntryPoint","urlTemplate":"https:\/\/twistedfairground.com\/fr\/?s={search_term_string}"},"query-input":{"@type":"PropertyValueSpecification","valueRequired":true,"valueName":"search_term_string"}}],"inLanguage":"fr-FR"}]}},"_links":{"self":[{"href":"https:\/\/twistedfairground.com\/fr\/wp-json\/wp\/v2\/pages\/708","targetHints":{"allow":["GET"]}}],"collection":[{"href":"https:\/\/twistedfairground.com\/fr\/wp-json\/wp\/v2\/pages"}],"about":[{"href":"https:\/\/twistedfairground.com\/fr\/wp-json\/wp\/v2\/types\/page"}],"author":[{"embeddable":true,"href":"https:\/\/twistedfairground.com\/fr\/wp-json\/wp\/v2\/users\/1"}],"replies":[{"embeddable":true,"href":"https:\/\/twistedfairground.com\/fr\/wp-json\/wp\/v2\/comments?post=708"}],"version-history":[{"count":2,"href":"https:\/\/twistedfairground.com\/fr\/wp-json\/wp\/v2\/pages\/708\/revisions"}],"predecessor-version":[{"id":988,"href":"https:\/\/twistedfairground.com\/fr\/wp-json\/wp\/v2\/pages\/708\/revisions\/988"}],"wp:attachment":[{"href":"https:\/\/twistedfairground.com\/fr\/wp-json\/wp\/v2\/media?parent=708"}],"curies":[{"name":"wp","href":"https:\/\/api.w.org\/{rel}","templated":true}]}}