{"id":720,"date":"2023-04-19T08:27:05","date_gmt":"2023-04-19T08:27:05","guid":{"rendered":"https:\/\/twistedfairground.com\/spectacles\/basuringo\/"},"modified":"2023-07-24T15:12:12","modified_gmt":"2023-07-24T15:12:12","slug":"basuringo","status":"publish","type":"page","link":"https:\/\/twistedfairground.com\/fr\/spectacles\/basuringo\/","title":{"rendered":"Basuringo"},"content":{"rendered":"<h1>BASURINGO<\/h1>\n<div>\n<p>Twisted Fairground vous invite \u00e0 rencontrer Basuringo.\n<\/p>\n<p>\nUne force, avec une voix qui porte une connaissance inh\u00e9rente des profondeurs de l&rsquo;existence humaine&#8230; l&rsquo;\u00e9norme monde que nous qualifions de jetable !<\/p>\n<p>\nUn spectacle m\u00ealant installation artistique, marionnettes robotis\u00e9es et th\u00e9\u00e2tre.<\/p>\n<\/div>\n<ul>\n<li>\n<p>        <img decoding=\"async\" src=\"\/wp-content\/uploads\/2023\/05\/twisted-fairground-basuringo-11.jpg\" alt=\"\"><\/p>\n<h3>twisted-fairground-basuringo-11<\/h3>\n<\/li>\n<li>\n<p>        <img decoding=\"async\" src=\"\/wp-content\/uploads\/2023\/05\/twisted-fairground-basuringo-09.jpg\" alt=\"\"><\/p>\n<h3>twisted-fairground-basuringo-09<\/h3>\n<\/li>\n<li>\n<p>        <img decoding=\"async\" src=\"\/wp-content\/uploads\/2023\/05\/twisted-fairground-basuringo-08.jpg\" alt=\"\"><\/p>\n<h3>twisted-fairground-basuringo-08<\/h3>\n<\/li>\n<li>\n<p>        <img decoding=\"async\" src=\"\/wp-content\/uploads\/2023\/05\/twisted-fairground-basuringo-07.jpg\" alt=\"\"><\/p>\n<h3>twisted-fairground-basuringo-07<\/h3>\n<\/li>\n<li>\n<p>        <img decoding=\"async\" src=\"\/wp-content\/uploads\/2023\/05\/twisted-fairground-basuringo-06.jpg\" alt=\"\"><\/p>\n<h3>twisted-fairground-basuringo-06<\/h3>\n<\/li>\n<li>\n<p>        <img decoding=\"async\" src=\"\/wp-content\/uploads\/2023\/05\/twisted-fairground-basuringo-05.jpg\" alt=\"\"><\/p>\n<h3>twisted-fairground-basuringo-05<\/h3>\n<\/li>\n<li>\n<p>        <img decoding=\"async\" src=\"\/wp-content\/uploads\/2023\/05\/twisted-fairground-basuringo-04.jpg\" alt=\"\"><\/p>\n<h3>twisted-fairground-basuringo-04<\/h3>\n<\/li>\n<li>\n<p>        <img decoding=\"async\" src=\"\/wp-content\/uploads\/2023\/05\/twisted-fairground-basuringo-03.jpg\" alt=\"\"><\/p>\n<h3>twisted-fairground-basuringo-03<\/h3>\n<\/li>\n<li>\n<p>        <img decoding=\"async\" src=\"\/wp-content\/uploads\/2023\/05\/twisted-fairground-basuringo-02.jpg\" alt=\"\"><\/p>\n<h3>twisted-fairground-basuringo-02<\/h3>\n<\/li>\n<li>\n<p>        <img decoding=\"async\" src=\"\/wp-content\/uploads\/2023\/05\/twisted-fairground-basuringo-01.jpg\" alt=\"\"><\/p>\n<h3>twisted-fairground-basuringo-01<\/h3>\n<\/li>\n<\/ul>\n<h2>Rencontrer Basuringo en personne<\/h2>\n<p>\n    <a href=\"\/fr\/bookings\/\">Book Now<\/a>\n<\/p>\n<p><!--more--><br \/>\n<!-- {\"type\":\"layout\",\"children\":[{\"type\":\"section\",\"props\":{\"height\":\"full\",\"image\":\"http:\\\/\\\/twistedfairground.com\\\/wp-content\\\/uploads\\\/2023\\\/05\\\/basuringo-top2.jpg\",\"image_effect\":\"parallax\",\"image_parallax_bgy\":\"40 0%,-110 71%\",\"image_position\":\"top-center\",\"image_size\":\"cover\",\"style\":\"default\",\"title_breakpoint\":\"xl\",\"title_position\":\"top-left\",\"title_rotation\":\"left\",\"vertical_align\":\"middle\",\"width\":\"default\"},\"children\":[{\"type\":\"row\",\"children\":[{\"type\":\"column\",\"props\":{\"image_position\":\"center-center\",\"position_sticky_breakpoint\":\"m\"}}]}]},{\"type\":\"section\",\"props\":{\"image_position\":\"center-center\",\"overlap\":true,\"style\":\"secondary\",\"title_breakpoint\":\"xl\",\"title_position\":\"top-left\",\"title_rotation\":\"left\",\"vertical_align\":\"middle\",\"width\":\"default\"},\"children\":[{\"type\":\"row\",\"children\":[{\"type\":\"column\",\"props\":{\"image_position\":\"center-center\",\"position_sticky_breakpoint\":\"m\"},\"children\":[{\"type\":\"headline\",\"props\":{\"content\":\"BASURINGO\",\"text_align\":\"center\",\"title_element\":\"h1\",\"title_style\":\"heading-medium\"}},{\"type\":\"text\",\"props\":{\"column_breakpoint\":\"m\",\"content\":\"\n\n<p>Twisted Fairground vous invite \\u00e0 rencontrer Basuringo.\\n<\\\/p>\n\n<p>\\nUne force, avec une voix qui porte une connaissance inh\\u00e9rente des profondeurs de l'existence humaine... l'\\u00e9norme monde que nous qualifions de jetable !<\\\/p>\\n\n\n<p>\\nUn spectacle m\\u00ealant installation artistique, marionnettes robotis\\u00e9es et th\\u00e9\\u00e2tre.<\\\/p>\",\"margin\":\"default\"}},{\"type\":\"gallery\",\"props\":{\"filter_align\":\"left\",\"filter_all\":true,\"filter_grid_breakpoint\":\"m\",\"filter_grid_width\":\"auto\",\"filter_position\":\"top\",\"filter_style\":\"tab\",\"grid_default\":\"1\",\"grid_masonry\":true,\"grid_medium\":\"3\",\"grid_parallax\":\"260\",\"image_width\":\"720\",\"item_animation\":true,\"link_style\":\"default\",\"link_text\":\"Read more\",\"margin\":\"default\",\"meta_align\":\"below-title\",\"meta_element\":\"div\",\"meta_style\":\"text-meta\",\"overlay_hover\":true,\"overlay_link\":true,\"overlay_mode\":\"cover\",\"overlay_position\":\"center\",\"overlay_style\":\"overlay-primary\",\"overlay_transition\":\"fade\",\"overlay_transition_background\":false,\"show_content\":true,\"show_hover_image\":true,\"show_link\":true,\"show_meta\":true,\"show_title\":false,\"text_align\":\"center\",\"text_color\":\"light\",\"title_element\":\"h3\",\"title_hover_style\":\"reset\"},\"children\":[{\"type\":\"gallery_item\",\"props\":{\"image\":\"wp-content\\\/uploads\\\/2023\\\/05\\\/twisted-fairground-basuringo-11.jpg\",\"title\":\"twisted-fairground-basuringo-11\"}},{\"type\":\"gallery_item\",\"props\":{\"image\":\"wp-content\\\/uploads\\\/2023\\\/05\\\/twisted-fairground-basuringo-09.jpg\",\"title\":\"twisted-fairground-basuringo-09\"}},{\"type\":\"gallery_item\",\"props\":{\"image\":\"wp-content\\\/uploads\\\/2023\\\/05\\\/twisted-fairground-basuringo-08.jpg\",\"title\":\"twisted-fairground-basuringo-08\"}},{\"type\":\"gallery_item\",\"props\":{\"image\":\"wp-content\\\/uploads\\\/2023\\\/05\\\/twisted-fairground-basuringo-07.jpg\",\"title\":\"twisted-fairground-basuringo-07\"}},{\"type\":\"gallery_item\",\"props\":{\"image\":\"wp-content\\\/uploads\\\/2023\\\/05\\\/twisted-fairground-basuringo-06.jpg\",\"title\":\"twisted-fairground-basuringo-06\"}},{\"type\":\"gallery_item\",\"props\":{\"image\":\"wp-content\\\/uploads\\\/2023\\\/05\\\/twisted-fairground-basuringo-05.jpg\",\"title\":\"twisted-fairground-basuringo-05\"}},{\"type\":\"gallery_item\",\"props\":{\"image\":\"wp-content\\\/uploads\\\/2023\\\/05\\\/twisted-fairground-basuringo-04.jpg\",\"title\":\"twisted-fairground-basuringo-04\"}},{\"type\":\"gallery_item\",\"props\":{\"image\":\"wp-content\\\/uploads\\\/2023\\\/05\\\/twisted-fairground-basuringo-03.jpg\",\"title\":\"twisted-fairground-basuringo-03\"}},{\"type\":\"gallery_item\",\"props\":{\"image\":\"wp-content\\\/uploads\\\/2023\\\/05\\\/twisted-fairground-basuringo-02.jpg\",\"title\":\"twisted-fairground-basuringo-02\"}},{\"type\":\"gallery_item\",\"props\":{\"image\":\"wp-content\\\/uploads\\\/2023\\\/05\\\/twisted-fairground-basuringo-01.jpg\",\"title\":\"twisted-fairground-basuringo-01\"}}]}]}]}]},{\"type\":\"section\",\"props\":{\"height\":\"section\",\"image\":\"http:\\\/\\\/twistedfairground.com\\\/wp-content\\\/uploads\\\/2023\\\/05\\\/basuringo-bottom2.jpg\",\"image_effect\":\"parallax\",\"image_parallax_bgy\":\"-100 100%\",\"image_position\":\"top-center\",\"image_size\":\"cover\",\"overlap\":true,\"style\":\"default\",\"title_breakpoint\":\"xl\",\"title_position\":\"top-left\",\"title_rotation\":\"left\",\"vertical_align\":\"middle\",\"width\":\"default\"},\"children\":[{\"type\":\"row\",\"children\":[{\"type\":\"column\",\"props\":{\"image_position\":\"center-center\",\"position_sticky_breakpoint\":\"m\"}}]}]},{\"type\":\"section\",\"props\":{\"image_position\":\"center-center\",\"overlap\":true,\"style\":\"primary\",\"title_breakpoint\":\"xl\",\"title_position\":\"top-left\",\"title_rotation\":\"left\",\"vertical_align\":\"middle\",\"width\":\"default\"},\"children\":[{\"type\":\"row\",\"props\":{\"layout\":\"2-3,1-3\"},\"children\":[{\"type\":\"column\",\"props\":{\"image_position\":\"center-center\",\"position_sticky_breakpoint\":\"m\",\"width_medium\":\"2-3\"},\"children\":[{\"type\":\"headline\",\"props\":{\"content\":\"Rencontrer Basuringo en personne\",\"title_element\":\"h2\"}}]},{\"type\":\"column\",\"props\":{\"image_position\":\"center-center\",\"position_sticky_breakpoint\":\"m\",\"width_medium\":\"1-3\"},\"children\":[{\"type\":\"button\",\"props\":{\"button_size\":\"large\",\"grid_column_gap\":\"small\",\"grid_row_gap\":\"small\",\"margin\":\"default\",\"text_align\":\"center\"},\"children\":[{\"type\":\"button_item\",\"props\":{\"button_style\":\"default\",\"content\":\"Book Now\",\"icon_align\":\"left\",\"link\":\"fr\\\/bookings\\\/\"}}]}]}]}]}],\"version\":\"4.0.5\"} --><\/p>\n","protected":false},"excerpt":{"rendered":"<p>BASURINGO Twisted Fairground vous invite \u00e0 rencontrer Basuringo. Une force, avec une voix qui porte une connaissance inh\u00e9rente des profondeurs de l&rsquo;existence humaine&#8230; l&rsquo;\u00e9norme monde que nous qualifions de jetable ! Un spectacle m\u00ealant installation artistique, marionnettes robotis\u00e9es et th\u00e9\u00e2tre. twisted-fairground-basuringo-11 twisted-fairground-basuringo-09 twisted-fairground-basuringo-08 twisted-fairground-basuringo-07 twisted-fairground-basuringo-06 twisted-fairground-basuringo-05 twisted-fairground-basuringo-04 twisted-fairground-basuringo-03 twisted-fairground-basuringo-02 twisted-fairground-basuringo-01 Rencontrer Basuringo en personne Book [&hellip;]<\/p>\n","protected":false},"author":1,"featured_media":135,"parent":714,"menu_order":0,"comment_status":"closed","ping_status":"closed","template":"","meta":{"_acf_changed":false,"footnotes":""},"class_list":["post-720","page","type-page","status-publish","has-post-thumbnail","hentry"],"acf":[],"yoast_head":"<!-- This site is optimized with the Yoast SEO plugin v27.4 - https:\/\/yoast.com\/product\/yoast-seo-wordpress\/ -->\n<title>Basuringo - Twisted Fairground<\/title>\n<meta name=\"robots\" content=\"index, follow, max-snippet:-1, max-image-preview:large, max-video-preview:-1\" \/>\n<link rel=\"canonical\" href=\"https:\/\/twistedfairground.com\/fr\/spectacles\/basuringo\/\" \/>\n<meta property=\"og:locale\" content=\"fr_FR\" \/>\n<meta property=\"og:type\" content=\"article\" \/>\n<meta property=\"og:title\" content=\"Basuringo - Twisted Fairground\" \/>\n<meta property=\"og:description\" content=\"BASURINGO Twisted Fairground vous invite \u00e0 rencontrer Basuringo. Une force, avec une voix qui porte une connaissance inh\u00e9rente des profondeurs de l&rsquo;existence humaine&#8230; l&rsquo;\u00e9norme monde que nous qualifions de jetable ! Un spectacle m\u00ealant installation artistique, marionnettes robotis\u00e9es et th\u00e9\u00e2tre. twisted-fairground-basuringo-11 twisted-fairground-basuringo-09 twisted-fairground-basuringo-08 twisted-fairground-basuringo-07 twisted-fairground-basuringo-06 twisted-fairground-basuringo-05 twisted-fairground-basuringo-04 twisted-fairground-basuringo-03 twisted-fairground-basuringo-02 twisted-fairground-basuringo-01 Rencontrer Basuringo en personne Book [&hellip;]\" \/>\n<meta property=\"og:url\" content=\"https:\/\/twistedfairground.com\/fr\/spectacles\/basuringo\/\" \/>\n<meta property=\"og:site_name\" content=\"Twisted Fairground\" \/>\n<meta property=\"article:modified_time\" content=\"2023-07-24T15:12:12+00:00\" \/>\n<meta property=\"og:image\" content=\"https:\/\/twistedfairground.com\/wp-content\/uploads\/2023\/04\/basuringo-teaser.jpg\" \/>\n\t<meta property=\"og:image:width\" content=\"1080\" \/>\n\t<meta property=\"og:image:height\" content=\"1080\" \/>\n\t<meta property=\"og:image:type\" content=\"image\/jpeg\" \/>\n<meta name=\"twitter:card\" content=\"summary_large_image\" \/>\n<meta name=\"twitter:label1\" content=\"Dur\u00e9e de lecture estim\u00e9e\" \/>\n\t<meta name=\"twitter:data1\" content=\"3 minutes\" \/>\n<script type=\"application\/ld+json\" class=\"yoast-schema-graph\">{\"@context\":\"https:\\\/\\\/schema.org\",\"@graph\":[{\"@type\":\"WebPage\",\"@id\":\"https:\\\/\\\/twistedfairground.com\\\/fr\\\/spectacles\\\/basuringo\\\/\",\"url\":\"https:\\\/\\\/twistedfairground.com\\\/fr\\\/spectacles\\\/basuringo\\\/\",\"name\":\"Basuringo - Twisted Fairground\",\"isPartOf\":{\"@id\":\"https:\\\/\\\/twistedfairground.com\\\/fr\\\/#website\"},\"primaryImageOfPage\":{\"@id\":\"https:\\\/\\\/twistedfairground.com\\\/fr\\\/spectacles\\\/basuringo\\\/#primaryimage\"},\"image\":{\"@id\":\"https:\\\/\\\/twistedfairground.com\\\/fr\\\/spectacles\\\/basuringo\\\/#primaryimage\"},\"thumbnailUrl\":\"https:\\\/\\\/twistedfairground.com\\\/wp-content\\\/uploads\\\/2023\\\/04\\\/basuringo-teaser.jpg\",\"datePublished\":\"2023-04-19T08:27:05+00:00\",\"dateModified\":\"2023-07-24T15:12:12+00:00\",\"breadcrumb\":{\"@id\":\"https:\\\/\\\/twistedfairground.com\\\/fr\\\/spectacles\\\/basuringo\\\/#breadcrumb\"},\"inLanguage\":\"fr-FR\",\"potentialAction\":[{\"@type\":\"ReadAction\",\"target\":[\"https:\\\/\\\/twistedfairground.com\\\/fr\\\/spectacles\\\/basuringo\\\/\"]}]},{\"@type\":\"ImageObject\",\"inLanguage\":\"fr-FR\",\"@id\":\"https:\\\/\\\/twistedfairground.com\\\/fr\\\/spectacles\\\/basuringo\\\/#primaryimage\",\"url\":\"https:\\\/\\\/twistedfairground.com\\\/wp-content\\\/uploads\\\/2023\\\/04\\\/basuringo-teaser.jpg\",\"contentUrl\":\"https:\\\/\\\/twistedfairground.com\\\/wp-content\\\/uploads\\\/2023\\\/04\\\/basuringo-teaser.jpg\",\"width\":1080,\"height\":1080},{\"@type\":\"BreadcrumbList\",\"@id\":\"https:\\\/\\\/twistedfairground.com\\\/fr\\\/spectacles\\\/basuringo\\\/#breadcrumb\",\"itemListElement\":[{\"@type\":\"ListItem\",\"position\":1,\"name\":\"Home\",\"item\":\"https:\\\/\\\/twistedfairground.com\\\/fr\\\/\"},{\"@type\":\"ListItem\",\"position\":2,\"name\":\"Spectacles\",\"item\":\"https:\\\/\\\/twistedfairground.com\\\/fr\\\/spectacles\\\/\"},{\"@type\":\"ListItem\",\"position\":3,\"name\":\"Basuringo\"}]},{\"@type\":\"WebSite\",\"@id\":\"https:\\\/\\\/twistedfairground.com\\\/fr\\\/#website\",\"url\":\"https:\\\/\\\/twistedfairground.com\\\/fr\\\/\",\"name\":\"Twisted Fairground\",\"description\":\"Sideshow\",\"potentialAction\":[{\"@type\":\"SearchAction\",\"target\":{\"@type\":\"EntryPoint\",\"urlTemplate\":\"https:\\\/\\\/twistedfairground.com\\\/fr\\\/?s={search_term_string}\"},\"query-input\":{\"@type\":\"PropertyValueSpecification\",\"valueRequired\":true,\"valueName\":\"search_term_string\"}}],\"inLanguage\":\"fr-FR\"}]}<\/script>\n<!-- \/ Yoast SEO plugin. -->","yoast_head_json":{"title":"Basuringo - Twisted Fairground","robots":{"index":"index","follow":"follow","max-snippet":"max-snippet:-1","max-image-preview":"max-image-preview:large","max-video-preview":"max-video-preview:-1"},"canonical":"https:\/\/twistedfairground.com\/fr\/spectacles\/basuringo\/","og_locale":"fr_FR","og_type":"article","og_title":"Basuringo - Twisted Fairground","og_description":"BASURINGO Twisted Fairground vous invite \u00e0 rencontrer Basuringo. Une force, avec une voix qui porte une connaissance inh\u00e9rente des profondeurs de l&rsquo;existence humaine&#8230; l&rsquo;\u00e9norme monde que nous qualifions de jetable ! Un spectacle m\u00ealant installation artistique, marionnettes robotis\u00e9es et th\u00e9\u00e2tre. twisted-fairground-basuringo-11 twisted-fairground-basuringo-09 twisted-fairground-basuringo-08 twisted-fairground-basuringo-07 twisted-fairground-basuringo-06 twisted-fairground-basuringo-05 twisted-fairground-basuringo-04 twisted-fairground-basuringo-03 twisted-fairground-basuringo-02 twisted-fairground-basuringo-01 Rencontrer Basuringo en personne Book [&hellip;]","og_url":"https:\/\/twistedfairground.com\/fr\/spectacles\/basuringo\/","og_site_name":"Twisted Fairground","article_modified_time":"2023-07-24T15:12:12+00:00","og_image":[{"width":1080,"height":1080,"url":"https:\/\/twistedfairground.com\/wp-content\/uploads\/2023\/04\/basuringo-teaser.jpg","type":"image\/jpeg"}],"twitter_card":"summary_large_image","twitter_misc":{"Dur\u00e9e de lecture estim\u00e9e":"3 minutes"},"schema":{"@context":"https:\/\/schema.org","@graph":[{"@type":"WebPage","@id":"https:\/\/twistedfairground.com\/fr\/spectacles\/basuringo\/","url":"https:\/\/twistedfairground.com\/fr\/spectacles\/basuringo\/","name":"Basuringo - Twisted Fairground","isPartOf":{"@id":"https:\/\/twistedfairground.com\/fr\/#website"},"primaryImageOfPage":{"@id":"https:\/\/twistedfairground.com\/fr\/spectacles\/basuringo\/#primaryimage"},"image":{"@id":"https:\/\/twistedfairground.com\/fr\/spectacles\/basuringo\/#primaryimage"},"thumbnailUrl":"https:\/\/twistedfairground.com\/wp-content\/uploads\/2023\/04\/basuringo-teaser.jpg","datePublished":"2023-04-19T08:27:05+00:00","dateModified":"2023-07-24T15:12:12+00:00","breadcrumb":{"@id":"https:\/\/twistedfairground.com\/fr\/spectacles\/basuringo\/#breadcrumb"},"inLanguage":"fr-FR","potentialAction":[{"@type":"ReadAction","target":["https:\/\/twistedfairground.com\/fr\/spectacles\/basuringo\/"]}]},{"@type":"ImageObject","inLanguage":"fr-FR","@id":"https:\/\/twistedfairground.com\/fr\/spectacles\/basuringo\/#primaryimage","url":"https:\/\/twistedfairground.com\/wp-content\/uploads\/2023\/04\/basuringo-teaser.jpg","contentUrl":"https:\/\/twistedfairground.com\/wp-content\/uploads\/2023\/04\/basuringo-teaser.jpg","width":1080,"height":1080},{"@type":"BreadcrumbList","@id":"https:\/\/twistedfairground.com\/fr\/spectacles\/basuringo\/#breadcrumb","itemListElement":[{"@type":"ListItem","position":1,"name":"Home","item":"https:\/\/twistedfairground.com\/fr\/"},{"@type":"ListItem","position":2,"name":"Spectacles","item":"https:\/\/twistedfairground.com\/fr\/spectacles\/"},{"@type":"ListItem","position":3,"name":"Basuringo"}]},{"@type":"WebSite","@id":"https:\/\/twistedfairground.com\/fr\/#website","url":"https:\/\/twistedfairground.com\/fr\/","name":"Twisted Fairground","description":"Sideshow","potentialAction":[{"@type":"SearchAction","target":{"@type":"EntryPoint","urlTemplate":"https:\/\/twistedfairground.com\/fr\/?s={search_term_string}"},"query-input":{"@type":"PropertyValueSpecification","valueRequired":true,"valueName":"search_term_string"}}],"inLanguage":"fr-FR"}]}},"_links":{"self":[{"href":"https:\/\/twistedfairground.com\/fr\/wp-json\/wp\/v2\/pages\/720","targetHints":{"allow":["GET"]}}],"collection":[{"href":"https:\/\/twistedfairground.com\/fr\/wp-json\/wp\/v2\/pages"}],"about":[{"href":"https:\/\/twistedfairground.com\/fr\/wp-json\/wp\/v2\/types\/page"}],"author":[{"embeddable":true,"href":"https:\/\/twistedfairground.com\/fr\/wp-json\/wp\/v2\/users\/1"}],"replies":[{"embeddable":true,"href":"https:\/\/twistedfairground.com\/fr\/wp-json\/wp\/v2\/comments?post=720"}],"version-history":[{"count":3,"href":"https:\/\/twistedfairground.com\/fr\/wp-json\/wp\/v2\/pages\/720\/revisions"}],"predecessor-version":[{"id":983,"href":"https:\/\/twistedfairground.com\/fr\/wp-json\/wp\/v2\/pages\/720\/revisions\/983"}],"up":[{"embeddable":true,"href":"https:\/\/twistedfairground.com\/fr\/wp-json\/wp\/v2\/pages\/714"}],"wp:featuredmedia":[{"embeddable":true,"href":"https:\/\/twistedfairground.com\/fr\/wp-json\/wp\/v2\/media\/135"}],"wp:attachment":[{"href":"https:\/\/twistedfairground.com\/fr\/wp-json\/wp\/v2\/media?parent=720"}],"curies":[{"name":"wp","href":"https:\/\/api.w.org\/{rel}","templated":true}]}}