{"id":726,"date":"2023-04-19T08:26:29","date_gmt":"2023-04-19T08:26:29","guid":{"rendered":"https:\/\/twistedfairground.com\/spectacles\/mad-clown-mutiny\/"},"modified":"2023-07-24T15:14:39","modified_gmt":"2023-07-24T15:14:39","slug":"mad-clown-mutiny","status":"publish","type":"page","link":"https:\/\/twistedfairground.com\/fr\/spectacles\/mad-clown-mutiny\/","title":{"rendered":"Mad Clown Mutiny"},"content":{"rendered":"<h1>SERPENTINA<\/h1>\n<div>\n<p>Une pr\u00e9sentation carnavalesque de la folie des marionnettes en mouvement. Il s&rsquo;agit d&rsquo;une reconstitution th\u00e9\u00e2trale de la tristement c\u00e9l\u00e8bre \u00ab\u00a0Mutinerie des clowns fous\u00a0\u00bb de 1876. Une fusion ridicule et captivante de r\u00e9cits, de th\u00e9\u00e2tre physique et de marionnettes automatis\u00e9es.<\/p>\n<\/div>\n<h2>Mad Clown Mutiny<\/h2>\n<p>\n    <a href=\"\/fr\/bookings\/\">Book Now<\/a>\n<\/p>\n<p><!--more--><br \/>\n<!-- {\"type\":\"layout\",\"children\":[{\"type\":\"section\",\"props\":{\"height\":\"full\",\"image\":\"http:\\\/\\\/twistedfairground.com\\\/wp-content\\\/uploads\\\/2023\\\/05\\\/mad-clown.jpg\",\"image_effect\":\"parallax\",\"image_parallax_bgy\":\"-300 0%\",\"image_position\":\"top-center\",\"image_size\":\"cover\",\"style\":\"default\",\"title_breakpoint\":\"xl\",\"title_position\":\"top-left\",\"title_rotation\":\"left\",\"vertical_align\":\"middle\",\"width\":\"default\"},\"children\":[{\"type\":\"row\",\"children\":[{\"type\":\"column\",\"props\":{\"image_position\":\"center-center\",\"position_sticky_breakpoint\":\"m\"}}]}]},{\"type\":\"section\",\"props\":{\"image_position\":\"center-center\",\"overlap\":true,\"style\":\"secondary\",\"title_breakpoint\":\"xl\",\"title_position\":\"top-left\",\"title_rotation\":\"left\",\"vertical_align\":\"middle\",\"width\":\"default\"},\"children\":[{\"type\":\"row\",\"children\":[{\"type\":\"column\",\"props\":{\"image_position\":\"center-center\",\"position_sticky_breakpoint\":\"m\"},\"children\":[{\"type\":\"headline\",\"props\":{\"content\":\"SERPENTINA\",\"text_align\":\"center\",\"title_element\":\"h1\",\"title_style\":\"heading-medium\"}},{\"type\":\"text\",\"props\":{\"column_breakpoint\":\"m\",\"content\":\"\n\n<p>Une pr\\u00e9sentation carnavalesque de la folie des marionnettes en mouvement. Il s'agit d'une reconstitution th\\u00e9\\u00e2trale de la tristement c\\u00e9l\\u00e8bre \\\"Mutinerie des clowns fous\\\" de 1876. Une fusion ridicule et captivante de r\\u00e9cits, de th\\u00e9\\u00e2tre physique et de marionnettes automatis\\u00e9es.<\\\/p>\",\"margin\":\"default\"}}]}]}]},{\"type\":\"section\",\"props\":{\"height\":\"section\",\"image\":\"http:\\\/\\\/twistedfairground.com\\\/wp-content\\\/uploads\\\/2023\\\/05\\\/mad_clown_2.png\",\"image_effect\":\"parallax\",\"image_parallax_bgy\":\"-300 0%,-600 100%\",\"image_position\":\"top-center\",\"image_size\":\"cover\",\"overlap\":true,\"style\":\"default\",\"title_breakpoint\":\"xl\",\"title_position\":\"top-left\",\"title_rotation\":\"left\",\"vertical_align\":\"middle\",\"width\":\"default\"},\"children\":[{\"type\":\"row\",\"children\":[{\"type\":\"column\",\"props\":{\"image_position\":\"center-center\",\"position_sticky_breakpoint\":\"m\"}}]}]},{\"type\":\"section\",\"props\":{\"image_position\":\"center-center\",\"overlap\":true,\"style\":\"primary\",\"title_breakpoint\":\"xl\",\"title_position\":\"top-left\",\"title_rotation\":\"left\",\"vertical_align\":\"middle\",\"width\":\"default\"},\"children\":[{\"type\":\"row\",\"props\":{\"layout\":\"2-3,1-3\"},\"children\":[{\"type\":\"column\",\"props\":{\"image_position\":\"center-center\",\"position_sticky_breakpoint\":\"m\",\"width_medium\":\"2-3\"},\"children\":[{\"type\":\"headline\",\"props\":{\"content\":\"Mad Clown Mutiny\",\"title_element\":\"h2\"}}]},{\"type\":\"column\",\"props\":{\"image_position\":\"center-center\",\"position_sticky_breakpoint\":\"m\",\"width_medium\":\"1-3\"},\"children\":[{\"type\":\"button\",\"props\":{\"button_size\":\"large\",\"grid_column_gap\":\"small\",\"grid_row_gap\":\"small\",\"margin\":\"default\",\"text_align\":\"center\"},\"children\":[{\"type\":\"button_item\",\"props\":{\"button_style\":\"default\",\"content\":\"Book Now\",\"icon_align\":\"left\",\"link\":\"fr\\\/bookings\\\/\"}}]}]}]}]}],\"version\":\"4.0.5\"} --><\/p>\n","protected":false},"excerpt":{"rendered":"<p>SERPENTINA Une pr\u00e9sentation carnavalesque de la folie des marionnettes en mouvement. Il s&rsquo;agit d&rsquo;une reconstitution th\u00e9\u00e2trale de la tristement c\u00e9l\u00e8bre \u00ab\u00a0Mutinerie des clowns fous\u00a0\u00bb de 1876. Une fusion ridicule et captivante de r\u00e9cits, de th\u00e9\u00e2tre physique et de marionnettes automatis\u00e9es. Mad Clown Mutiny Book Now<\/p>\n","protected":false},"author":1,"featured_media":143,"parent":714,"menu_order":0,"comment_status":"closed","ping_status":"closed","template":"","meta":{"_acf_changed":false,"footnotes":""},"class_list":["post-726","page","type-page","status-publish","has-post-thumbnail","hentry"],"acf":[],"yoast_head":"<!-- This site is optimized with the Yoast SEO plugin v27.0 - https:\/\/yoast.com\/product\/yoast-seo-wordpress\/ -->\n<title>Mad Clown Mutiny - Twisted Fairground<\/title>\n<meta name=\"robots\" content=\"index, follow, max-snippet:-1, max-image-preview:large, max-video-preview:-1\" \/>\n<link rel=\"canonical\" href=\"https:\/\/twistedfairground.com\/fr\/spectacles\/mad-clown-mutiny\/\" \/>\n<meta property=\"og:locale\" content=\"fr_FR\" \/>\n<meta property=\"og:type\" content=\"article\" \/>\n<meta property=\"og:title\" content=\"Mad Clown Mutiny - Twisted Fairground\" \/>\n<meta property=\"og:description\" content=\"SERPENTINA Une pr\u00e9sentation carnavalesque de la folie des marionnettes en mouvement. Il s&rsquo;agit d&rsquo;une reconstitution th\u00e9\u00e2trale de la tristement c\u00e9l\u00e8bre \u00ab\u00a0Mutinerie des clowns fous\u00a0\u00bb de 1876. Une fusion ridicule et captivante de r\u00e9cits, de th\u00e9\u00e2tre physique et de marionnettes automatis\u00e9es. Mad Clown Mutiny Book Now\" \/>\n<meta property=\"og:url\" content=\"https:\/\/twistedfairground.com\/fr\/spectacles\/mad-clown-mutiny\/\" \/>\n<meta property=\"og:site_name\" content=\"Twisted Fairground\" \/>\n<meta property=\"article:modified_time\" content=\"2023-07-24T15:14:39+00:00\" \/>\n<meta property=\"og:image\" content=\"https:\/\/twistedfairground.com\/wp-content\/uploads\/2023\/04\/mad-clown-mutiny-teaser.jpg\" \/>\n\t<meta property=\"og:image:width\" content=\"1080\" \/>\n\t<meta property=\"og:image:height\" content=\"1080\" \/>\n\t<meta property=\"og:image:type\" content=\"image\/jpeg\" \/>\n<meta name=\"twitter:card\" content=\"summary_large_image\" \/>\n<meta name=\"twitter:label1\" content=\"Dur\u00e9e de lecture estim\u00e9e\" \/>\n\t<meta name=\"twitter:data1\" content=\"1 minute\" \/>\n<script type=\"application\/ld+json\" class=\"yoast-schema-graph\">{\"@context\":\"https:\/\/schema.org\",\"@graph\":[{\"@type\":\"WebPage\",\"@id\":\"https:\/\/twistedfairground.com\/fr\/spectacles\/mad-clown-mutiny\/\",\"url\":\"https:\/\/twistedfairground.com\/fr\/spectacles\/mad-clown-mutiny\/\",\"name\":\"Mad Clown Mutiny - Twisted Fairground\",\"isPartOf\":{\"@id\":\"https:\/\/twistedfairground.com\/fr\/#website\"},\"primaryImageOfPage\":{\"@id\":\"https:\/\/twistedfairground.com\/fr\/spectacles\/mad-clown-mutiny\/#primaryimage\"},\"image\":{\"@id\":\"https:\/\/twistedfairground.com\/fr\/spectacles\/mad-clown-mutiny\/#primaryimage\"},\"thumbnailUrl\":\"https:\/\/twistedfairground.com\/wp-content\/uploads\/2023\/04\/mad-clown-mutiny-teaser.jpg\",\"datePublished\":\"2023-04-19T08:26:29+00:00\",\"dateModified\":\"2023-07-24T15:14:39+00:00\",\"breadcrumb\":{\"@id\":\"https:\/\/twistedfairground.com\/fr\/spectacles\/mad-clown-mutiny\/#breadcrumb\"},\"inLanguage\":\"fr-FR\",\"potentialAction\":[{\"@type\":\"ReadAction\",\"target\":[\"https:\/\/twistedfairground.com\/fr\/spectacles\/mad-clown-mutiny\/\"]}]},{\"@type\":\"ImageObject\",\"inLanguage\":\"fr-FR\",\"@id\":\"https:\/\/twistedfairground.com\/fr\/spectacles\/mad-clown-mutiny\/#primaryimage\",\"url\":\"https:\/\/twistedfairground.com\/wp-content\/uploads\/2023\/04\/mad-clown-mutiny-teaser.jpg\",\"contentUrl\":\"https:\/\/twistedfairground.com\/wp-content\/uploads\/2023\/04\/mad-clown-mutiny-teaser.jpg\",\"width\":1080,\"height\":1080},{\"@type\":\"BreadcrumbList\",\"@id\":\"https:\/\/twistedfairground.com\/fr\/spectacles\/mad-clown-mutiny\/#breadcrumb\",\"itemListElement\":[{\"@type\":\"ListItem\",\"position\":1,\"name\":\"Home\",\"item\":\"https:\/\/twistedfairground.com\/fr\/\"},{\"@type\":\"ListItem\",\"position\":2,\"name\":\"Spectacles\",\"item\":\"https:\/\/twistedfairground.com\/fr\/spectacles\/\"},{\"@type\":\"ListItem\",\"position\":3,\"name\":\"Mad Clown Mutiny\"}]},{\"@type\":\"WebSite\",\"@id\":\"https:\/\/twistedfairground.com\/fr\/#website\",\"url\":\"https:\/\/twistedfairground.com\/fr\/\",\"name\":\"Twisted Fairground\",\"description\":\"Sideshow\",\"potentialAction\":[{\"@type\":\"SearchAction\",\"target\":{\"@type\":\"EntryPoint\",\"urlTemplate\":\"https:\/\/twistedfairground.com\/fr\/?s={search_term_string}\"},\"query-input\":{\"@type\":\"PropertyValueSpecification\",\"valueRequired\":true,\"valueName\":\"search_term_string\"}}],\"inLanguage\":\"fr-FR\"}]}<\/script>\n<!-- \/ Yoast SEO plugin. -->","yoast_head_json":{"title":"Mad Clown Mutiny - Twisted Fairground","robots":{"index":"index","follow":"follow","max-snippet":"max-snippet:-1","max-image-preview":"max-image-preview:large","max-video-preview":"max-video-preview:-1"},"canonical":"https:\/\/twistedfairground.com\/fr\/spectacles\/mad-clown-mutiny\/","og_locale":"fr_FR","og_type":"article","og_title":"Mad Clown Mutiny - Twisted Fairground","og_description":"SERPENTINA Une pr\u00e9sentation carnavalesque de la folie des marionnettes en mouvement. Il s&rsquo;agit d&rsquo;une reconstitution th\u00e9\u00e2trale de la tristement c\u00e9l\u00e8bre \u00ab\u00a0Mutinerie des clowns fous\u00a0\u00bb de 1876. Une fusion ridicule et captivante de r\u00e9cits, de th\u00e9\u00e2tre physique et de marionnettes automatis\u00e9es. Mad Clown Mutiny Book Now","og_url":"https:\/\/twistedfairground.com\/fr\/spectacles\/mad-clown-mutiny\/","og_site_name":"Twisted Fairground","article_modified_time":"2023-07-24T15:14:39+00:00","og_image":[{"width":1080,"height":1080,"url":"https:\/\/twistedfairground.com\/wp-content\/uploads\/2023\/04\/mad-clown-mutiny-teaser.jpg","type":"image\/jpeg"}],"twitter_card":"summary_large_image","twitter_misc":{"Dur\u00e9e de lecture estim\u00e9e":"1 minute"},"schema":{"@context":"https:\/\/schema.org","@graph":[{"@type":"WebPage","@id":"https:\/\/twistedfairground.com\/fr\/spectacles\/mad-clown-mutiny\/","url":"https:\/\/twistedfairground.com\/fr\/spectacles\/mad-clown-mutiny\/","name":"Mad Clown Mutiny - Twisted Fairground","isPartOf":{"@id":"https:\/\/twistedfairground.com\/fr\/#website"},"primaryImageOfPage":{"@id":"https:\/\/twistedfairground.com\/fr\/spectacles\/mad-clown-mutiny\/#primaryimage"},"image":{"@id":"https:\/\/twistedfairground.com\/fr\/spectacles\/mad-clown-mutiny\/#primaryimage"},"thumbnailUrl":"https:\/\/twistedfairground.com\/wp-content\/uploads\/2023\/04\/mad-clown-mutiny-teaser.jpg","datePublished":"2023-04-19T08:26:29+00:00","dateModified":"2023-07-24T15:14:39+00:00","breadcrumb":{"@id":"https:\/\/twistedfairground.com\/fr\/spectacles\/mad-clown-mutiny\/#breadcrumb"},"inLanguage":"fr-FR","potentialAction":[{"@type":"ReadAction","target":["https:\/\/twistedfairground.com\/fr\/spectacles\/mad-clown-mutiny\/"]}]},{"@type":"ImageObject","inLanguage":"fr-FR","@id":"https:\/\/twistedfairground.com\/fr\/spectacles\/mad-clown-mutiny\/#primaryimage","url":"https:\/\/twistedfairground.com\/wp-content\/uploads\/2023\/04\/mad-clown-mutiny-teaser.jpg","contentUrl":"https:\/\/twistedfairground.com\/wp-content\/uploads\/2023\/04\/mad-clown-mutiny-teaser.jpg","width":1080,"height":1080},{"@type":"BreadcrumbList","@id":"https:\/\/twistedfairground.com\/fr\/spectacles\/mad-clown-mutiny\/#breadcrumb","itemListElement":[{"@type":"ListItem","position":1,"name":"Home","item":"https:\/\/twistedfairground.com\/fr\/"},{"@type":"ListItem","position":2,"name":"Spectacles","item":"https:\/\/twistedfairground.com\/fr\/spectacles\/"},{"@type":"ListItem","position":3,"name":"Mad Clown Mutiny"}]},{"@type":"WebSite","@id":"https:\/\/twistedfairground.com\/fr\/#website","url":"https:\/\/twistedfairground.com\/fr\/","name":"Twisted Fairground","description":"Sideshow","potentialAction":[{"@type":"SearchAction","target":{"@type":"EntryPoint","urlTemplate":"https:\/\/twistedfairground.com\/fr\/?s={search_term_string}"},"query-input":{"@type":"PropertyValueSpecification","valueRequired":true,"valueName":"search_term_string"}}],"inLanguage":"fr-FR"}]}},"_links":{"self":[{"href":"https:\/\/twistedfairground.com\/fr\/wp-json\/wp\/v2\/pages\/726","targetHints":{"allow":["GET"]}}],"collection":[{"href":"https:\/\/twistedfairground.com\/fr\/wp-json\/wp\/v2\/pages"}],"about":[{"href":"https:\/\/twistedfairground.com\/fr\/wp-json\/wp\/v2\/types\/page"}],"author":[{"embeddable":true,"href":"https:\/\/twistedfairground.com\/fr\/wp-json\/wp\/v2\/users\/1"}],"replies":[{"embeddable":true,"href":"https:\/\/twistedfairground.com\/fr\/wp-json\/wp\/v2\/comments?post=726"}],"version-history":[{"count":4,"href":"https:\/\/twistedfairground.com\/fr\/wp-json\/wp\/v2\/pages\/726\/revisions"}],"predecessor-version":[{"id":987,"href":"https:\/\/twistedfairground.com\/fr\/wp-json\/wp\/v2\/pages\/726\/revisions\/987"}],"up":[{"embeddable":true,"href":"https:\/\/twistedfairground.com\/fr\/wp-json\/wp\/v2\/pages\/714"}],"wp:featuredmedia":[{"embeddable":true,"href":"https:\/\/twistedfairground.com\/fr\/wp-json\/wp\/v2\/media\/143"}],"wp:attachment":[{"href":"https:\/\/twistedfairground.com\/fr\/wp-json\/wp\/v2\/media?parent=726"}],"curies":[{"name":"wp","href":"https:\/\/api.w.org\/{rel}","templated":true}]}}