{"id":739,"date":"2023-04-19T08:24:47","date_gmt":"2023-04-19T08:24:47","guid":{"rendered":"https:\/\/twistedfairground.com\/spectacles\/the-mysteries-of-ecdysis\/"},"modified":"2023-07-24T15:07:11","modified_gmt":"2023-07-24T15:07:11","slug":"les-mysteres-de-l-ecdysis","status":"publish","type":"page","link":"https:\/\/twistedfairground.com\/fr\/spectacles\/les-mysteres-de-l-ecdysis\/","title":{"rendered":"Les myst\u00e8res de l&rsquo;Ecdysis"},"content":{"rendered":"<h2>The Mysteries of Ecdysis<\/h2>\n<div>\n<p>&#8230;un spectacle explosif, en tourn\u00e9e internationale, qui fusionne les grandes installations artistiques, la marionnette m\u00e9canique et le th\u00e9\u00e2tre physique.\n<\/p>\n<p>Approchez, approchez pour un voyage en c\u00e2ble de poulie \u00e0 travers les recoins de la r\u00e9alit\u00e9\u2026 un carnaval d&rsquo;attractions \u00e9tranges et merveilleuses\u2026<\/p>\n<p>The Twisted Fairground pr\u00e9sente un voyage th\u00e9\u00e2tral immersif qui vous s\u00e9duira et vous d\u00e9concertera \u00e0 la fois.<\/p>\n<p>Se d\u00e9roulant dans un espace de 12 m x 12 m pendant 40 minutes, le spectacle comprend \u00e9galement trois installations plus petites et d&rsquo;autres spectacles interconnect\u00e9s fusionnant le monde cin\u00e9tique ridicule de la m\u00e9canique du 21e si\u00e8cle et les ombres et la ruse du spectacle parall\u00e8le du d\u00e9but du 20e si\u00e8cle.<\/p>\n<\/div>\n<ul>\n<li>\n<\/li>\n<li>\n<\/li>\n<li>\n<\/li>\n<\/ul>\n<h2>THE MYSTERIES OF ECDYSIS<\/h2>\n<p>\n    <a href=\"\/fr\/bookings\/\">Book Now<\/a>\n<\/p>\n<p><!--more--><br \/>\n<!-- {\"type\":\"layout\",\"children\":[{\"type\":\"section\",\"props\":{\"height\":\"full\",\"image\":\"wp-content\\\/uploads\\\/2023\\\/05\\\/twisted-fairground-02.png\",\"image_effect\":\"parallax\",\"image_parallax_bgy\":\"-200\",\"image_position\":\"center-center\",\"image_size\":\"cover\",\"style\":\"default\",\"title_breakpoint\":\"xl\",\"title_position\":\"top-left\",\"title_rotation\":\"left\",\"vertical_align\":\"middle\",\"width\":\"default\"},\"children\":[{\"type\":\"row\",\"children\":[{\"type\":\"column\",\"props\":{\"image_position\":\"center-center\",\"position_sticky_breakpoint\":\"m\"}}]}]},{\"type\":\"section\",\"props\":{\"image_position\":\"center-center\",\"overlap\":true,\"style\":\"default\",\"title_breakpoint\":\"xl\",\"title_position\":\"top-left\",\"title_rotation\":\"left\",\"vertical_align\":\"middle\",\"width\":\"default\"},\"children\":[{\"type\":\"row\",\"children\":[{\"type\":\"column\",\"props\":{\"image_position\":\"center-center\",\"position_sticky_breakpoint\":\"m\"},\"children\":[{\"type\":\"headline\",\"props\":{\"animation\":\"parallax\",\"content\":\"The Mysteries of Ecdysis\",\"parallax_y\":\"0,-15 52%\",\"text_align\":\"center\",\"title_element\":\"h2\",\"title_style\":\"heading-medium\"}},{\"type\":\"text\",\"props\":{\"block_align\":\"center\",\"column_breakpoint\":\"m\",\"content\":\"\n\n<p>...un spectacle explosif, en tourn\\u00e9e internationale, qui fusionne les grandes installations artistiques, la marionnette m\\u00e9canique et le th\\u00e9\\u00e2tre physique.\\n<\\\/p>\\n\n\n<p>Approchez, approchez pour un voyage en c\\u00e2ble de poulie \\u00e0 travers les recoins de la r\\u00e9alit\\u00e9\\u2026 un carnaval d'attractions \\u00e9tranges et merveilleuses\\u2026<\\\/p>\\n\n\n<p>The Twisted Fairground pr\\u00e9sente un voyage th\\u00e9\\u00e2tral immersif qui vous s\\u00e9duira et vous d\\u00e9concertera \\u00e0 la fois.<\\\/p>\\n\n\n<p>Se d\\u00e9roulant dans un espace de 12 m x 12 m pendant 40 minutes, le spectacle comprend \\u00e9galement trois installations plus petites et d'autres spectacles interconnect\\u00e9s fusionnant le monde cin\\u00e9tique ridicule de la m\\u00e9canique du 21e si\\u00e8cle et les ombres et la ruse du spectacle parall\\u00e8le du d\\u00e9but du 20e si\\u00e8cle.<\\\/p>\",\"dropcap\":false,\"margin\":\"large\",\"margin_remove_top\":true,\"maxwidth_breakpoint\":\"m\",\"text_align\":\"center\",\"text_color\":\"emphasis\",\"text_style\":\"large\"}},{\"type\":\"grid\",\"props\":{\"content_column_breakpoint\":\"m\",\"filter_align\":\"left\",\"filter_all\":true,\"filter_grid_breakpoint\":\"m\",\"filter_grid_width\":\"auto\",\"filter_position\":\"top\",\"filter_style\":\"tab\",\"grid_default\":\"1\",\"grid_medium\":\"3\",\"icon_width\":80,\"image_align\":\"top\",\"image_border\":\"circle\",\"image_box_decoration\":\"secondary\",\"image_box_decoration_inverse\":false,\"image_box_shadow\":\"small\",\"image_grid_breakpoint\":\"m\",\"image_grid_width\":\"1-2\",\"image_hover_box_shadow\":\"xlarge\",\"image_link\":true,\"image_svg_color\":\"emphasis\",\"image_transition\":\"scale-down\",\"image_transition_border\":false,\"item_animation\":true,\"link_style\":\"danger\",\"link_text\":\"Seulement pour les fous\",\"margin\":\"default\",\"meta_align\":\"below-title\",\"meta_element\":\"div\",\"meta_style\":\"text-meta\",\"show_content\":true,\"show_image\":true,\"show_link\":true,\"show_meta\":true,\"show_title\":true,\"text_align\":\"center\",\"title_align\":\"top\",\"title_element\":\"h3\",\"title_grid_breakpoint\":\"m\",\"title_grid_width\":\"1-2\",\"title_hover_style\":\"reset\"},\"children\":[{\"type\":\"grid_item\",\"source\":{\"query\":{\"name\":\"pages.customPage\",\"arguments\":{\"users\":[],\"users_operator\":\"IN\",\"offset\":0,\"order\":\"date\",\"order_direction\":\"DESC\",\"id\":758}},\"props\":{\"title\":{\"filters\":{\"search\":\"\"},\"name\":\"title\"},\"image\":{\"filters\":{\"search\":\"\"},\"name\":\"featuredImage.url\"},\"image_alt\":{\"filters\":{\"search\":\"\"},\"name\":\"title\"},\"link\":{\"filters\":{\"search\":\"\"},\"name\":\"link\"},\"content\":{\"filters\":{\"search\":\"\"},\"name\":\"field.intro_text\"}}}},{\"type\":\"grid_item\",\"source\":{\"query\":{\"name\":\"pages.customPage\",\"arguments\":{\"users\":[],\"users_operator\":\"IN\",\"offset\":0,\"order\":\"date\",\"order_direction\":\"DESC\",\"id\":745}},\"props\":{\"title\":{\"filters\":{\"search\":\"\"},\"name\":\"title\"},\"image\":{\"filters\":{\"search\":\"\"},\"name\":\"featuredImage.url\"},\"image_alt\":{\"filters\":{\"search\":\"\"},\"name\":\"title\"},\"link\":{\"filters\":{\"search\":\"\"},\"name\":\"link\"},\"content\":{\"filters\":{\"search\":\"\"},\"name\":\"field.intro_text\"}}}},{\"type\":\"grid_item\",\"source\":{\"query\":{\"name\":\"pages.customPage\",\"arguments\":{\"users\":[],\"users_operator\":\"IN\",\"offset\":0,\"order\":\"date\",\"order_direction\":\"DESC\",\"id\":751}},\"props\":{\"title\":{\"filters\":{\"search\":\"\"},\"name\":\"title\"},\"image\":{\"filters\":{\"search\":\"\"},\"name\":\"featuredImage.url\"},\"image_alt\":{\"filters\":{\"search\":\"\"},\"name\":\"title\"},\"link\":{\"filters\":{\"search\":\"\"},\"name\":\"link\"},\"content\":{\"filters\":{\"search\":\"\"},\"name\":\"field.intro_text\"}}}}]}]}]}],\"name\":\"Ecdysis section\"},{\"type\":\"section\",\"props\":{\"height\":\"section\",\"image\":\"http:\\\/\\\/twistedfairground.com\\\/wp-content\\\/uploads\\\/2023\\\/04\\\/serpentina-large.jpg\",\"image_effect\":\"parallax\",\"image_parallax_bgy\":\"-125 30%\",\"image_position\":\"top-center\",\"image_size\":\"cover\",\"overlap\":true,\"style\":\"default\",\"title_breakpoint\":\"xl\",\"title_position\":\"top-left\",\"title_rotation\":\"left\",\"vertical_align\":\"middle\",\"width\":\"default\"},\"children\":[{\"type\":\"row\",\"children\":[{\"type\":\"column\",\"props\":{\"image_position\":\"center-center\",\"position_sticky_breakpoint\":\"m\"}}]}]},{\"type\":\"section\",\"props\":{\"image_position\":\"center-center\",\"overlap\":true,\"style\":\"primary\",\"title_breakpoint\":\"xl\",\"title_position\":\"top-left\",\"title_rotation\":\"left\",\"vertical_align\":\"middle\",\"width\":\"default\"},\"children\":[{\"type\":\"row\",\"props\":{\"layout\":\"2-3,1-3\"},\"children\":[{\"type\":\"column\",\"props\":{\"image_position\":\"center-center\",\"position_sticky_breakpoint\":\"m\",\"width_medium\":\"2-3\"},\"children\":[{\"type\":\"headline\",\"props\":{\"content\":\"THE MYSTERIES OF ECDYSIS\",\"title_element\":\"h2\"}}]},{\"type\":\"column\",\"props\":{\"image_position\":\"center-center\",\"position_sticky_breakpoint\":\"m\",\"width_medium\":\"1-3\"},\"children\":[{\"type\":\"button\",\"props\":{\"button_size\":\"large\",\"grid_column_gap\":\"small\",\"grid_row_gap\":\"small\",\"margin\":\"default\",\"text_align\":\"center\"},\"children\":[{\"type\":\"button_item\",\"props\":{\"button_style\":\"default\",\"content\":\"Book Now\",\"icon_align\":\"left\",\"link\":\"fr\\\/bookings\\\/\"}}]}]}]}],\"name\":\"CALL TO ACTION\"}],\"version\":\"4.0.5\"} --><\/p>\n","protected":false},"excerpt":{"rendered":"<p>The Mysteries of Ecdysis &#8230;un spectacle explosif, en tourn\u00e9e internationale, qui fusionne les grandes installations artistiques, la marionnette m\u00e9canique et le th\u00e9\u00e2tre physique. Approchez, approchez pour un voyage en c\u00e2ble de poulie \u00e0 travers les recoins de la r\u00e9alit\u00e9\u2026 un carnaval d&rsquo;attractions \u00e9tranges et merveilleuses\u2026 The Twisted Fairground pr\u00e9sente un voyage th\u00e9\u00e2tral immersif qui vous [&hellip;]<\/p>\n","protected":false},"author":1,"featured_media":0,"parent":714,"menu_order":0,"comment_status":"closed","ping_status":"closed","template":"","meta":{"_acf_changed":false,"footnotes":""},"class_list":["post-739","page","type-page","status-publish","hentry"],"acf":[],"yoast_head":"<!-- This site is optimized with the Yoast SEO plugin v27.0 - https:\/\/yoast.com\/product\/yoast-seo-wordpress\/ -->\n<title>Les myst\u00e8res de l&#039;Ecdysis - Twisted Fairground<\/title>\n<meta name=\"robots\" content=\"index, follow, max-snippet:-1, max-image-preview:large, max-video-preview:-1\" \/>\n<link rel=\"canonical\" href=\"https:\/\/twistedfairground.com\/fr\/spectacles\/les-mysteres-de-l-ecdysis\/\" \/>\n<meta property=\"og:locale\" content=\"fr_FR\" \/>\n<meta property=\"og:type\" content=\"article\" \/>\n<meta property=\"og:title\" content=\"Les myst\u00e8res de l&#039;Ecdysis - Twisted Fairground\" \/>\n<meta property=\"og:description\" content=\"The Mysteries of Ecdysis &#8230;un spectacle explosif, en tourn\u00e9e internationale, qui fusionne les grandes installations artistiques, la marionnette m\u00e9canique et le th\u00e9\u00e2tre physique. Approchez, approchez pour un voyage en c\u00e2ble de poulie \u00e0 travers les recoins de la r\u00e9alit\u00e9\u2026 un carnaval d&rsquo;attractions \u00e9tranges et merveilleuses\u2026 The Twisted Fairground pr\u00e9sente un voyage th\u00e9\u00e2tral immersif qui vous [&hellip;]\" \/>\n<meta property=\"og:url\" content=\"https:\/\/twistedfairground.com\/fr\/spectacles\/les-mysteres-de-l-ecdysis\/\" \/>\n<meta property=\"og:site_name\" content=\"Twisted Fairground\" \/>\n<meta property=\"article:modified_time\" content=\"2023-07-24T15:07:11+00:00\" \/>\n<meta name=\"twitter:card\" content=\"summary_large_image\" \/>\n<meta name=\"twitter:label1\" content=\"Dur\u00e9e de lecture estim\u00e9e\" \/>\n\t<meta name=\"twitter:data1\" content=\"1 minute\" \/>\n<script type=\"application\/ld+json\" class=\"yoast-schema-graph\">{\"@context\":\"https:\/\/schema.org\",\"@graph\":[{\"@type\":\"WebPage\",\"@id\":\"https:\/\/twistedfairground.com\/fr\/spectacles\/les-mysteres-de-l-ecdysis\/\",\"url\":\"https:\/\/twistedfairground.com\/fr\/spectacles\/les-mysteres-de-l-ecdysis\/\",\"name\":\"Les myst\u00e8res de l'Ecdysis - Twisted Fairground\",\"isPartOf\":{\"@id\":\"https:\/\/twistedfairground.com\/fr\/#website\"},\"datePublished\":\"2023-04-19T08:24:47+00:00\",\"dateModified\":\"2023-07-24T15:07:11+00:00\",\"breadcrumb\":{\"@id\":\"https:\/\/twistedfairground.com\/fr\/spectacles\/les-mysteres-de-l-ecdysis\/#breadcrumb\"},\"inLanguage\":\"fr-FR\",\"potentialAction\":[{\"@type\":\"ReadAction\",\"target\":[\"https:\/\/twistedfairground.com\/fr\/spectacles\/les-mysteres-de-l-ecdysis\/\"]}]},{\"@type\":\"BreadcrumbList\",\"@id\":\"https:\/\/twistedfairground.com\/fr\/spectacles\/les-mysteres-de-l-ecdysis\/#breadcrumb\",\"itemListElement\":[{\"@type\":\"ListItem\",\"position\":1,\"name\":\"Home\",\"item\":\"https:\/\/twistedfairground.com\/fr\/\"},{\"@type\":\"ListItem\",\"position\":2,\"name\":\"Spectacles\",\"item\":\"https:\/\/twistedfairground.com\/fr\/spectacles\/\"},{\"@type\":\"ListItem\",\"position\":3,\"name\":\"Les myst\u00e8res de l&rsquo;Ecdysis\"}]},{\"@type\":\"WebSite\",\"@id\":\"https:\/\/twistedfairground.com\/fr\/#website\",\"url\":\"https:\/\/twistedfairground.com\/fr\/\",\"name\":\"Twisted Fairground\",\"description\":\"Sideshow\",\"potentialAction\":[{\"@type\":\"SearchAction\",\"target\":{\"@type\":\"EntryPoint\",\"urlTemplate\":\"https:\/\/twistedfairground.com\/fr\/?s={search_term_string}\"},\"query-input\":{\"@type\":\"PropertyValueSpecification\",\"valueRequired\":true,\"valueName\":\"search_term_string\"}}],\"inLanguage\":\"fr-FR\"}]}<\/script>\n<!-- \/ Yoast SEO plugin. -->","yoast_head_json":{"title":"Les myst\u00e8res de l'Ecdysis - Twisted Fairground","robots":{"index":"index","follow":"follow","max-snippet":"max-snippet:-1","max-image-preview":"max-image-preview:large","max-video-preview":"max-video-preview:-1"},"canonical":"https:\/\/twistedfairground.com\/fr\/spectacles\/les-mysteres-de-l-ecdysis\/","og_locale":"fr_FR","og_type":"article","og_title":"Les myst\u00e8res de l'Ecdysis - Twisted Fairground","og_description":"The Mysteries of Ecdysis &#8230;un spectacle explosif, en tourn\u00e9e internationale, qui fusionne les grandes installations artistiques, la marionnette m\u00e9canique et le th\u00e9\u00e2tre physique. Approchez, approchez pour un voyage en c\u00e2ble de poulie \u00e0 travers les recoins de la r\u00e9alit\u00e9\u2026 un carnaval d&rsquo;attractions \u00e9tranges et merveilleuses\u2026 The Twisted Fairground pr\u00e9sente un voyage th\u00e9\u00e2tral immersif qui vous [&hellip;]","og_url":"https:\/\/twistedfairground.com\/fr\/spectacles\/les-mysteres-de-l-ecdysis\/","og_site_name":"Twisted Fairground","article_modified_time":"2023-07-24T15:07:11+00:00","twitter_card":"summary_large_image","twitter_misc":{"Dur\u00e9e de lecture estim\u00e9e":"1 minute"},"schema":{"@context":"https:\/\/schema.org","@graph":[{"@type":"WebPage","@id":"https:\/\/twistedfairground.com\/fr\/spectacles\/les-mysteres-de-l-ecdysis\/","url":"https:\/\/twistedfairground.com\/fr\/spectacles\/les-mysteres-de-l-ecdysis\/","name":"Les myst\u00e8res de l'Ecdysis - Twisted Fairground","isPartOf":{"@id":"https:\/\/twistedfairground.com\/fr\/#website"},"datePublished":"2023-04-19T08:24:47+00:00","dateModified":"2023-07-24T15:07:11+00:00","breadcrumb":{"@id":"https:\/\/twistedfairground.com\/fr\/spectacles\/les-mysteres-de-l-ecdysis\/#breadcrumb"},"inLanguage":"fr-FR","potentialAction":[{"@type":"ReadAction","target":["https:\/\/twistedfairground.com\/fr\/spectacles\/les-mysteres-de-l-ecdysis\/"]}]},{"@type":"BreadcrumbList","@id":"https:\/\/twistedfairground.com\/fr\/spectacles\/les-mysteres-de-l-ecdysis\/#breadcrumb","itemListElement":[{"@type":"ListItem","position":1,"name":"Home","item":"https:\/\/twistedfairground.com\/fr\/"},{"@type":"ListItem","position":2,"name":"Spectacles","item":"https:\/\/twistedfairground.com\/fr\/spectacles\/"},{"@type":"ListItem","position":3,"name":"Les myst\u00e8res de l&rsquo;Ecdysis"}]},{"@type":"WebSite","@id":"https:\/\/twistedfairground.com\/fr\/#website","url":"https:\/\/twistedfairground.com\/fr\/","name":"Twisted Fairground","description":"Sideshow","potentialAction":[{"@type":"SearchAction","target":{"@type":"EntryPoint","urlTemplate":"https:\/\/twistedfairground.com\/fr\/?s={search_term_string}"},"query-input":{"@type":"PropertyValueSpecification","valueRequired":true,"valueName":"search_term_string"}}],"inLanguage":"fr-FR"}]}},"_links":{"self":[{"href":"https:\/\/twistedfairground.com\/fr\/wp-json\/wp\/v2\/pages\/739","targetHints":{"allow":["GET"]}}],"collection":[{"href":"https:\/\/twistedfairground.com\/fr\/wp-json\/wp\/v2\/pages"}],"about":[{"href":"https:\/\/twistedfairground.com\/fr\/wp-json\/wp\/v2\/types\/page"}],"author":[{"embeddable":true,"href":"https:\/\/twistedfairground.com\/fr\/wp-json\/wp\/v2\/users\/1"}],"replies":[{"embeddable":true,"href":"https:\/\/twistedfairground.com\/fr\/wp-json\/wp\/v2\/comments?post=739"}],"version-history":[{"count":4,"href":"https:\/\/twistedfairground.com\/fr\/wp-json\/wp\/v2\/pages\/739\/revisions"}],"predecessor-version":[{"id":979,"href":"https:\/\/twistedfairground.com\/fr\/wp-json\/wp\/v2\/pages\/739\/revisions\/979"}],"up":[{"embeddable":true,"href":"https:\/\/twistedfairground.com\/fr\/wp-json\/wp\/v2\/pages\/714"}],"wp:attachment":[{"href":"https:\/\/twistedfairground.com\/fr\/wp-json\/wp\/v2\/media?parent=739"}],"curies":[{"name":"wp","href":"https:\/\/api.w.org\/{rel}","templated":true}]}}