{"id":745,"date":"2023-04-19T08:25:52","date_gmt":"2023-04-19T08:25:52","guid":{"rendered":"https:\/\/twistedfairground.com\/spectacles\/les-mysteres-de-l-ecdysis\/hospital-del-infierno\/"},"modified":"2023-10-17T20:24:08","modified_gmt":"2023-10-17T20:24:08","slug":"hospital-del-infierno","status":"publish","type":"page","link":"https:\/\/twistedfairground.com\/fr\/spectacles\/les-mysteres-de-l-ecdysis\/hospital-del-infierno\/","title":{"rendered":"Hospital Del Infierno"},"content":{"rendered":"<h1>HOSPITAL DEL INFIERNO<\/h1>\n<div>\n<p>&#8230;un h\u00f4pital interactif des ann\u00e9es 1900, o\u00f9 le public assiste \u00e0 une op\u00e9ration en direct d&rsquo;un docteur tristement c\u00e9l\u00e8bre et se retrouve face \u00e0 face avec \u00a0\u00bb Archie \u00ab\u00a0, un automate macabre qui hurle !<\/p>\n<\/div>\n<ul>\n<li>\n<p>        <img decoding=\"async\" src=\"\/wp-content\/uploads\/2023\/05\/twisted-fairground-hospital-del-infierno-02.jpg\" alt=\"\"><\/p>\n<h3>twisted-fairground-hospital-del-infierno-02<\/h3>\n<\/li>\n<li>\n<p>        <img decoding=\"async\" src=\"\/wp-content\/uploads\/2023\/05\/twisted-fairground-11.png\" alt=\"\"><\/p>\n<h3>twisted-fairground-11<\/h3>\n<\/li>\n<li>\n<p>        <img decoding=\"async\" src=\"\/wp-content\/uploads\/2023\/05\/twisted-fairground-hospital-del-infierno-03.jpg\" alt=\"\"><\/p>\n<h3>twisted-fairground-hospital-del-infierno-03<\/h3>\n<\/li>\n<li>\n<p>        <img decoding=\"async\" src=\"\/wp-content\/uploads\/2023\/05\/twisted-fairground-10.png\" alt=\"\"><\/p>\n<h3>twisted-fairground-10<\/h3>\n<\/li>\n<li>\n<p>        <img decoding=\"async\" src=\"\/wp-content\/uploads\/2023\/05\/twisted-fairground-hospital-del-infierno-04.jpg\" alt=\"\"><\/p>\n<h3>twisted-fairground-hospital-del-infierno-04<\/h3>\n<\/li>\n<li>\n<p>        <img decoding=\"async\" src=\"\/wp-content\/uploads\/2023\/05\/twisted-fairground-hospital-del-infierno-05.jpg\" alt=\"\"><\/p>\n<h3>twisted-fairground-hospital-del-infierno-05<\/h3>\n<\/li>\n<li>\n<p>        <img decoding=\"async\" src=\"\/wp-content\/uploads\/2023\/05\/twisted-fairground-hospital-del-infierno-06.jpg\" alt=\"\"><\/p>\n<h3>twisted-fairground-hospital-del-infierno-06<\/h3>\n<\/li>\n<li>\n<p>        <img decoding=\"async\" src=\"\/wp-content\/uploads\/2023\/05\/twisted-fairground-07.png\" alt=\"\"><\/p>\n<h3>twisted-fairground-07<\/h3>\n<\/li>\n<li>\n<p>        <img decoding=\"async\" src=\"\/wp-content\/uploads\/2023\/05\/twisted-fairground-12.png\" alt=\"\"><\/p>\n<h3>twisted-fairground-12<\/h3>\n<\/li>\n<li>\n<p>        <img decoding=\"async\" src=\"\/wp-content\/uploads\/2023\/05\/twisted-fairground-08.png\" alt=\"\"><\/p>\n<h3>twisted-fairground-08<\/h3>\n<\/li>\n<li>\n<p>        <img decoding=\"async\" src=\"\/wp-content\/uploads\/2023\/05\/twisted-fairground-09.png\" alt=\"\"><\/p>\n<h3>twisted-fairground-09<\/h3>\n<\/li>\n<li>\n<p>        <img decoding=\"async\" src=\"\/wp-content\/uploads\/2023\/05\/twisted-fairground-hospital-del-infierno-01.jpg\" alt=\"\"><\/p>\n<h3>twisted-fairground-hospital-del-infierno-01<\/h3>\n<\/li>\n<\/ul>\n<h2>Hospital del infierno, for madmen only!<\/h2>\n<p>\n    <a href=\"\/fr\/bookings\/\">Book Now<\/a>\n<\/p>\n<p><!--more--><br \/>\n<!-- {\"type\":\"layout\",\"children\":[{\"type\":\"section\",\"props\":{\"height\":\"full\",\"image\":\"http:\\\/\\\/twistedfairground.com\\\/wp-content\\\/uploads\\\/2023\\\/05\\\/twisted-fairground-hospital-del-infierno-05.jpg\",\"image_effect\":\"parallax\",\"image_parallax_bgy\":\"-200,-450 25%\",\"image_position\":\"center-center\",\"image_size\":\"cover\",\"style\":\"default\",\"title_breakpoint\":\"xl\",\"title_position\":\"top-left\",\"title_rotation\":\"left\",\"vertical_align\":\"middle\",\"width\":\"default\"},\"children\":[{\"type\":\"row\",\"children\":[{\"type\":\"column\",\"props\":{\"image_position\":\"center-center\",\"position_sticky_breakpoint\":\"m\"}}]}]},{\"type\":\"section\",\"props\":{\"image_position\":\"center-center\",\"overlap\":true,\"style\":\"secondary\",\"title_breakpoint\":\"xl\",\"title_position\":\"top-left\",\"title_rotation\":\"left\",\"vertical_align\":\"middle\",\"width\":\"default\"},\"children\":[{\"type\":\"row\",\"children\":[{\"type\":\"column\",\"props\":{\"image_position\":\"center-center\",\"position_sticky_breakpoint\":\"m\"},\"children\":[{\"type\":\"headline\",\"props\":{\"content\":\"HOSPITAL DEL INFIERNO\",\"text_align\":\"center\",\"title_element\":\"h1\",\"title_style\":\"heading-medium\"}},{\"type\":\"text\",\"props\":{\"column_breakpoint\":\"m\",\"content\":\"\n\n<p>...un h\\u00f4pital interactif des ann\\u00e9es 1900, o\\u00f9 le public assiste \\u00e0 une op\\u00e9ration en direct d'un docteur tristement c\\u00e9l\\u00e8bre et se retrouve face \\u00e0 face avec \\\" Archie \\\", un automate macabre qui hurle !<\\\/p>\",\"margin\":\"default\"}},{\"type\":\"gallery\",\"props\":{\"filter_align\":\"left\",\"filter_all\":true,\"filter_grid_breakpoint\":\"m\",\"filter_grid_width\":\"auto\",\"filter_position\":\"top\",\"filter_style\":\"tab\",\"grid_default\":\"1\",\"grid_masonry\":true,\"grid_medium\":\"3\",\"grid_parallax\":\"260\",\"image_width\":\"720\",\"item_animation\":true,\"lightbox\":true,\"link_style\":\"default\",\"link_text\":\"Seulement per les fous\",\"margin\":\"default\",\"meta_align\":\"below-title\",\"meta_element\":\"div\",\"meta_style\":\"text-meta\",\"overlay_hover\":true,\"overlay_link\":true,\"overlay_mode\":\"cover\",\"overlay_position\":\"center\",\"overlay_style\":\"overlay-primary\",\"overlay_transition\":\"fade\",\"overlay_transition_background\":false,\"show_content\":true,\"show_hover_image\":true,\"show_link\":true,\"show_meta\":true,\"show_title\":false,\"text_align\":\"center\",\"text_color\":\"light\",\"title_element\":\"h3\",\"title_hover_style\":\"reset\"},\"children\":[{\"type\":\"gallery_item\",\"props\":{\"image\":\"wp-content\\\/uploads\\\/2023\\\/05\\\/twisted-fairground-hospital-del-infierno-02.jpg\",\"title\":\"twisted-fairground-hospital-del-infierno-02\"}},{\"type\":\"gallery_item\",\"props\":{\"image\":\"wp-content\\\/uploads\\\/2023\\\/05\\\/twisted-fairground-11.png\",\"title\":\"twisted-fairground-11\"}},{\"type\":\"gallery_item\",\"props\":{\"image\":\"wp-content\\\/uploads\\\/2023\\\/05\\\/twisted-fairground-hospital-del-infierno-03.jpg\",\"title\":\"twisted-fairground-hospital-del-infierno-03\"}},{\"type\":\"gallery_item\",\"props\":{\"image\":\"wp-content\\\/uploads\\\/2023\\\/05\\\/twisted-fairground-10.png\",\"title\":\"twisted-fairground-10\"}},{\"type\":\"gallery_item\",\"props\":{\"image\":\"wp-content\\\/uploads\\\/2023\\\/05\\\/twisted-fairground-hospital-del-infierno-04.jpg\",\"title\":\"twisted-fairground-hospital-del-infierno-04\"}},{\"type\":\"gallery_item\",\"props\":{\"image\":\"wp-content\\\/uploads\\\/2023\\\/05\\\/twisted-fairground-hospital-del-infierno-05.jpg\",\"title\":\"twisted-fairground-hospital-del-infierno-05\"}},{\"type\":\"gallery_item\",\"props\":{\"image\":\"wp-content\\\/uploads\\\/2023\\\/05\\\/twisted-fairground-hospital-del-infierno-06.jpg\",\"title\":\"twisted-fairground-hospital-del-infierno-06\"}},{\"type\":\"gallery_item\",\"props\":{\"image\":\"wp-content\\\/uploads\\\/2023\\\/05\\\/twisted-fairground-07.png\",\"title\":\"twisted-fairground-07\"}},{\"type\":\"gallery_item\",\"props\":{\"image\":\"wp-content\\\/uploads\\\/2023\\\/05\\\/twisted-fairground-12.png\",\"title\":\"twisted-fairground-12\"}},{\"type\":\"gallery_item\",\"props\":{\"image\":\"wp-content\\\/uploads\\\/2023\\\/05\\\/twisted-fairground-08.png\",\"title\":\"twisted-fairground-08\"}},{\"type\":\"gallery_item\",\"props\":{\"image\":\"wp-content\\\/uploads\\\/2023\\\/05\\\/twisted-fairground-09.png\",\"title\":\"twisted-fairground-09\"}},{\"type\":\"gallery_item\",\"props\":{\"image\":\"wp-content\\\/uploads\\\/2023\\\/05\\\/twisted-fairground-hospital-del-infierno-01.jpg\",\"title\":\"twisted-fairground-hospital-del-infierno-01\"}}]}]}]}]},{\"type\":\"section\",\"props\":{\"height\":\"section\",\"image\":\"http:\\\/\\\/twistedfairground.com\\\/wp-content\\\/uploads\\\/2023\\\/05\\\/twisted-fairground-hospital-del-infierno-03.jpg\",\"image_effect\":\"parallax\",\"image_parallax_bgy\":\"-120 0%\",\"image_position\":\"top-center\",\"image_size\":\"cover\",\"overlap\":true,\"style\":\"default\",\"title_breakpoint\":\"xl\",\"title_position\":\"top-left\",\"title_rotation\":\"left\",\"vertical_align\":\"middle\",\"width\":\"default\"},\"children\":[{\"type\":\"row\",\"children\":[{\"type\":\"column\",\"props\":{\"image_position\":\"center-center\",\"position_sticky_breakpoint\":\"m\"}}]}]},{\"type\":\"section\",\"props\":{\"image_position\":\"center-center\",\"overlap\":true,\"style\":\"primary\",\"title_breakpoint\":\"xl\",\"title_position\":\"top-left\",\"title_rotation\":\"left\",\"vertical_align\":\"middle\",\"width\":\"default\"},\"children\":[{\"type\":\"row\",\"props\":{\"layout\":\"2-3,1-3\"},\"children\":[{\"type\":\"column\",\"props\":{\"image_position\":\"center-center\",\"position_sticky_breakpoint\":\"m\",\"width_medium\":\"2-3\"},\"children\":[{\"type\":\"headline\",\"props\":{\"content\":\"Hospital del infierno, for madmen only!\",\"title_element\":\"h2\"}}]},{\"type\":\"column\",\"props\":{\"image_position\":\"center-center\",\"position_sticky_breakpoint\":\"m\",\"width_medium\":\"1-3\"},\"children\":[{\"type\":\"button\",\"props\":{\"button_size\":\"large\",\"grid_column_gap\":\"small\",\"grid_row_gap\":\"small\",\"margin\":\"default\",\"text_align\":\"center\"},\"children\":[{\"type\":\"button_item\",\"props\":{\"button_style\":\"default\",\"content\":\"Book Now\",\"icon_align\":\"left\",\"link\":\"fr\\\/bookings\\\/\"}}]}]}]}]}],\"version\":\"4.0.13\"} --><\/p>\n","protected":false},"excerpt":{"rendered":"<p>HOSPITAL DEL INFIERNO &#8230;un h\u00f4pital interactif des ann\u00e9es 1900, o\u00f9 le public assiste \u00e0 une op\u00e9ration en direct d&rsquo;un docteur tristement c\u00e9l\u00e8bre et se retrouve face \u00e0 face avec \u00a0\u00bb Archie \u00ab\u00a0, un automate macabre qui hurle ! twisted-fairground-hospital-del-infierno-02 twisted-fairground-11 twisted-fairground-hospital-del-infierno-03 twisted-fairground-10 twisted-fairground-hospital-del-infierno-04 twisted-fairground-hospital-del-infierno-05 twisted-fairground-hospital-del-infierno-06 twisted-fairground-07 twisted-fairground-12 twisted-fairground-08 twisted-fairground-09 twisted-fairground-hospital-del-infierno-01 Hospital del infierno, for madmen [&hellip;]<\/p>\n","protected":false},"author":1,"featured_media":111,"parent":739,"menu_order":0,"comment_status":"closed","ping_status":"closed","template":"","meta":{"_acf_changed":false,"footnotes":""},"class_list":["post-745","page","type-page","status-publish","has-post-thumbnail","hentry"],"acf":[],"yoast_head":"<!-- This site is optimized with the Yoast SEO plugin v27.0 - https:\/\/yoast.com\/product\/yoast-seo-wordpress\/ -->\n<title>Hospital Del Infierno - Twisted Fairground<\/title>\n<meta name=\"robots\" content=\"index, follow, max-snippet:-1, max-image-preview:large, max-video-preview:-1\" \/>\n<link rel=\"canonical\" href=\"https:\/\/twistedfairground.com\/fr\/spectacles\/les-mysteres-de-l-ecdysis\/hospital-del-infierno\/\" \/>\n<meta property=\"og:locale\" content=\"fr_FR\" \/>\n<meta property=\"og:type\" content=\"article\" \/>\n<meta property=\"og:title\" content=\"Hospital Del Infierno - Twisted Fairground\" \/>\n<meta property=\"og:description\" content=\"HOSPITAL DEL INFIERNO &#8230;un h\u00f4pital interactif des ann\u00e9es 1900, o\u00f9 le public assiste \u00e0 une op\u00e9ration en direct d&rsquo;un docteur tristement c\u00e9l\u00e8bre et se retrouve face \u00e0 face avec \u00a0\u00bb Archie \u00ab\u00a0, un automate macabre qui hurle ! twisted-fairground-hospital-del-infierno-02 twisted-fairground-11 twisted-fairground-hospital-del-infierno-03 twisted-fairground-10 twisted-fairground-hospital-del-infierno-04 twisted-fairground-hospital-del-infierno-05 twisted-fairground-hospital-del-infierno-06 twisted-fairground-07 twisted-fairground-12 twisted-fairground-08 twisted-fairground-09 twisted-fairground-hospital-del-infierno-01 Hospital del infierno, for madmen [&hellip;]\" \/>\n<meta property=\"og:url\" content=\"https:\/\/twistedfairground.com\/fr\/spectacles\/les-mysteres-de-l-ecdysis\/hospital-del-infierno\/\" \/>\n<meta property=\"og:site_name\" content=\"Twisted Fairground\" \/>\n<meta property=\"article:modified_time\" content=\"2023-10-17T20:24:08+00:00\" \/>\n<meta property=\"og:image\" content=\"https:\/\/twistedfairground.com\/wp-content\/uploads\/2023\/04\/hospital-del-infierno-teaser.jpg\" \/>\n\t<meta property=\"og:image:width\" content=\"1080\" \/>\n\t<meta property=\"og:image:height\" content=\"1080\" \/>\n\t<meta property=\"og:image:type\" content=\"image\/jpeg\" \/>\n<meta name=\"twitter:card\" content=\"summary_large_image\" \/>\n<meta name=\"twitter:label1\" content=\"Dur\u00e9e de lecture estim\u00e9e\" \/>\n\t<meta name=\"twitter:data1\" content=\"3 minutes\" \/>\n<script type=\"application\/ld+json\" class=\"yoast-schema-graph\">{\"@context\":\"https:\/\/schema.org\",\"@graph\":[{\"@type\":\"WebPage\",\"@id\":\"https:\/\/twistedfairground.com\/fr\/spectacles\/les-mysteres-de-l-ecdysis\/hospital-del-infierno\/\",\"url\":\"https:\/\/twistedfairground.com\/fr\/spectacles\/les-mysteres-de-l-ecdysis\/hospital-del-infierno\/\",\"name\":\"Hospital Del Infierno - Twisted Fairground\",\"isPartOf\":{\"@id\":\"https:\/\/twistedfairground.com\/fr\/#website\"},\"primaryImageOfPage\":{\"@id\":\"https:\/\/twistedfairground.com\/fr\/spectacles\/les-mysteres-de-l-ecdysis\/hospital-del-infierno\/#primaryimage\"},\"image\":{\"@id\":\"https:\/\/twistedfairground.com\/fr\/spectacles\/les-mysteres-de-l-ecdysis\/hospital-del-infierno\/#primaryimage\"},\"thumbnailUrl\":\"https:\/\/twistedfairground.com\/wp-content\/uploads\/2023\/04\/hospital-del-infierno-teaser.jpg\",\"datePublished\":\"2023-04-19T08:25:52+00:00\",\"dateModified\":\"2023-10-17T20:24:08+00:00\",\"breadcrumb\":{\"@id\":\"https:\/\/twistedfairground.com\/fr\/spectacles\/les-mysteres-de-l-ecdysis\/hospital-del-infierno\/#breadcrumb\"},\"inLanguage\":\"fr-FR\",\"potentialAction\":[{\"@type\":\"ReadAction\",\"target\":[\"https:\/\/twistedfairground.com\/fr\/spectacles\/les-mysteres-de-l-ecdysis\/hospital-del-infierno\/\"]}]},{\"@type\":\"ImageObject\",\"inLanguage\":\"fr-FR\",\"@id\":\"https:\/\/twistedfairground.com\/fr\/spectacles\/les-mysteres-de-l-ecdysis\/hospital-del-infierno\/#primaryimage\",\"url\":\"https:\/\/twistedfairground.com\/wp-content\/uploads\/2023\/04\/hospital-del-infierno-teaser.jpg\",\"contentUrl\":\"https:\/\/twistedfairground.com\/wp-content\/uploads\/2023\/04\/hospital-del-infierno-teaser.jpg\",\"width\":1080,\"height\":1080},{\"@type\":\"BreadcrumbList\",\"@id\":\"https:\/\/twistedfairground.com\/fr\/spectacles\/les-mysteres-de-l-ecdysis\/hospital-del-infierno\/#breadcrumb\",\"itemListElement\":[{\"@type\":\"ListItem\",\"position\":1,\"name\":\"Home\",\"item\":\"https:\/\/twistedfairground.com\/fr\/\"},{\"@type\":\"ListItem\",\"position\":2,\"name\":\"Spectacles\",\"item\":\"https:\/\/twistedfairground.com\/fr\/spectacles\/\"},{\"@type\":\"ListItem\",\"position\":3,\"name\":\"Les myst\u00e8res de l&rsquo;Ecdysis\",\"item\":\"https:\/\/twistedfairground.com\/fr\/spectacles\/les-mysteres-de-l-ecdysis\/\"},{\"@type\":\"ListItem\",\"position\":4,\"name\":\"Hospital Del Infierno\"}]},{\"@type\":\"WebSite\",\"@id\":\"https:\/\/twistedfairground.com\/fr\/#website\",\"url\":\"https:\/\/twistedfairground.com\/fr\/\",\"name\":\"Twisted Fairground\",\"description\":\"Sideshow\",\"potentialAction\":[{\"@type\":\"SearchAction\",\"target\":{\"@type\":\"EntryPoint\",\"urlTemplate\":\"https:\/\/twistedfairground.com\/fr\/?s={search_term_string}\"},\"query-input\":{\"@type\":\"PropertyValueSpecification\",\"valueRequired\":true,\"valueName\":\"search_term_string\"}}],\"inLanguage\":\"fr-FR\"}]}<\/script>\n<!-- \/ Yoast SEO plugin. -->","yoast_head_json":{"title":"Hospital Del Infierno - Twisted Fairground","robots":{"index":"index","follow":"follow","max-snippet":"max-snippet:-1","max-image-preview":"max-image-preview:large","max-video-preview":"max-video-preview:-1"},"canonical":"https:\/\/twistedfairground.com\/fr\/spectacles\/les-mysteres-de-l-ecdysis\/hospital-del-infierno\/","og_locale":"fr_FR","og_type":"article","og_title":"Hospital Del Infierno - Twisted Fairground","og_description":"HOSPITAL DEL INFIERNO &#8230;un h\u00f4pital interactif des ann\u00e9es 1900, o\u00f9 le public assiste \u00e0 une op\u00e9ration en direct d&rsquo;un docteur tristement c\u00e9l\u00e8bre et se retrouve face \u00e0 face avec \u00a0\u00bb Archie \u00ab\u00a0, un automate macabre qui hurle ! twisted-fairground-hospital-del-infierno-02 twisted-fairground-11 twisted-fairground-hospital-del-infierno-03 twisted-fairground-10 twisted-fairground-hospital-del-infierno-04 twisted-fairground-hospital-del-infierno-05 twisted-fairground-hospital-del-infierno-06 twisted-fairground-07 twisted-fairground-12 twisted-fairground-08 twisted-fairground-09 twisted-fairground-hospital-del-infierno-01 Hospital del infierno, for madmen [&hellip;]","og_url":"https:\/\/twistedfairground.com\/fr\/spectacles\/les-mysteres-de-l-ecdysis\/hospital-del-infierno\/","og_site_name":"Twisted Fairground","article_modified_time":"2023-10-17T20:24:08+00:00","og_image":[{"width":1080,"height":1080,"url":"https:\/\/twistedfairground.com\/wp-content\/uploads\/2023\/04\/hospital-del-infierno-teaser.jpg","type":"image\/jpeg"}],"twitter_card":"summary_large_image","twitter_misc":{"Dur\u00e9e de lecture estim\u00e9e":"3 minutes"},"schema":{"@context":"https:\/\/schema.org","@graph":[{"@type":"WebPage","@id":"https:\/\/twistedfairground.com\/fr\/spectacles\/les-mysteres-de-l-ecdysis\/hospital-del-infierno\/","url":"https:\/\/twistedfairground.com\/fr\/spectacles\/les-mysteres-de-l-ecdysis\/hospital-del-infierno\/","name":"Hospital Del Infierno - Twisted Fairground","isPartOf":{"@id":"https:\/\/twistedfairground.com\/fr\/#website"},"primaryImageOfPage":{"@id":"https:\/\/twistedfairground.com\/fr\/spectacles\/les-mysteres-de-l-ecdysis\/hospital-del-infierno\/#primaryimage"},"image":{"@id":"https:\/\/twistedfairground.com\/fr\/spectacles\/les-mysteres-de-l-ecdysis\/hospital-del-infierno\/#primaryimage"},"thumbnailUrl":"https:\/\/twistedfairground.com\/wp-content\/uploads\/2023\/04\/hospital-del-infierno-teaser.jpg","datePublished":"2023-04-19T08:25:52+00:00","dateModified":"2023-10-17T20:24:08+00:00","breadcrumb":{"@id":"https:\/\/twistedfairground.com\/fr\/spectacles\/les-mysteres-de-l-ecdysis\/hospital-del-infierno\/#breadcrumb"},"inLanguage":"fr-FR","potentialAction":[{"@type":"ReadAction","target":["https:\/\/twistedfairground.com\/fr\/spectacles\/les-mysteres-de-l-ecdysis\/hospital-del-infierno\/"]}]},{"@type":"ImageObject","inLanguage":"fr-FR","@id":"https:\/\/twistedfairground.com\/fr\/spectacles\/les-mysteres-de-l-ecdysis\/hospital-del-infierno\/#primaryimage","url":"https:\/\/twistedfairground.com\/wp-content\/uploads\/2023\/04\/hospital-del-infierno-teaser.jpg","contentUrl":"https:\/\/twistedfairground.com\/wp-content\/uploads\/2023\/04\/hospital-del-infierno-teaser.jpg","width":1080,"height":1080},{"@type":"BreadcrumbList","@id":"https:\/\/twistedfairground.com\/fr\/spectacles\/les-mysteres-de-l-ecdysis\/hospital-del-infierno\/#breadcrumb","itemListElement":[{"@type":"ListItem","position":1,"name":"Home","item":"https:\/\/twistedfairground.com\/fr\/"},{"@type":"ListItem","position":2,"name":"Spectacles","item":"https:\/\/twistedfairground.com\/fr\/spectacles\/"},{"@type":"ListItem","position":3,"name":"Les myst\u00e8res de l&rsquo;Ecdysis","item":"https:\/\/twistedfairground.com\/fr\/spectacles\/les-mysteres-de-l-ecdysis\/"},{"@type":"ListItem","position":4,"name":"Hospital Del Infierno"}]},{"@type":"WebSite","@id":"https:\/\/twistedfairground.com\/fr\/#website","url":"https:\/\/twistedfairground.com\/fr\/","name":"Twisted Fairground","description":"Sideshow","potentialAction":[{"@type":"SearchAction","target":{"@type":"EntryPoint","urlTemplate":"https:\/\/twistedfairground.com\/fr\/?s={search_term_string}"},"query-input":{"@type":"PropertyValueSpecification","valueRequired":true,"valueName":"search_term_string"}}],"inLanguage":"fr-FR"}]}},"_links":{"self":[{"href":"https:\/\/twistedfairground.com\/fr\/wp-json\/wp\/v2\/pages\/745","targetHints":{"allow":["GET"]}}],"collection":[{"href":"https:\/\/twistedfairground.com\/fr\/wp-json\/wp\/v2\/pages"}],"about":[{"href":"https:\/\/twistedfairground.com\/fr\/wp-json\/wp\/v2\/types\/page"}],"author":[{"embeddable":true,"href":"https:\/\/twistedfairground.com\/fr\/wp-json\/wp\/v2\/users\/1"}],"replies":[{"embeddable":true,"href":"https:\/\/twistedfairground.com\/fr\/wp-json\/wp\/v2\/comments?post=745"}],"version-history":[{"count":4,"href":"https:\/\/twistedfairground.com\/fr\/wp-json\/wp\/v2\/pages\/745\/revisions"}],"predecessor-version":[{"id":998,"href":"https:\/\/twistedfairground.com\/fr\/wp-json\/wp\/v2\/pages\/745\/revisions\/998"}],"up":[{"embeddable":true,"href":"https:\/\/twistedfairground.com\/fr\/wp-json\/wp\/v2\/pages\/739"}],"wp:featuredmedia":[{"embeddable":true,"href":"https:\/\/twistedfairground.com\/fr\/wp-json\/wp\/v2\/media\/111"}],"wp:attachment":[{"href":"https:\/\/twistedfairground.com\/fr\/wp-json\/wp\/v2\/media?parent=745"}],"curies":[{"name":"wp","href":"https:\/\/api.w.org\/{rel}","templated":true}]}}